{"id":4660,"date":"2023-08-16T07:04:43","date_gmt":"2023-08-16T10:04:43","guid":{"rendered":"https:\/\/shinmuryodojo.com\/?post_type=product&#038;p=4660"},"modified":"2026-01-01T19:53:37","modified_gmt":"2026-01-01T22:53:37","slug":"togakure-ryu-ninjutsu-densho","status":"publish","type":"product","link":"https:\/\/shinmuryodojo.com\/en\/budo-shop\/togakure-ryu-ninjutsu-densho\/","title":{"rendered":"Togakure Ry\u016b Ninjutsu Densh\u014d"},"content":{"rendered":"<p><strong>CONTE\u00daDO<\/strong><\/p>\n<ul>\n<li><strong>NOTIFICA\u00c7\u00c3O<\/strong><\/li>\n<li><strong>INTRODU\u00c7\u00c3O<\/strong><\/li>\n<li><strong>COMO TREINAR<\/strong><\/li>\n<li><strong>REKISHI<\/strong><\/li>\n<li><strong>DENKEI<\/strong><\/li>\n<li><strong>NINP\u014c TAIJUTSU<br \/>\n<\/strong><strong>&#8211; KIHON GATA<br \/>\n<\/strong><strong>&#8211; KAMAE<br \/>\n<\/strong><strong>&#8211; TAIJUTSU UKEMI GATA<br \/>\n<\/strong><strong>&#8211; SHINOBI GAESHI GATA<br \/>\n<\/strong><strong>&#8211; HIDEN GATA<br \/>\n<\/strong><strong>&#8211; SANT\u014c TONK\u014c NO KATA<\/strong><\/li>\n<li><strong>NINJA BIKEN<br \/>\n&#8211; KIHON<br \/>\n&#8211; KAMAE<br \/>\n&#8211; HAPP\u014c BIKEN<br \/>\n&#8211; TE NO UCHI<br \/>\n&#8211; SAGEO NO KATA<br \/>\n<\/strong><\/li>\n<li><strong>TONK\u014c NO JUTSU<br \/>\n&#8211; MOKUTON NO JUTSU<br \/>\n&#8211; KATON NO JUTSU<br \/>\n&#8211; DOTON NO JUTSU<br \/>\n&#8211; KINTON NO JUTSU<br \/>\n&#8211; SUITON NO JUTSU<br \/>\n&#8211; JINTON NO JUTSU<br \/>\n&#8211; KINTON, JUTON, CHUTON, GYOTON NO JUTSU<br \/>\n&#8211; TENTON NO JUTSU<br \/>\n&#8211; ANKOKU T\u014cSHI NO JUTSU<br \/>\n<\/strong><\/li>\n<li><strong>OUTRAS ESCOLAS DE NINJUTSU<\/strong><\/li>\n<li><strong>A ESS\u00caNCIA DO NINJUTSU<\/strong><\/li>\n<\/ul>","protected":false},"excerpt":{"rendered":"<p style=\"text-align: center;\">\n<style type=\"text\/css\" scoped=\"scoped\">\n\t\t\t#button_76.btn-1{border-color: #;}\t\t\t\t\t\t\t\t\n\t\t<\/style>\n<style type=\"text\/css\" scoped=\"scoped\">\n\t\t\t#button_76.btn-1{color: #;}\t\t\t\t\t\n\t\t<\/style>\n<style type=\"text\/css\" scoped=\"scoped\">\n\t\t\t#button_76.btn-1b:hover, #button_76.btn-1b:active{color: # !important;}\n\t\t<\/style>\n<style type=\"text\/css\" scoped=\"scoped\">\n\t\t\t#button_76.btn-1b:hover{border-color: #;}\n\t\t\t#button_76.btn-1b:after{background-color: #;}\t\n\t\t<\/style>\n<div style=\"position: relative; z-index: 1; display:inline-block; vertical-align:top;\"><a id=\"button_76\" href=\"https:\/\/denshoseries.com\/togakure-ryu-ninjutsu-densho-es\/\" class=\"bttn btn-1 btn-1b  small\">ESPA\u00d1OL<\/a><\/div>\n<p><br class=\"nc\" \/><\/p>\n<style type=\"text\/css\" scoped=\"scoped\">\n\t\t\t#button_26.btn-1{border-color: #;}\t\t\t\t\t\t\t\t\n\t\t<\/style>\n<style type=\"text\/css\" scoped=\"scoped\">\n\t\t\t#button_26.btn-1{color: #;}\t\t\t\t\t\n\t\t<\/style>\n<style type=\"text\/css\" scoped=\"scoped\">\n\t\t\t#button_26.btn-1b:hover, #button_26.btn-1b:active{color: # !important;}\n\t\t<\/style>\n<style type=\"text\/css\" scoped=\"scoped\">\n\t\t\t#button_26.btn-1b:hover{border-color: #;}\n\t\t\t#button_26.btn-1b:after{background-color: #;}\t\n\t\t<\/style>\n<div style=\"position: relative; z-index: 1; display:inline-block; vertical-align:top;\"><a id=\"button_26\" href=\"https:\/\/denshoseries.com\/togakure-ryu-ninjutsu-densho-en\/\" class=\"bttn btn-1 btn-1b  small\">ENGLISH<\/a><\/div>\n<\/p>\n<p><span class=\"a-text-bold\">Este livro cont\u00e9m t\u00e9cnicas de\u00a0<\/span><em><span class=\"a-text-bold a-text-italic\">Togakure Ry\u016b Ninjutsu<\/span><\/em><span class=\"a-text-bold\"> descritas passo a passo.<br class=\"nc\" \/><\/span><\/p>\n<p>\u00c9 muito importante ressaltar que este programa n\u00e3o deve ser usado como fonte \u00fanica e exclusiva de estudos, \u00e9 indispens\u00e1vel estar sob a supervis\u00e3o de um instrutor qualificado. A busca pelo aprendizado deve ser incessante nas Artes Marciais da\u00a0<em><span class=\"a-text-italic\">Bujinkan<\/span><\/em>.<\/p>\n<p>Este trabalho possui uma sequ\u00eancia l\u00f3gica, tanto na parte t\u00e9cnica como na parte te\u00f3rica.<\/p>\n<p>Este programa pode e deve ser estudado independentemente da gradua\u00e7\u00e3o do estudante.<\/p>\n<p>Esse livro \u00e9 uma rel\u00edquia de conhecimento ancestral, um tesouro de sabedoria dos\u00a0<span class=\"a-text-italic\">Ninjas<\/span>\u00a0de\u00a0<span class=\"a-text-italic\">Togakure<\/span>\u00a0que revela os segredos das sombras. Entre suas p\u00e1ginas, voc\u00ea encontrar\u00e1 os ensinamentos transmitidos ao longo de s\u00e9culos.<\/p>\n<p>Explore as t\u00e9cnicas de furtividade, estrat\u00e9gia e autodisciplina que forjaram os verdadeiros guerreiros das sombras.<\/p>\n<p>Este livro \u00e9 sua chave do conhecimento dos\u00a0<em><span class=\"a-text-italic\">Ninjas<\/span>\u00a0<\/em>de<em>\u00a0<span class=\"a-text-italic\">Togakure Ry\u016b<\/span><\/em>.<\/p>\n<ul>\n<li>Possui 124 p\u00e1ginas.<\/li>\n<li>Formato: 15cm x 21cm<\/li>\n<\/ul>","protected":false},"featured_media":4670,"comment_status":"open","ping_status":"closed","template":"","meta":[],"product_brand":[],"product_cat":[31],"product_tag":[],"class_list":{"0":"post-4660","1":"product","2":"type-product","3":"status-publish","4":"has-post-thumbnail","6":"product_cat-apostilas","7":"product_shipping_class-livro","9":"first","10":"instock","11":"shipping-taxable","12":"product-type-external"},"yoast_head":"<!-- This site is optimized with the Yoast SEO plugin v27.5 - https:\/\/yoast.com\/product\/yoast-seo-wordpress\/ -->\n<title>Togakure Ry\u016b Ninjutsu Densh\u014d - SHINB\u014c RY\u016a NINJUTSU | SHINMURY\u014c D\u014cJ\u014c<\/title>\n<meta name=\"robots\" content=\"index, follow, max-snippet:-1, max-image-preview:large, max-video-preview:-1\" \/>\n<link rel=\"canonical\" href=\"https:\/\/shinmuryodojo.com\/en\/budo-shop\/togakure-ryu-ninjutsu-densho\/\" \/>\n<meta property=\"og:locale\" content=\"en_US\" \/>\n<meta property=\"og:type\" content=\"article\" \/>\n<meta property=\"og:title\" content=\"Togakure Ry\u016b Ninjutsu Densh\u014d - SHINB\u014c RY\u016a NINJUTSU | SHINMURY\u014c D\u014cJ\u014c\" \/>\n<meta property=\"og:description\" content=\"Este livro cont\u00e9m t\u00e9cnicas de\u00a0Togakure Ry\u016b Ninjutsu descritas passo a passo.  \u00c9 muito importante ressaltar que este programa n\u00e3o deve ser usado como fonte \u00fanica e exclusiva de estudos, \u00e9 indispens\u00e1vel estar sob a supervis\u00e3o de um instrutor qualificado. A busca pelo aprendizado deve ser incessante nas Artes Marciais da\u00a0Bujinkan.  Este trabalho possui uma sequ\u00eancia l\u00f3gica, tanto na parte t\u00e9cnica como na parte te\u00f3rica.  Este programa pode e deve ser estudado independentemente da gradua\u00e7\u00e3o do estudante.  Esse livro \u00e9 uma rel\u00edquia de conhecimento ancestral, um tesouro de sabedoria dos\u00a0Ninjas\u00a0de\u00a0Togakure\u00a0que revela os segredos das sombras. Entre suas p\u00e1ginas, voc\u00ea encontrar\u00e1 os ensinamentos transmitidos ao longo de s\u00e9culos.  Explore as t\u00e9cnicas de furtividade, estrat\u00e9gia e autodisciplina que forjaram os verdadeiros guerreiros das sombras.  Este livro \u00e9 sua chave do conhecimento dos\u00a0Ninjas\u00a0de\u00a0Togakure Ry\u016b.   Possui 124 p\u00e1ginas.  Formato: 15cm x 21cm\" \/>\n<meta property=\"og:url\" content=\"https:\/\/shinmuryodojo.com\/en\/budo-shop\/togakure-ryu-ninjutsu-densho\/\" \/>\n<meta property=\"og:site_name\" content=\"SHINB\u014c RY\u016a NINJUTSU | SHINMURY\u014c D\u014cJ\u014c\" \/>\n<meta property=\"article:publisher\" content=\"https:\/\/www.facebook.com\/BujinkanShinmuryoDojo\" \/>\n<meta property=\"article:modified_time\" content=\"2026-01-01T22:53:37+00:00\" \/>\n<meta property=\"og:image\" content=\"https:\/\/shinmuryodojo.com\/wp-content\/uploads\/2023\/08\/TOGAKURE-RYU-DENSHO-capa.webp\" \/>\n\t<meta property=\"og:image:width\" content=\"708\" \/>\n\t<meta property=\"og:image:height\" content=\"997\" \/>\n\t<meta property=\"og:image:type\" content=\"image\/webp\" \/>\n<meta name=\"twitter:label1\" content=\"Est. reading time\" \/>\n\t<meta name=\"twitter:data1\" content=\"1 minute\" \/>\n<script type=\"application\/ld+json\" class=\"yoast-schema-graph\">{\"@context\":\"https:\\\/\\\/schema.org\",\"@graph\":[{\"@type\":\"WebPage\",\"@id\":\"https:\\\/\\\/shinmuryodojo.com\\\/budo-shop\\\/togakure-ryu-ninjutsu-densho\\\/\",\"url\":\"https:\\\/\\\/shinmuryodojo.com\\\/budo-shop\\\/togakure-ryu-ninjutsu-densho\\\/\",\"name\":\"Togakure Ry\u016b Ninjutsu Densh\u014d - SHINB\u014c RY\u016a NINJUTSU | SHINMURY\u014c D\u014cJ\u014c\",\"isPartOf\":{\"@id\":\"https:\\\/\\\/shinmuryodojo.com\\\/#website\"},\"primaryImageOfPage\":{\"@id\":\"https:\\\/\\\/shinmuryodojo.com\\\/budo-shop\\\/togakure-ryu-ninjutsu-densho\\\/#primaryimage\"},\"image\":{\"@id\":\"https:\\\/\\\/shinmuryodojo.com\\\/budo-shop\\\/togakure-ryu-ninjutsu-densho\\\/#primaryimage\"},\"thumbnailUrl\":\"https:\\\/\\\/shinmuryodojo.com\\\/wp-content\\\/uploads\\\/2023\\\/08\\\/TOGAKURE-RYU-DENSHO-capa.webp\",\"datePublished\":\"2023-08-16T10:04:43+00:00\",\"dateModified\":\"2026-01-01T22:53:37+00:00\",\"breadcrumb\":{\"@id\":\"https:\\\/\\\/shinmuryodojo.com\\\/budo-shop\\\/togakure-ryu-ninjutsu-densho\\\/#breadcrumb\"},\"inLanguage\":\"en-US\",\"potentialAction\":[{\"@type\":\"ReadAction\",\"target\":[\"https:\\\/\\\/shinmuryodojo.com\\\/budo-shop\\\/togakure-ryu-ninjutsu-densho\\\/\"]}]},{\"@type\":\"ImageObject\",\"inLanguage\":\"en-US\",\"@id\":\"https:\\\/\\\/shinmuryodojo.com\\\/budo-shop\\\/togakure-ryu-ninjutsu-densho\\\/#primaryimage\",\"url\":\"https:\\\/\\\/shinmuryodojo.com\\\/wp-content\\\/uploads\\\/2023\\\/08\\\/TOGAKURE-RYU-DENSHO-capa.webp\",\"contentUrl\":\"https:\\\/\\\/shinmuryodojo.com\\\/wp-content\\\/uploads\\\/2023\\\/08\\\/TOGAKURE-RYU-DENSHO-capa.webp\",\"width\":708,\"height\":997},{\"@type\":\"BreadcrumbList\",\"@id\":\"https:\\\/\\\/shinmuryodojo.com\\\/budo-shop\\\/togakure-ryu-ninjutsu-densho\\\/#breadcrumb\",\"itemListElement\":[{\"@type\":\"ListItem\",\"position\":1,\"name\":\"In\u00edcio\",\"item\":\"https:\\\/\\\/shinmuryodojo.com\\\/\"},{\"@type\":\"ListItem\",\"position\":2,\"name\":\"Bud\u014d Shop\",\"item\":\"https:\\\/\\\/shinmuryodojo.com\\\/budo-shop\\\/\"},{\"@type\":\"ListItem\",\"position\":3,\"name\":\"Togakure Ry\u016b Ninjutsu Densh\u014d\"}]},{\"@type\":\"WebSite\",\"@id\":\"https:\\\/\\\/shinmuryodojo.com\\\/#website\",\"url\":\"https:\\\/\\\/shinmuryodojo.com\\\/\",\"name\":\"SHINB\u014c RY\u016a NINJUTSU | SHINMURY\u014c D\u014cJ\u014c\",\"description\":\"SHIHAN GALLENI JUNIOR\",\"potentialAction\":[{\"@type\":\"SearchAction\",\"target\":{\"@type\":\"EntryPoint\",\"urlTemplate\":\"https:\\\/\\\/shinmuryodojo.com\\\/?s={search_term_string}\"},\"query-input\":{\"@type\":\"PropertyValueSpecification\",\"valueRequired\":true,\"valueName\":\"search_term_string\"}}],\"inLanguage\":\"en-US\"}]}<\/script>\n<!-- \/ Yoast SEO plugin. -->","yoast_head_json":{"title":"Togakure Ry\u016b Ninjutsu Densh\u014d - SHINB\u014c RY\u016a NINJUTSU | SHINMURY\u014c D\u014cJ\u014c","robots":{"index":"index","follow":"follow","max-snippet":"max-snippet:-1","max-image-preview":"max-image-preview:large","max-video-preview":"max-video-preview:-1"},"canonical":"https:\/\/shinmuryodojo.com\/en\/budo-shop\/togakure-ryu-ninjutsu-densho\/","og_locale":"en_US","og_type":"article","og_title":"Togakure Ry\u016b Ninjutsu Densh\u014d - SHINB\u014c RY\u016a NINJUTSU | SHINMURY\u014c D\u014cJ\u014c","og_description":"Este livro cont\u00e9m t\u00e9cnicas de\u00a0Togakure Ry\u016b Ninjutsu descritas passo a passo.  \u00c9 muito importante ressaltar que este programa n\u00e3o deve ser usado como fonte \u00fanica e exclusiva de estudos, \u00e9 indispens\u00e1vel estar sob a supervis\u00e3o de um instrutor qualificado. A busca pelo aprendizado deve ser incessante nas Artes Marciais da\u00a0Bujinkan.  Este trabalho possui uma sequ\u00eancia l\u00f3gica, tanto na parte t\u00e9cnica como na parte te\u00f3rica.  Este programa pode e deve ser estudado independentemente da gradua\u00e7\u00e3o do estudante.  Esse livro \u00e9 uma rel\u00edquia de conhecimento ancestral, um tesouro de sabedoria dos\u00a0Ninjas\u00a0de\u00a0Togakure\u00a0que revela os segredos das sombras. Entre suas p\u00e1ginas, voc\u00ea encontrar\u00e1 os ensinamentos transmitidos ao longo de s\u00e9culos.  Explore as t\u00e9cnicas de furtividade, estrat\u00e9gia e autodisciplina que forjaram os verdadeiros guerreiros das sombras.  Este livro \u00e9 sua chave do conhecimento dos\u00a0Ninjas\u00a0de\u00a0Togakure Ry\u016b.   Possui 124 p\u00e1ginas.  Formato: 15cm x 21cm","og_url":"https:\/\/shinmuryodojo.com\/en\/budo-shop\/togakure-ryu-ninjutsu-densho\/","og_site_name":"SHINB\u014c RY\u016a NINJUTSU | SHINMURY\u014c D\u014cJ\u014c","article_publisher":"https:\/\/www.facebook.com\/BujinkanShinmuryoDojo","article_modified_time":"2026-01-01T22:53:37+00:00","og_image":[{"width":708,"height":997,"url":"https:\/\/shinmuryodojo.com\/wp-content\/uploads\/2023\/08\/TOGAKURE-RYU-DENSHO-capa.webp","type":"image\/webp"}],"twitter_misc":{"Est. reading time":"1 minute"},"schema":{"@context":"https:\/\/schema.org","@graph":[{"@type":"WebPage","@id":"https:\/\/shinmuryodojo.com\/budo-shop\/togakure-ryu-ninjutsu-densho\/","url":"https:\/\/shinmuryodojo.com\/budo-shop\/togakure-ryu-ninjutsu-densho\/","name":"Togakure Ry\u016b Ninjutsu Densh\u014d - SHINB\u014c RY\u016a NINJUTSU | SHINMURY\u014c D\u014cJ\u014c","isPartOf":{"@id":"https:\/\/shinmuryodojo.com\/#website"},"primaryImageOfPage":{"@id":"https:\/\/shinmuryodojo.com\/budo-shop\/togakure-ryu-ninjutsu-densho\/#primaryimage"},"image":{"@id":"https:\/\/shinmuryodojo.com\/budo-shop\/togakure-ryu-ninjutsu-densho\/#primaryimage"},"thumbnailUrl":"https:\/\/shinmuryodojo.com\/wp-content\/uploads\/2023\/08\/TOGAKURE-RYU-DENSHO-capa.webp","datePublished":"2023-08-16T10:04:43+00:00","dateModified":"2026-01-01T22:53:37+00:00","breadcrumb":{"@id":"https:\/\/shinmuryodojo.com\/budo-shop\/togakure-ryu-ninjutsu-densho\/#breadcrumb"},"inLanguage":"en-US","potentialAction":[{"@type":"ReadAction","target":["https:\/\/shinmuryodojo.com\/budo-shop\/togakure-ryu-ninjutsu-densho\/"]}]},{"@type":"ImageObject","inLanguage":"en-US","@id":"https:\/\/shinmuryodojo.com\/budo-shop\/togakure-ryu-ninjutsu-densho\/#primaryimage","url":"https:\/\/shinmuryodojo.com\/wp-content\/uploads\/2023\/08\/TOGAKURE-RYU-DENSHO-capa.webp","contentUrl":"https:\/\/shinmuryodojo.com\/wp-content\/uploads\/2023\/08\/TOGAKURE-RYU-DENSHO-capa.webp","width":708,"height":997},{"@type":"BreadcrumbList","@id":"https:\/\/shinmuryodojo.com\/budo-shop\/togakure-ryu-ninjutsu-densho\/#breadcrumb","itemListElement":[{"@type":"ListItem","position":1,"name":"In\u00edcio","item":"https:\/\/shinmuryodojo.com\/"},{"@type":"ListItem","position":2,"name":"Bud\u014d Shop","item":"https:\/\/shinmuryodojo.com\/budo-shop\/"},{"@type":"ListItem","position":3,"name":"Togakure Ry\u016b Ninjutsu Densh\u014d"}]},{"@type":"WebSite","@id":"https:\/\/shinmuryodojo.com\/#website","url":"https:\/\/shinmuryodojo.com\/","name":"SHINB\u014c RY\u016a NINJUTSU | SHINMURY\u014c D\u014cJ\u014c","description":"SHIHAN GALLENI JUNIOR","potentialAction":[{"@type":"SearchAction","target":{"@type":"EntryPoint","urlTemplate":"https:\/\/shinmuryodojo.com\/?s={search_term_string}"},"query-input":{"@type":"PropertyValueSpecification","valueRequired":true,"valueName":"search_term_string"}}],"inLanguage":"en-US"}]}},"_links":{"self":[{"href":"https:\/\/shinmuryodojo.com\/en\/wp-json\/wp\/v2\/product\/4660","targetHints":{"allow":["GET"]}}],"collection":[{"href":"https:\/\/shinmuryodojo.com\/en\/wp-json\/wp\/v2\/product"}],"about":[{"href":"https:\/\/shinmuryodojo.com\/en\/wp-json\/wp\/v2\/types\/product"}],"replies":[{"embeddable":true,"href":"https:\/\/shinmuryodojo.com\/en\/wp-json\/wp\/v2\/comments?post=4660"}],"wp:featuredmedia":[{"embeddable":true,"href":"https:\/\/shinmuryodojo.com\/en\/wp-json\/wp\/v2\/media\/4670"}],"wp:attachment":[{"href":"https:\/\/shinmuryodojo.com\/en\/wp-json\/wp\/v2\/media?parent=4660"}],"wp:term":[{"taxonomy":"product_brand","embeddable":true,"href":"https:\/\/shinmuryodojo.com\/en\/wp-json\/wp\/v2\/product_brand?post=4660"},{"taxonomy":"product_cat","embeddable":true,"href":"https:\/\/shinmuryodojo.com\/en\/wp-json\/wp\/v2\/product_cat?post=4660"},{"taxonomy":"product_tag","embeddable":true,"href":"https:\/\/shinmuryodojo.com\/en\/wp-json\/wp\/v2\/product_tag?post=4660"}],"curies":[{"name":"wp","href":"https:\/\/api.w.org\/{rel}","templated":true}]}}