{"id":4565,"date":"2021-08-30T00:25:40","date_gmt":"2021-08-30T03:25:40","guid":{"rendered":"https:\/\/shinmuryodojo.com\/?post_type=product&#038;p=4565"},"modified":"2026-01-01T19:34:49","modified_gmt":"2026-01-01T22:34:49","slug":"densho-series-plano-aluno-adistancia","status":"publish","type":"product","link":"https:\/\/shinmuryodojo.com\/en\/budo-shop\/densho-series-plano-aluno-adistancia\/","title":{"rendered":"Densh\u014d Series &#8211; Plano Mensal &#8211; Aluno \u00e0 Dist\u00e2ncia"},"content":{"rendered":"","protected":false},"excerpt":{"rendered":"","protected":false},"featured_media":4818,"comment_status":"open","ping_status":"closed","template":"","meta":[],"product_brand":[],"product_cat":[75],"product_tag":[],"class_list":{"0":"post-4565","1":"product","2":"type-product","3":"status-publish","4":"has-post-thumbnail","6":"product_cat-sem-categoria","8":"first","9":"instock","10":"sold-individually","11":"shipping-taxable","12":"product-type-external"},"yoast_head":"<!-- This site is optimized with the Yoast SEO plugin v27.4 - https:\/\/yoast.com\/product\/yoast-seo-wordpress\/ -->\n<title>Densh\u014d Series - Plano Mensal - Aluno \u00e0 Dist\u00e2ncia - SHINB\u014c RY\u016a NINJUTSU | SHINMURY\u014c D\u014cJ\u014c<\/title>\n<meta name=\"robots\" content=\"index, follow, max-snippet:-1, max-image-preview:large, max-video-preview:-1\" \/>\n<link rel=\"canonical\" href=\"https:\/\/shinmuryodojo.com\/en\/budo-shop\/densho-series-plano-aluno-adistancia\/\" \/>\n<meta property=\"og:locale\" content=\"en_US\" \/>\n<meta property=\"og:type\" content=\"article\" \/>\n<meta property=\"og:title\" content=\"Densh\u014d Series - Plano Mensal - Aluno \u00e0 Dist\u00e2ncia - SHINB\u014c RY\u016a NINJUTSU | SHINMURY\u014c D\u014cJ\u014c\" \/>\n<meta property=\"og:url\" content=\"https:\/\/shinmuryodojo.com\/en\/budo-shop\/densho-series-plano-aluno-adistancia\/\" \/>\n<meta property=\"og:site_name\" content=\"SHINB\u014c RY\u016a NINJUTSU | SHINMURY\u014c D\u014cJ\u014c\" \/>\n<meta property=\"article:publisher\" content=\"https:\/\/www.facebook.com\/BujinkanShinmuryoDojo\" \/>\n<meta property=\"article:modified_time\" content=\"2026-01-01T22:34:49+00:00\" \/>\n<meta property=\"og:image\" content=\"https:\/\/shinmuryodojo.com\/wp-content\/uploads\/2021\/08\/Plano-Aluno-Mensal.webp\" \/>\n\t<meta property=\"og:image:width\" content=\"350\" \/>\n\t<meta property=\"og:image:height\" content=\"350\" \/>\n\t<meta property=\"og:image:type\" content=\"image\/webp\" \/>\n<meta name=\"twitter:label1\" content=\"Est. reading time\" \/>\n\t<meta name=\"twitter:data1\" content=\"1 minute\" \/>\n<script type=\"application\/ld+json\" class=\"yoast-schema-graph\">{\"@context\":\"https:\\\/\\\/schema.org\",\"@graph\":[{\"@type\":\"WebPage\",\"@id\":\"https:\\\/\\\/shinmuryodojo.com\\\/budo-shop\\\/densho-series-plano-aluno-adistancia\\\/\",\"url\":\"https:\\\/\\\/shinmuryodojo.com\\\/budo-shop\\\/densho-series-plano-aluno-adistancia\\\/\",\"name\":\"Densh\u014d Series - Plano Mensal - Aluno \u00e0 Dist\u00e2ncia - SHINB\u014c RY\u016a NINJUTSU | SHINMURY\u014c D\u014cJ\u014c\",\"isPartOf\":{\"@id\":\"https:\\\/\\\/shinmuryodojo.com\\\/#website\"},\"primaryImageOfPage\":{\"@id\":\"https:\\\/\\\/shinmuryodojo.com\\\/budo-shop\\\/densho-series-plano-aluno-adistancia\\\/#primaryimage\"},\"image\":{\"@id\":\"https:\\\/\\\/shinmuryodojo.com\\\/budo-shop\\\/densho-series-plano-aluno-adistancia\\\/#primaryimage\"},\"thumbnailUrl\":\"https:\\\/\\\/shinmuryodojo.com\\\/wp-content\\\/uploads\\\/2021\\\/08\\\/Plano-Aluno-Mensal.webp\",\"datePublished\":\"2021-08-30T03:25:40+00:00\",\"dateModified\":\"2026-01-01T22:34:49+00:00\",\"breadcrumb\":{\"@id\":\"https:\\\/\\\/shinmuryodojo.com\\\/budo-shop\\\/densho-series-plano-aluno-adistancia\\\/#breadcrumb\"},\"inLanguage\":\"en-US\",\"potentialAction\":[{\"@type\":\"ReadAction\",\"target\":[\"https:\\\/\\\/shinmuryodojo.com\\\/budo-shop\\\/densho-series-plano-aluno-adistancia\\\/\"]}]},{\"@type\":\"ImageObject\",\"inLanguage\":\"en-US\",\"@id\":\"https:\\\/\\\/shinmuryodojo.com\\\/budo-shop\\\/densho-series-plano-aluno-adistancia\\\/#primaryimage\",\"url\":\"https:\\\/\\\/shinmuryodojo.com\\\/wp-content\\\/uploads\\\/2021\\\/08\\\/Plano-Aluno-Mensal.webp\",\"contentUrl\":\"https:\\\/\\\/shinmuryodojo.com\\\/wp-content\\\/uploads\\\/2021\\\/08\\\/Plano-Aluno-Mensal.webp\",\"width\":350,\"height\":350},{\"@type\":\"BreadcrumbList\",\"@id\":\"https:\\\/\\\/shinmuryodojo.com\\\/budo-shop\\\/densho-series-plano-aluno-adistancia\\\/#breadcrumb\",\"itemListElement\":[{\"@type\":\"ListItem\",\"position\":1,\"name\":\"In\u00edcio\",\"item\":\"https:\\\/\\\/shinmuryodojo.com\\\/\"},{\"@type\":\"ListItem\",\"position\":2,\"name\":\"Bud\u014d Shop\",\"item\":\"https:\\\/\\\/shinmuryodojo.com\\\/budo-shop\\\/\"},{\"@type\":\"ListItem\",\"position\":3,\"name\":\"Densh\u014d Series &#8211; Plano Mensal &#8211; Aluno \u00e0 Dist\u00e2ncia\"}]},{\"@type\":\"WebSite\",\"@id\":\"https:\\\/\\\/shinmuryodojo.com\\\/#website\",\"url\":\"https:\\\/\\\/shinmuryodojo.com\\\/\",\"name\":\"SHINB\u014c RY\u016a NINJUTSU | SHINMURY\u014c D\u014cJ\u014c\",\"description\":\"SHIHAN GALLENI JUNIOR\",\"potentialAction\":[{\"@type\":\"SearchAction\",\"target\":{\"@type\":\"EntryPoint\",\"urlTemplate\":\"https:\\\/\\\/shinmuryodojo.com\\\/?s={search_term_string}\"},\"query-input\":{\"@type\":\"PropertyValueSpecification\",\"valueRequired\":true,\"valueName\":\"search_term_string\"}}],\"inLanguage\":\"en-US\"}]}<\/script>\n<!-- \/ Yoast SEO plugin. -->","yoast_head_json":{"title":"Densh\u014d Series - Plano Mensal - Aluno \u00e0 Dist\u00e2ncia - SHINB\u014c RY\u016a NINJUTSU | SHINMURY\u014c D\u014cJ\u014c","robots":{"index":"index","follow":"follow","max-snippet":"max-snippet:-1","max-image-preview":"max-image-preview:large","max-video-preview":"max-video-preview:-1"},"canonical":"https:\/\/shinmuryodojo.com\/en\/budo-shop\/densho-series-plano-aluno-adistancia\/","og_locale":"en_US","og_type":"article","og_title":"Densh\u014d Series - Plano Mensal - Aluno \u00e0 Dist\u00e2ncia - SHINB\u014c RY\u016a NINJUTSU | SHINMURY\u014c D\u014cJ\u014c","og_url":"https:\/\/shinmuryodojo.com\/en\/budo-shop\/densho-series-plano-aluno-adistancia\/","og_site_name":"SHINB\u014c RY\u016a NINJUTSU | SHINMURY\u014c D\u014cJ\u014c","article_publisher":"https:\/\/www.facebook.com\/BujinkanShinmuryoDojo","article_modified_time":"2026-01-01T22:34:49+00:00","og_image":[{"width":350,"height":350,"url":"https:\/\/shinmuryodojo.com\/wp-content\/uploads\/2021\/08\/Plano-Aluno-Mensal.webp","type":"image\/webp"}],"twitter_misc":{"Est. reading time":"1 minute"},"schema":{"@context":"https:\/\/schema.org","@graph":[{"@type":"WebPage","@id":"https:\/\/shinmuryodojo.com\/budo-shop\/densho-series-plano-aluno-adistancia\/","url":"https:\/\/shinmuryodojo.com\/budo-shop\/densho-series-plano-aluno-adistancia\/","name":"Densh\u014d Series - Plano Mensal - Aluno \u00e0 Dist\u00e2ncia - SHINB\u014c RY\u016a NINJUTSU | SHINMURY\u014c D\u014cJ\u014c","isPartOf":{"@id":"https:\/\/shinmuryodojo.com\/#website"},"primaryImageOfPage":{"@id":"https:\/\/shinmuryodojo.com\/budo-shop\/densho-series-plano-aluno-adistancia\/#primaryimage"},"image":{"@id":"https:\/\/shinmuryodojo.com\/budo-shop\/densho-series-plano-aluno-adistancia\/#primaryimage"},"thumbnailUrl":"https:\/\/shinmuryodojo.com\/wp-content\/uploads\/2021\/08\/Plano-Aluno-Mensal.webp","datePublished":"2021-08-30T03:25:40+00:00","dateModified":"2026-01-01T22:34:49+00:00","breadcrumb":{"@id":"https:\/\/shinmuryodojo.com\/budo-shop\/densho-series-plano-aluno-adistancia\/#breadcrumb"},"inLanguage":"en-US","potentialAction":[{"@type":"ReadAction","target":["https:\/\/shinmuryodojo.com\/budo-shop\/densho-series-plano-aluno-adistancia\/"]}]},{"@type":"ImageObject","inLanguage":"en-US","@id":"https:\/\/shinmuryodojo.com\/budo-shop\/densho-series-plano-aluno-adistancia\/#primaryimage","url":"https:\/\/shinmuryodojo.com\/wp-content\/uploads\/2021\/08\/Plano-Aluno-Mensal.webp","contentUrl":"https:\/\/shinmuryodojo.com\/wp-content\/uploads\/2021\/08\/Plano-Aluno-Mensal.webp","width":350,"height":350},{"@type":"BreadcrumbList","@id":"https:\/\/shinmuryodojo.com\/budo-shop\/densho-series-plano-aluno-adistancia\/#breadcrumb","itemListElement":[{"@type":"ListItem","position":1,"name":"In\u00edcio","item":"https:\/\/shinmuryodojo.com\/"},{"@type":"ListItem","position":2,"name":"Bud\u014d Shop","item":"https:\/\/shinmuryodojo.com\/budo-shop\/"},{"@type":"ListItem","position":3,"name":"Densh\u014d Series &#8211; Plano Mensal &#8211; Aluno \u00e0 Dist\u00e2ncia"}]},{"@type":"WebSite","@id":"https:\/\/shinmuryodojo.com\/#website","url":"https:\/\/shinmuryodojo.com\/","name":"SHINB\u014c RY\u016a NINJUTSU | SHINMURY\u014c D\u014cJ\u014c","description":"SHIHAN GALLENI JUNIOR","potentialAction":[{"@type":"SearchAction","target":{"@type":"EntryPoint","urlTemplate":"https:\/\/shinmuryodojo.com\/?s={search_term_string}"},"query-input":{"@type":"PropertyValueSpecification","valueRequired":true,"valueName":"search_term_string"}}],"inLanguage":"en-US"}]}},"_links":{"self":[{"href":"https:\/\/shinmuryodojo.com\/en\/wp-json\/wp\/v2\/product\/4565","targetHints":{"allow":["GET"]}}],"collection":[{"href":"https:\/\/shinmuryodojo.com\/en\/wp-json\/wp\/v2\/product"}],"about":[{"href":"https:\/\/shinmuryodojo.com\/en\/wp-json\/wp\/v2\/types\/product"}],"replies":[{"embeddable":true,"href":"https:\/\/shinmuryodojo.com\/en\/wp-json\/wp\/v2\/comments?post=4565"}],"wp:featuredmedia":[{"embeddable":true,"href":"https:\/\/shinmuryodojo.com\/en\/wp-json\/wp\/v2\/media\/4818"}],"wp:attachment":[{"href":"https:\/\/shinmuryodojo.com\/en\/wp-json\/wp\/v2\/media?parent=4565"}],"wp:term":[{"taxonomy":"product_brand","embeddable":true,"href":"https:\/\/shinmuryodojo.com\/en\/wp-json\/wp\/v2\/product_brand?post=4565"},{"taxonomy":"product_cat","embeddable":true,"href":"https:\/\/shinmuryodojo.com\/en\/wp-json\/wp\/v2\/product_cat?post=4565"},{"taxonomy":"product_tag","embeddable":true,"href":"https:\/\/shinmuryodojo.com\/en\/wp-json\/wp\/v2\/product_tag?post=4565"}],"curies":[{"name":"wp","href":"https:\/\/api.w.org\/{rel}","templated":true}]}}