{"id":3380,"date":"2019-01-29T21:07:13","date_gmt":"2019-01-29T23:07:13","guid":{"rendered":"https:\/\/shinmuryodojo.com\/?post_type=product&#038;p=3380"},"modified":"2025-07-02T16:52:58","modified_gmt":"2025-07-02T19:52:58","slug":"koto-ryu-koppo-jutsu-densho","status":"publish","type":"product","link":"https:\/\/shinmuryodojo.com\/en\/budo-shop\/koto-ryu-koppo-jutsu-densho\/","title":{"rendered":"Kot\u014d Ry\u016b Kopp\u014d Jutsu Densh\u014d"},"content":{"rendered":"<p><strong>CONTE\u00daDO<\/strong><\/p>\n<ul>\n<li><strong>NOTIFICA\u00c7\u00c3O<\/strong><\/li>\n<li><strong>INTRODU\u00c7\u00c3O<\/strong><\/li>\n<li><strong>COMO TREINAR<\/strong><\/li>\n<li><strong>REKISHI<\/strong><\/li>\n<li><strong>DENKEI<\/strong><\/li>\n<li><strong>KY\u016aSHO<\/strong><\/li>\n<li><strong>ATEMI<\/strong><\/li>\n<li><strong>GO H\u014c NO KURAI DORI<\/strong><\/li>\n<li><strong>MOTO GATA<\/strong><\/li>\n<li><strong>SHODEN GATA<\/strong><\/li>\n<li><strong>CH\u016aDEN GATA<\/strong><\/li>\n<li><strong>OKUDEN GATA<\/strong><\/li>\n<li><strong>HEKIT\u014c GATA<\/strong><\/li>\n<li><strong>KAIDEN GATA<\/strong><\/li>\n<\/ul>","protected":false},"excerpt":{"rendered":"<p>Esta apostila cont\u00e9m t\u00e9cnicas de <em>Kot<span class=\"_5yl5\">\u014d<\/span> Ry\u016b Kopp<span class=\"_5yl5\">\u014d<\/span> Jutsu<\/em>\u00a0descritas passo a passo.<\/p>\n<p>\u00c9 muito importante ressaltar que este programa n\u00e3o deve ser usado como fonte \u00fanica e exclusiva de estudos, \u00e9 indispens\u00e1vel estar sob a supervis\u00e3o de um instrutor qualificado. A busca pelo aprendizado deve ser incessante nas Artes Marciais da <em style=\"font-size: 1rem;\">Bujinkan<\/em><span style=\"font-size: 1rem;\">.<\/span><\/p>\n<p>Este trabalho possui uma sequ\u00eancia l\u00f3gica, tanto na parte t\u00e9cnica como na parte te\u00f3rica.<\/p>\n<p>Este programa pode e deve ser estudado independentemente do <em>Ky\u016b<\/em>\u00a0do estudante.<\/p>\n<ul>\n<li>Possui 60 p\u00e1ginas.<\/li>\n<li>Formato: 15cm x 21cm<\/li>\n<\/ul>","protected":false},"featured_media":4582,"comment_status":"open","ping_status":"closed","template":"","meta":[],"product_brand":[],"product_cat":[31],"product_tag":[],"class_list":{"0":"post-3380","1":"product","2":"type-product","3":"status-publish","4":"has-post-thumbnail","6":"product_cat-apostilas","7":"product_shipping_class-livro","9":"first","10":"instock","11":"shipping-taxable","12":"product-type-external"},"yoast_head":"<!-- This site is optimized with the Yoast SEO plugin v27.5 - https:\/\/yoast.com\/product\/yoast-seo-wordpress\/ -->\n<title>Kot\u014d Ry\u016b Kopp\u014d Jutsu Densh\u014d - SHINB\u014c RY\u016a NINJUTSU | SHINMURY\u014c D\u014cJ\u014c<\/title>\n<meta name=\"robots\" content=\"index, follow, max-snippet:-1, max-image-preview:large, max-video-preview:-1\" \/>\n<link rel=\"canonical\" href=\"https:\/\/shinmuryodojo.com\/en\/budo-shop\/koto-ryu-koppo-jutsu-densho\/\" \/>\n<meta property=\"og:locale\" content=\"en_US\" \/>\n<meta property=\"og:type\" content=\"article\" \/>\n<meta property=\"og:title\" content=\"Kot\u014d Ry\u016b Kopp\u014d Jutsu Densh\u014d - SHINB\u014c RY\u016a NINJUTSU | SHINMURY\u014c D\u014cJ\u014c\" \/>\n<meta property=\"og:description\" content=\"Esta apostila cont\u00e9m t\u00e9cnicas de Kot\u014d Ry\u016b Kopp\u014d Jutsu\u00a0descritas passo a passo.  \u00c9 muito importante ressaltar que este programa n\u00e3o deve ser usado como fonte \u00fanica e exclusiva de estudos, \u00e9 indispens\u00e1vel estar sob a supervis\u00e3o de um instrutor qualificado. A busca pelo aprendizado deve ser incessante nas Artes Marciais da Bujinkan.  Este trabalho possui uma sequ\u00eancia l\u00f3gica, tanto na parte t\u00e9cnica como na parte te\u00f3rica.  Este programa pode e deve ser estudado independentemente do Ky\u016b\u00a0do estudante.   Possui 60 p\u00e1ginas.  Formato: 15cm x 21cm\" \/>\n<meta property=\"og:url\" content=\"https:\/\/shinmuryodojo.com\/en\/budo-shop\/koto-ryu-koppo-jutsu-densho\/\" \/>\n<meta property=\"og:site_name\" content=\"SHINB\u014c RY\u016a NINJUTSU | SHINMURY\u014c D\u014cJ\u014c\" \/>\n<meta property=\"article:publisher\" content=\"https:\/\/www.facebook.com\/BujinkanShinmuryoDojo\" \/>\n<meta property=\"article:modified_time\" content=\"2025-07-02T19:52:58+00:00\" \/>\n<meta property=\"og:image\" content=\"https:\/\/shinmuryodojo.com\/wp-content\/uploads\/2019\/01\/KOTO-RYU-DENSHO-capa.jpg\" \/>\n\t<meta property=\"og:image:width\" content=\"708\" \/>\n\t<meta property=\"og:image:height\" content=\"997\" \/>\n\t<meta property=\"og:image:type\" content=\"image\/jpeg\" \/>\n<meta name=\"twitter:label1\" content=\"Est. reading time\" \/>\n\t<meta name=\"twitter:data1\" content=\"1 minute\" \/>\n<script type=\"application\/ld+json\" class=\"yoast-schema-graph\">{\"@context\":\"https:\\\/\\\/schema.org\",\"@graph\":[{\"@type\":\"WebPage\",\"@id\":\"https:\\\/\\\/shinmuryodojo.com\\\/budo-shop\\\/koto-ryu-koppo-jutsu-densho\\\/\",\"url\":\"https:\\\/\\\/shinmuryodojo.com\\\/budo-shop\\\/koto-ryu-koppo-jutsu-densho\\\/\",\"name\":\"Kot\u014d Ry\u016b Kopp\u014d Jutsu Densh\u014d - SHINB\u014c RY\u016a NINJUTSU | SHINMURY\u014c D\u014cJ\u014c\",\"isPartOf\":{\"@id\":\"https:\\\/\\\/shinmuryodojo.com\\\/#website\"},\"primaryImageOfPage\":{\"@id\":\"https:\\\/\\\/shinmuryodojo.com\\\/budo-shop\\\/koto-ryu-koppo-jutsu-densho\\\/#primaryimage\"},\"image\":{\"@id\":\"https:\\\/\\\/shinmuryodojo.com\\\/budo-shop\\\/koto-ryu-koppo-jutsu-densho\\\/#primaryimage\"},\"thumbnailUrl\":\"https:\\\/\\\/shinmuryodojo.com\\\/wp-content\\\/uploads\\\/2019\\\/01\\\/KOTO-RYU-DENSHO-capa.jpg\",\"datePublished\":\"2019-01-29T23:07:13+00:00\",\"dateModified\":\"2025-07-02T19:52:58+00:00\",\"breadcrumb\":{\"@id\":\"https:\\\/\\\/shinmuryodojo.com\\\/budo-shop\\\/koto-ryu-koppo-jutsu-densho\\\/#breadcrumb\"},\"inLanguage\":\"en-US\",\"potentialAction\":[{\"@type\":\"ReadAction\",\"target\":[\"https:\\\/\\\/shinmuryodojo.com\\\/budo-shop\\\/koto-ryu-koppo-jutsu-densho\\\/\"]}]},{\"@type\":\"ImageObject\",\"inLanguage\":\"en-US\",\"@id\":\"https:\\\/\\\/shinmuryodojo.com\\\/budo-shop\\\/koto-ryu-koppo-jutsu-densho\\\/#primaryimage\",\"url\":\"https:\\\/\\\/shinmuryodojo.com\\\/wp-content\\\/uploads\\\/2019\\\/01\\\/KOTO-RYU-DENSHO-capa.jpg\",\"contentUrl\":\"https:\\\/\\\/shinmuryodojo.com\\\/wp-content\\\/uploads\\\/2019\\\/01\\\/KOTO-RYU-DENSHO-capa.jpg\",\"width\":708,\"height\":997},{\"@type\":\"BreadcrumbList\",\"@id\":\"https:\\\/\\\/shinmuryodojo.com\\\/budo-shop\\\/koto-ryu-koppo-jutsu-densho\\\/#breadcrumb\",\"itemListElement\":[{\"@type\":\"ListItem\",\"position\":1,\"name\":\"In\u00edcio\",\"item\":\"https:\\\/\\\/shinmuryodojo.com\\\/\"},{\"@type\":\"ListItem\",\"position\":2,\"name\":\"Bud\u014d Shop\",\"item\":\"https:\\\/\\\/shinmuryodojo.com\\\/budo-shop\\\/\"},{\"@type\":\"ListItem\",\"position\":3,\"name\":\"Kot\u014d Ry\u016b Kopp\u014d Jutsu Densh\u014d\"}]},{\"@type\":\"WebSite\",\"@id\":\"https:\\\/\\\/shinmuryodojo.com\\\/#website\",\"url\":\"https:\\\/\\\/shinmuryodojo.com\\\/\",\"name\":\"SHINB\u014c RY\u016a NINJUTSU | SHINMURY\u014c D\u014cJ\u014c\",\"description\":\"SHIHAN GALLENI JUNIOR\",\"potentialAction\":[{\"@type\":\"SearchAction\",\"target\":{\"@type\":\"EntryPoint\",\"urlTemplate\":\"https:\\\/\\\/shinmuryodojo.com\\\/?s={search_term_string}\"},\"query-input\":{\"@type\":\"PropertyValueSpecification\",\"valueRequired\":true,\"valueName\":\"search_term_string\"}}],\"inLanguage\":\"en-US\"}]}<\/script>\n<!-- \/ Yoast SEO plugin. -->","yoast_head_json":{"title":"Kot\u014d Ry\u016b Kopp\u014d Jutsu Densh\u014d - SHINB\u014c RY\u016a NINJUTSU | SHINMURY\u014c D\u014cJ\u014c","robots":{"index":"index","follow":"follow","max-snippet":"max-snippet:-1","max-image-preview":"max-image-preview:large","max-video-preview":"max-video-preview:-1"},"canonical":"https:\/\/shinmuryodojo.com\/en\/budo-shop\/koto-ryu-koppo-jutsu-densho\/","og_locale":"en_US","og_type":"article","og_title":"Kot\u014d Ry\u016b Kopp\u014d Jutsu Densh\u014d - SHINB\u014c RY\u016a NINJUTSU | SHINMURY\u014c D\u014cJ\u014c","og_description":"Esta apostila cont\u00e9m t\u00e9cnicas de Kot\u014d Ry\u016b Kopp\u014d Jutsu\u00a0descritas passo a passo.  \u00c9 muito importante ressaltar que este programa n\u00e3o deve ser usado como fonte \u00fanica e exclusiva de estudos, \u00e9 indispens\u00e1vel estar sob a supervis\u00e3o de um instrutor qualificado. A busca pelo aprendizado deve ser incessante nas Artes Marciais da Bujinkan.  Este trabalho possui uma sequ\u00eancia l\u00f3gica, tanto na parte t\u00e9cnica como na parte te\u00f3rica.  Este programa pode e deve ser estudado independentemente do Ky\u016b\u00a0do estudante.   Possui 60 p\u00e1ginas.  Formato: 15cm x 21cm","og_url":"https:\/\/shinmuryodojo.com\/en\/budo-shop\/koto-ryu-koppo-jutsu-densho\/","og_site_name":"SHINB\u014c RY\u016a NINJUTSU | SHINMURY\u014c D\u014cJ\u014c","article_publisher":"https:\/\/www.facebook.com\/BujinkanShinmuryoDojo","article_modified_time":"2025-07-02T19:52:58+00:00","og_image":[{"width":708,"height":997,"url":"https:\/\/shinmuryodojo.com\/wp-content\/uploads\/2019\/01\/KOTO-RYU-DENSHO-capa.jpg","type":"image\/jpeg"}],"twitter_misc":{"Est. reading time":"1 minute"},"schema":{"@context":"https:\/\/schema.org","@graph":[{"@type":"WebPage","@id":"https:\/\/shinmuryodojo.com\/budo-shop\/koto-ryu-koppo-jutsu-densho\/","url":"https:\/\/shinmuryodojo.com\/budo-shop\/koto-ryu-koppo-jutsu-densho\/","name":"Kot\u014d Ry\u016b Kopp\u014d Jutsu Densh\u014d - SHINB\u014c RY\u016a NINJUTSU | SHINMURY\u014c D\u014cJ\u014c","isPartOf":{"@id":"https:\/\/shinmuryodojo.com\/#website"},"primaryImageOfPage":{"@id":"https:\/\/shinmuryodojo.com\/budo-shop\/koto-ryu-koppo-jutsu-densho\/#primaryimage"},"image":{"@id":"https:\/\/shinmuryodojo.com\/budo-shop\/koto-ryu-koppo-jutsu-densho\/#primaryimage"},"thumbnailUrl":"https:\/\/shinmuryodojo.com\/wp-content\/uploads\/2019\/01\/KOTO-RYU-DENSHO-capa.jpg","datePublished":"2019-01-29T23:07:13+00:00","dateModified":"2025-07-02T19:52:58+00:00","breadcrumb":{"@id":"https:\/\/shinmuryodojo.com\/budo-shop\/koto-ryu-koppo-jutsu-densho\/#breadcrumb"},"inLanguage":"en-US","potentialAction":[{"@type":"ReadAction","target":["https:\/\/shinmuryodojo.com\/budo-shop\/koto-ryu-koppo-jutsu-densho\/"]}]},{"@type":"ImageObject","inLanguage":"en-US","@id":"https:\/\/shinmuryodojo.com\/budo-shop\/koto-ryu-koppo-jutsu-densho\/#primaryimage","url":"https:\/\/shinmuryodojo.com\/wp-content\/uploads\/2019\/01\/KOTO-RYU-DENSHO-capa.jpg","contentUrl":"https:\/\/shinmuryodojo.com\/wp-content\/uploads\/2019\/01\/KOTO-RYU-DENSHO-capa.jpg","width":708,"height":997},{"@type":"BreadcrumbList","@id":"https:\/\/shinmuryodojo.com\/budo-shop\/koto-ryu-koppo-jutsu-densho\/#breadcrumb","itemListElement":[{"@type":"ListItem","position":1,"name":"In\u00edcio","item":"https:\/\/shinmuryodojo.com\/"},{"@type":"ListItem","position":2,"name":"Bud\u014d Shop","item":"https:\/\/shinmuryodojo.com\/budo-shop\/"},{"@type":"ListItem","position":3,"name":"Kot\u014d Ry\u016b Kopp\u014d Jutsu Densh\u014d"}]},{"@type":"WebSite","@id":"https:\/\/shinmuryodojo.com\/#website","url":"https:\/\/shinmuryodojo.com\/","name":"SHINB\u014c RY\u016a NINJUTSU | SHINMURY\u014c D\u014cJ\u014c","description":"SHIHAN GALLENI JUNIOR","potentialAction":[{"@type":"SearchAction","target":{"@type":"EntryPoint","urlTemplate":"https:\/\/shinmuryodojo.com\/?s={search_term_string}"},"query-input":{"@type":"PropertyValueSpecification","valueRequired":true,"valueName":"search_term_string"}}],"inLanguage":"en-US"}]}},"_links":{"self":[{"href":"https:\/\/shinmuryodojo.com\/en\/wp-json\/wp\/v2\/product\/3380","targetHints":{"allow":["GET"]}}],"collection":[{"href":"https:\/\/shinmuryodojo.com\/en\/wp-json\/wp\/v2\/product"}],"about":[{"href":"https:\/\/shinmuryodojo.com\/en\/wp-json\/wp\/v2\/types\/product"}],"replies":[{"embeddable":true,"href":"https:\/\/shinmuryodojo.com\/en\/wp-json\/wp\/v2\/comments?post=3380"}],"wp:featuredmedia":[{"embeddable":true,"href":"https:\/\/shinmuryodojo.com\/en\/wp-json\/wp\/v2\/media\/4582"}],"wp:attachment":[{"href":"https:\/\/shinmuryodojo.com\/en\/wp-json\/wp\/v2\/media?parent=3380"}],"wp:term":[{"taxonomy":"product_brand","embeddable":true,"href":"https:\/\/shinmuryodojo.com\/en\/wp-json\/wp\/v2\/product_brand?post=3380"},{"taxonomy":"product_cat","embeddable":true,"href":"https:\/\/shinmuryodojo.com\/en\/wp-json\/wp\/v2\/product_cat?post=3380"},{"taxonomy":"product_tag","embeddable":true,"href":"https:\/\/shinmuryodojo.com\/en\/wp-json\/wp\/v2\/product_tag?post=3380"}],"curies":[{"name":"wp","href":"https:\/\/api.w.org\/{rel}","templated":true}]}}