{"id":2679,"date":"2017-09-29T06:53:08","date_gmt":"2017-09-29T09:53:08","guid":{"rendered":"https:\/\/shinmuryodojo.com\/?post_type=product&#038;p=2679"},"modified":"2026-01-01T19:52:43","modified_gmt":"2026-01-01T22:52:43","slug":"densho-9o-ao-1o-kyu","status":"publish","type":"product","link":"https:\/\/shinmuryodojo.com\/en\/budo-shop\/densho-9o-ao-1o-kyu\/","title":{"rendered":"Ky\u016b Densh\u014d"},"content":{"rendered":"<p><strong>CONTE\u00daDO<\/strong><\/p>\n<ul>\n<li><strong>Introdu\u00e7\u00e3o<\/strong><\/li>\n<li><strong>O que \u00e9 a Bujinkan?<\/strong><\/li>\n<li><strong>Regras de Participa\u00e7\u00e3o da Bujinkan<\/strong><\/li>\n<li><strong>As 9 Escolas<\/strong><\/li>\n<li><strong>Informa\u00e7\u00e3o Hist\u00f3rica<\/strong><\/li>\n<li><strong>Toshitsugu Takamatsu<\/strong><\/li>\n<li><strong>Masaaki Hatsumi<\/strong><\/li>\n<li><strong>Gera\u00e7\u00f5es Herdadas por Hatsumi<\/strong><\/li>\n<li><strong>Galleni Junior<\/strong><\/li>\n<li><strong>Denkei (Linhagem das 9 Escolas)<\/strong><\/li>\n<li><strong>\u00c1rvore Geneal\u00f3gica<\/strong><\/li>\n<li><strong>Happ\u014d Hiken Jutsu<\/strong><\/li>\n<li><strong>Sanshin No Kata<\/strong><\/li>\n<li><strong>Riron (Teoria)<\/strong><\/li>\n<li><strong>Ninja-T\u014d<\/strong><\/li>\n<li><strong>Sakki Test<\/strong><\/li>\n<li><strong>Biken Jutsu \/ Ken Jutsu<\/strong><\/li>\n<li><strong>Hanb\u014d Jutsu \/ B\u014d Jutsu<\/strong><\/li>\n<li><strong>Henka<\/strong><\/li>\n<li><strong>Motiva\u00e7\u00e3o \/ Entusiasmo<\/strong><\/li>\n<li><strong>Shintai No Bubun<\/strong><\/li>\n<li><strong>Sistema de Gradua\u00e7\u00e3o<\/strong><\/li>\n<li><strong>Rei (Sauda\u00e7\u00e3o)<\/strong><\/li>\n<li><strong>O que significa Shikin Haramitsu Daik\u014dmi\u014d<\/strong><\/li>\n<li><strong>Ken Waza<\/strong><\/li>\n<li><strong>Ky\u016bsho<\/strong><\/li>\n<li><strong>J\u016bnan Tais\u014d<\/strong><\/li>\n<li><strong>9\u00ba Ky\u016b<\/strong><\/li>\n<li><strong>8\u00ba Ky\u016b<\/strong><\/li>\n<li><strong>7\u00ba Ky\u016b<\/strong><\/li>\n<li><strong>6\u00ba Ky\u016b<\/strong><\/li>\n<li><strong>5\u00ba Ky\u016b<\/strong><\/li>\n<li><strong>4\u00ba Ky\u016b<\/strong><\/li>\n<li><strong>3\u00ba Ky\u016b<\/strong><\/li>\n<li><strong>2\u00ba Ky\u016b<\/strong><\/li>\n<li><strong>1\u00ba Ky\u016b<\/strong><\/li>\n<li><strong>N\u00fameros em Japon\u00eas<\/strong><\/li>\n<li><strong>Refinamento Espiritual<\/strong><\/li>\n<li><strong>Kamiza e seus Elementos<\/strong><\/li>\n<li><strong>Dicion\u00e1rio<\/strong><\/li>\n<\/ul>","protected":false},"excerpt":{"rendered":"<p>Programa\u00e7\u00e3o de estudos do <em>Shinmury\u014d D\u014dj\u014d<\/em>, com t\u00e9cnicas de 9\u00ba a 1\u00ba <em>Ky\u016b<\/em> descritas passo a passo e possui algumas ilustra\u00e7\u00f5es.<\/p>\n<p>Possui v\u00e1rias informa\u00e7\u00f5es complementares sobre a arte, de maneira que o praticante possa encontrar muitas respostas para suas d\u00favidas.<\/p>\n<p>Este programa de estudos est\u00e1 composto por 9 <em>Ky\u016b\u00b4s<\/em> (N\u00edveis).<\/p>\n<p>Tamb\u00e9m podemos encontrar caracter\u00edsticas de <em>Ten Chi Jin Ryaku No Maki<\/em>.<\/p>\n<p>\u00c9 muito importante ressaltar que este programa n\u00e3o deve ser usado como fonte \u00fanica e exclusiva de estudos, \u00e9 indispens\u00e1vel estar sob a supervis\u00e3o de um instrutor qualificado. A busca pelo aprendizado deve ser incessante nas Artes Marciais da <em>Bujinkan<\/em>.<\/p>\n<p>Este trabalho possui uma sequ\u00eancia l\u00f3gica, tanto na parte t\u00e9cnica como na parte te\u00f3rica.<\/p>\n<p>Este programa pode e deve ser estudado independentemente do <em>Ky\u016b<\/em> do estudante.<\/p>\n<ul>\n<li>Possui 144 p\u00e1ginas.<\/li>\n<li>Formato: 15cm x 21cm<\/li>\n<\/ul>\n<p><strong>REVIS\u00d5ES E ERRATAS<\/strong><\/p>\n<p>O material podem incluir erros t\u00e9cnicos ou tipogr\u00e1ficos. Podendo assim, serem feitas altera\u00e7\u00f5es e melhorias a qualquer momento, sem aviso pr\u00e9vio.<\/p>","protected":false},"featured_media":4580,"comment_status":"open","ping_status":"closed","template":"","meta":[],"product_brand":[],"product_cat":[31],"product_tag":[],"class_list":{"0":"post-2679","1":"product","2":"type-product","3":"status-publish","4":"has-post-thumbnail","6":"product_cat-apostilas","7":"product_shipping_class-livro","9":"first","10":"instock","11":"shipping-taxable","12":"product-type-external"},"yoast_head":"<!-- This site is optimized with the Yoast SEO plugin v27.6 - https:\/\/yoast.com\/product\/yoast-seo-wordpress\/ -->\n<title>Ky\u016b Densh\u014d - SHINB\u014c RY\u016a NINJUTSU | SHINMURY\u014c D\u014cJ\u014c<\/title>\n<meta name=\"robots\" content=\"index, follow, max-snippet:-1, max-image-preview:large, max-video-preview:-1\" \/>\n<link rel=\"canonical\" href=\"https:\/\/shinmuryodojo.com\/en\/budo-shop\/densho-9o-ao-1o-kyu\/\" \/>\n<meta property=\"og:locale\" content=\"en_US\" \/>\n<meta property=\"og:type\" content=\"article\" \/>\n<meta property=\"og:title\" content=\"Ky\u016b Densh\u014d - SHINB\u014c RY\u016a NINJUTSU | SHINMURY\u014c D\u014cJ\u014c\" \/>\n<meta property=\"og:description\" content=\"Programa\u00e7\u00e3o de estudos do Shinmury\u014d D\u014dj\u014d, com t\u00e9cnicas de 9\u00ba a 1\u00ba Ky\u016b descritas passo a passo e possui algumas ilustra\u00e7\u00f5es.  Possui v\u00e1rias informa\u00e7\u00f5es complementares sobre a arte, de maneira que o praticante possa encontrar muitas respostas para suas d\u00favidas.  Este programa de estudos est\u00e1 composto por 9 Ky\u016b\u00b4s (N\u00edveis).  Tamb\u00e9m podemos encontrar caracter\u00edsticas de Ten Chi Jin Ryaku No Maki.  \u00c9 muito importante ressaltar que este programa n\u00e3o deve ser usado como fonte \u00fanica e exclusiva de estudos, \u00e9 indispens\u00e1vel estar sob a supervis\u00e3o de um instrutor qualificado. A busca pelo aprendizado deve ser incessante nas Artes Marciais da Bujinkan.  Este trabalho possui uma sequ\u00eancia l\u00f3gica, tanto na parte t\u00e9cnica como na parte te\u00f3rica.  Este programa pode e deve ser estudado independentemente do Ky\u016b do estudante.   Possui 144 p\u00e1ginas.  Formato: 15cm x 21cm  REVIS\u00d5ES E ERRATAS  O material podem incluir erros t\u00e9cnicos ou tipogr\u00e1ficos. Podendo assim, serem feitas altera\u00e7\u00f5es e melhorias a qualquer momento, sem aviso pr\u00e9vio.\" \/>\n<meta property=\"og:url\" content=\"https:\/\/shinmuryodojo.com\/en\/budo-shop\/densho-9o-ao-1o-kyu\/\" \/>\n<meta property=\"og:site_name\" content=\"SHINB\u014c RY\u016a NINJUTSU | SHINMURY\u014c D\u014cJ\u014c\" \/>\n<meta property=\"article:publisher\" content=\"https:\/\/www.facebook.com\/BujinkanShinmuryoDojo\" \/>\n<meta property=\"article:modified_time\" content=\"2026-01-01T22:52:43+00:00\" \/>\n<meta property=\"og:image\" content=\"https:\/\/shinmuryodojo.com\/wp-content\/uploads\/2017\/09\/KYU-DENSHO-capa.jpg\" \/>\n\t<meta property=\"og:image:width\" content=\"708\" \/>\n\t<meta property=\"og:image:height\" content=\"997\" \/>\n\t<meta property=\"og:image:type\" content=\"image\/jpeg\" \/>\n<meta name=\"twitter:label1\" content=\"Est. reading time\" \/>\n\t<meta name=\"twitter:data1\" content=\"1 minute\" \/>\n<script type=\"application\/ld+json\" class=\"yoast-schema-graph\">{\"@context\":\"https:\\\/\\\/schema.org\",\"@graph\":[{\"@type\":\"WebPage\",\"@id\":\"https:\\\/\\\/shinmuryodojo.com\\\/budo-shop\\\/densho-9o-ao-1o-kyu\\\/\",\"url\":\"https:\\\/\\\/shinmuryodojo.com\\\/budo-shop\\\/densho-9o-ao-1o-kyu\\\/\",\"name\":\"Ky\u016b Densh\u014d - SHINB\u014c RY\u016a NINJUTSU | SHINMURY\u014c D\u014cJ\u014c\",\"isPartOf\":{\"@id\":\"https:\\\/\\\/shinmuryodojo.com\\\/#website\"},\"primaryImageOfPage\":{\"@id\":\"https:\\\/\\\/shinmuryodojo.com\\\/budo-shop\\\/densho-9o-ao-1o-kyu\\\/#primaryimage\"},\"image\":{\"@id\":\"https:\\\/\\\/shinmuryodojo.com\\\/budo-shop\\\/densho-9o-ao-1o-kyu\\\/#primaryimage\"},\"thumbnailUrl\":\"https:\\\/\\\/shinmuryodojo.com\\\/wp-content\\\/uploads\\\/2017\\\/09\\\/KYU-DENSHO-capa.jpg\",\"datePublished\":\"2017-09-29T09:53:08+00:00\",\"dateModified\":\"2026-01-01T22:52:43+00:00\",\"breadcrumb\":{\"@id\":\"https:\\\/\\\/shinmuryodojo.com\\\/budo-shop\\\/densho-9o-ao-1o-kyu\\\/#breadcrumb\"},\"inLanguage\":\"en-US\",\"potentialAction\":[{\"@type\":\"ReadAction\",\"target\":[\"https:\\\/\\\/shinmuryodojo.com\\\/budo-shop\\\/densho-9o-ao-1o-kyu\\\/\"]}]},{\"@type\":\"ImageObject\",\"inLanguage\":\"en-US\",\"@id\":\"https:\\\/\\\/shinmuryodojo.com\\\/budo-shop\\\/densho-9o-ao-1o-kyu\\\/#primaryimage\",\"url\":\"https:\\\/\\\/shinmuryodojo.com\\\/wp-content\\\/uploads\\\/2017\\\/09\\\/KYU-DENSHO-capa.jpg\",\"contentUrl\":\"https:\\\/\\\/shinmuryodojo.com\\\/wp-content\\\/uploads\\\/2017\\\/09\\\/KYU-DENSHO-capa.jpg\",\"width\":708,\"height\":997},{\"@type\":\"BreadcrumbList\",\"@id\":\"https:\\\/\\\/shinmuryodojo.com\\\/budo-shop\\\/densho-9o-ao-1o-kyu\\\/#breadcrumb\",\"itemListElement\":[{\"@type\":\"ListItem\",\"position\":1,\"name\":\"In\u00edcio\",\"item\":\"https:\\\/\\\/shinmuryodojo.com\\\/\"},{\"@type\":\"ListItem\",\"position\":2,\"name\":\"Bud\u014d Shop\",\"item\":\"https:\\\/\\\/shinmuryodojo.com\\\/budo-shop\\\/\"},{\"@type\":\"ListItem\",\"position\":3,\"name\":\"Ky\u016b Densh\u014d\"}]},{\"@type\":\"WebSite\",\"@id\":\"https:\\\/\\\/shinmuryodojo.com\\\/#website\",\"url\":\"https:\\\/\\\/shinmuryodojo.com\\\/\",\"name\":\"SHINB\u014c RY\u016a NINJUTSU | SHINMURY\u014c D\u014cJ\u014c\",\"description\":\"SHIHAN GALLENI JUNIOR\",\"potentialAction\":[{\"@type\":\"SearchAction\",\"target\":{\"@type\":\"EntryPoint\",\"urlTemplate\":\"https:\\\/\\\/shinmuryodojo.com\\\/?s={search_term_string}\"},\"query-input\":{\"@type\":\"PropertyValueSpecification\",\"valueRequired\":true,\"valueName\":\"search_term_string\"}}],\"inLanguage\":\"en-US\"}]}<\/script>\n<!-- \/ Yoast SEO plugin. -->","yoast_head_json":{"title":"Ky\u016b Densh\u014d - SHINB\u014c RY\u016a NINJUTSU | SHINMURY\u014c D\u014cJ\u014c","robots":{"index":"index","follow":"follow","max-snippet":"max-snippet:-1","max-image-preview":"max-image-preview:large","max-video-preview":"max-video-preview:-1"},"canonical":"https:\/\/shinmuryodojo.com\/en\/budo-shop\/densho-9o-ao-1o-kyu\/","og_locale":"en_US","og_type":"article","og_title":"Ky\u016b Densh\u014d - SHINB\u014c RY\u016a NINJUTSU | SHINMURY\u014c D\u014cJ\u014c","og_description":"Programa\u00e7\u00e3o de estudos do Shinmury\u014d D\u014dj\u014d, com t\u00e9cnicas de 9\u00ba a 1\u00ba Ky\u016b descritas passo a passo e possui algumas ilustra\u00e7\u00f5es.  Possui v\u00e1rias informa\u00e7\u00f5es complementares sobre a arte, de maneira que o praticante possa encontrar muitas respostas para suas d\u00favidas.  Este programa de estudos est\u00e1 composto por 9 Ky\u016b\u00b4s (N\u00edveis).  Tamb\u00e9m podemos encontrar caracter\u00edsticas de Ten Chi Jin Ryaku No Maki.  \u00c9 muito importante ressaltar que este programa n\u00e3o deve ser usado como fonte \u00fanica e exclusiva de estudos, \u00e9 indispens\u00e1vel estar sob a supervis\u00e3o de um instrutor qualificado. A busca pelo aprendizado deve ser incessante nas Artes Marciais da Bujinkan.  Este trabalho possui uma sequ\u00eancia l\u00f3gica, tanto na parte t\u00e9cnica como na parte te\u00f3rica.  Este programa pode e deve ser estudado independentemente do Ky\u016b do estudante.   Possui 144 p\u00e1ginas.  Formato: 15cm x 21cm  REVIS\u00d5ES E ERRATAS  O material podem incluir erros t\u00e9cnicos ou tipogr\u00e1ficos. Podendo assim, serem feitas altera\u00e7\u00f5es e melhorias a qualquer momento, sem aviso pr\u00e9vio.","og_url":"https:\/\/shinmuryodojo.com\/en\/budo-shop\/densho-9o-ao-1o-kyu\/","og_site_name":"SHINB\u014c RY\u016a NINJUTSU | SHINMURY\u014c D\u014cJ\u014c","article_publisher":"https:\/\/www.facebook.com\/BujinkanShinmuryoDojo","article_modified_time":"2026-01-01T22:52:43+00:00","og_image":[{"width":708,"height":997,"url":"https:\/\/shinmuryodojo.com\/wp-content\/uploads\/2017\/09\/KYU-DENSHO-capa.jpg","type":"image\/jpeg"}],"twitter_misc":{"Est. reading time":"1 minute"},"schema":{"@context":"https:\/\/schema.org","@graph":[{"@type":"WebPage","@id":"https:\/\/shinmuryodojo.com\/budo-shop\/densho-9o-ao-1o-kyu\/","url":"https:\/\/shinmuryodojo.com\/budo-shop\/densho-9o-ao-1o-kyu\/","name":"Ky\u016b Densh\u014d - SHINB\u014c RY\u016a NINJUTSU | SHINMURY\u014c D\u014cJ\u014c","isPartOf":{"@id":"https:\/\/shinmuryodojo.com\/#website"},"primaryImageOfPage":{"@id":"https:\/\/shinmuryodojo.com\/budo-shop\/densho-9o-ao-1o-kyu\/#primaryimage"},"image":{"@id":"https:\/\/shinmuryodojo.com\/budo-shop\/densho-9o-ao-1o-kyu\/#primaryimage"},"thumbnailUrl":"https:\/\/shinmuryodojo.com\/wp-content\/uploads\/2017\/09\/KYU-DENSHO-capa.jpg","datePublished":"2017-09-29T09:53:08+00:00","dateModified":"2026-01-01T22:52:43+00:00","breadcrumb":{"@id":"https:\/\/shinmuryodojo.com\/budo-shop\/densho-9o-ao-1o-kyu\/#breadcrumb"},"inLanguage":"en-US","potentialAction":[{"@type":"ReadAction","target":["https:\/\/shinmuryodojo.com\/budo-shop\/densho-9o-ao-1o-kyu\/"]}]},{"@type":"ImageObject","inLanguage":"en-US","@id":"https:\/\/shinmuryodojo.com\/budo-shop\/densho-9o-ao-1o-kyu\/#primaryimage","url":"https:\/\/shinmuryodojo.com\/wp-content\/uploads\/2017\/09\/KYU-DENSHO-capa.jpg","contentUrl":"https:\/\/shinmuryodojo.com\/wp-content\/uploads\/2017\/09\/KYU-DENSHO-capa.jpg","width":708,"height":997},{"@type":"BreadcrumbList","@id":"https:\/\/shinmuryodojo.com\/budo-shop\/densho-9o-ao-1o-kyu\/#breadcrumb","itemListElement":[{"@type":"ListItem","position":1,"name":"In\u00edcio","item":"https:\/\/shinmuryodojo.com\/"},{"@type":"ListItem","position":2,"name":"Bud\u014d Shop","item":"https:\/\/shinmuryodojo.com\/budo-shop\/"},{"@type":"ListItem","position":3,"name":"Ky\u016b Densh\u014d"}]},{"@type":"WebSite","@id":"https:\/\/shinmuryodojo.com\/#website","url":"https:\/\/shinmuryodojo.com\/","name":"SHINB\u014c RY\u016a NINJUTSU | SHINMURY\u014c D\u014cJ\u014c","description":"SHIHAN GALLENI JUNIOR","potentialAction":[{"@type":"SearchAction","target":{"@type":"EntryPoint","urlTemplate":"https:\/\/shinmuryodojo.com\/?s={search_term_string}"},"query-input":{"@type":"PropertyValueSpecification","valueRequired":true,"valueName":"search_term_string"}}],"inLanguage":"en-US"}]}},"_links":{"self":[{"href":"https:\/\/shinmuryodojo.com\/en\/wp-json\/wp\/v2\/product\/2679","targetHints":{"allow":["GET"]}}],"collection":[{"href":"https:\/\/shinmuryodojo.com\/en\/wp-json\/wp\/v2\/product"}],"about":[{"href":"https:\/\/shinmuryodojo.com\/en\/wp-json\/wp\/v2\/types\/product"}],"replies":[{"embeddable":true,"href":"https:\/\/shinmuryodojo.com\/en\/wp-json\/wp\/v2\/comments?post=2679"}],"wp:featuredmedia":[{"embeddable":true,"href":"https:\/\/shinmuryodojo.com\/en\/wp-json\/wp\/v2\/media\/4580"}],"wp:attachment":[{"href":"https:\/\/shinmuryodojo.com\/en\/wp-json\/wp\/v2\/media?parent=2679"}],"wp:term":[{"taxonomy":"product_brand","embeddable":true,"href":"https:\/\/shinmuryodojo.com\/en\/wp-json\/wp\/v2\/product_brand?post=2679"},{"taxonomy":"product_cat","embeddable":true,"href":"https:\/\/shinmuryodojo.com\/en\/wp-json\/wp\/v2\/product_cat?post=2679"},{"taxonomy":"product_tag","embeddable":true,"href":"https:\/\/shinmuryodojo.com\/en\/wp-json\/wp\/v2\/product_tag?post=2679"}],"curies":[{"name":"wp","href":"https:\/\/api.w.org\/{rel}","templated":true}]}}