{"id":2291,"date":"2017-03-22T02:34:01","date_gmt":"2017-03-22T05:34:01","guid":{"rendered":"https:\/\/shinmuryodojo.com\/?post_type=product&#038;p=2291"},"modified":"2017-09-05T06:23:15","modified_gmt":"2017-09-05T09:23:15","slug":"kunai-de-madeira-para-treino","status":"publish","type":"product","link":"https:\/\/shinmuryodojo.com\/en\/budo-shop\/kunai-de-madeira-para-treino\/","title":{"rendered":"Kunai De Madeira Para Treino"},"content":{"rendered":"<p><strong>Especifica\u00e7\u00f5es:<\/strong><br \/>\nTamanho: 33cm<br \/>\nCor: Preta.<\/p>","protected":false},"excerpt":{"rendered":"<p><em>Kunai<\/em> feita de madeira, ideal para treinamento em <em>Doj\u00f4<\/em>.<\/p>","protected":false},"featured_media":1075,"comment_status":"open","ping_status":"closed","template":"","meta":[],"product_brand":[],"product_cat":[53],"product_tag":[],"class_list":{"0":"post-2291","1":"product","2":"type-product","3":"status-publish","4":"has-post-thumbnail","6":"product_cat-ningu","8":"first","9":"instock","10":"shipping-taxable","11":"purchasable","12":"product-type-simple"},"yoast_head":"<!-- This site is optimized with the Yoast SEO plugin v27.4 - https:\/\/yoast.com\/product\/yoast-seo-wordpress\/ -->\n<title>Kunai De Madeira Para Treino - SHINB\u014c RY\u016a NINJUTSU | SHINMURY\u014c D\u014cJ\u014c<\/title>\n<meta name=\"robots\" content=\"index, follow, max-snippet:-1, max-image-preview:large, max-video-preview:-1\" \/>\n<link rel=\"canonical\" href=\"https:\/\/shinmuryodojo.com\/en\/budo-shop\/kunai-de-madeira-para-treino\/\" \/>\n<meta property=\"og:locale\" content=\"en_US\" \/>\n<meta property=\"og:type\" content=\"article\" \/>\n<meta property=\"og:title\" content=\"Kunai De Madeira Para Treino - SHINB\u014c RY\u016a NINJUTSU | SHINMURY\u014c D\u014cJ\u014c\" \/>\n<meta property=\"og:description\" content=\"Kunai feita de madeira, ideal para treinamento em Doj\u00f4.\" \/>\n<meta property=\"og:url\" content=\"https:\/\/shinmuryodojo.com\/en\/budo-shop\/kunai-de-madeira-para-treino\/\" \/>\n<meta property=\"og:site_name\" content=\"SHINB\u014c RY\u016a NINJUTSU | SHINMURY\u014c D\u014cJ\u014c\" \/>\n<meta property=\"article:publisher\" content=\"https:\/\/www.facebook.com\/BujinkanShinmuryoDojo\" \/>\n<meta property=\"article:modified_time\" content=\"2017-09-05T09:23:15+00:00\" \/>\n<meta property=\"og:image\" content=\"https:\/\/shinmuryodojo.com\/wp-content\/uploads\/2016\/02\/kunai-de-madeira-para-treino-01.jpg\" \/>\n\t<meta property=\"og:image:width\" content=\"366\" \/>\n\t<meta property=\"og:image:height\" content=\"600\" \/>\n\t<meta property=\"og:image:type\" content=\"image\/jpeg\" \/>\n<script type=\"application\/ld+json\" class=\"yoast-schema-graph\">{\"@context\":\"https:\\\/\\\/schema.org\",\"@graph\":[{\"@type\":\"WebPage\",\"@id\":\"https:\\\/\\\/shinmuryodojo.com\\\/budo-shop\\\/kunai-de-madeira-para-treino\\\/\",\"url\":\"https:\\\/\\\/shinmuryodojo.com\\\/budo-shop\\\/kunai-de-madeira-para-treino\\\/\",\"name\":\"Kunai De Madeira Para Treino - SHINB\u014c RY\u016a NINJUTSU | SHINMURY\u014c D\u014cJ\u014c\",\"isPartOf\":{\"@id\":\"https:\\\/\\\/shinmuryodojo.com\\\/#website\"},\"primaryImageOfPage\":{\"@id\":\"https:\\\/\\\/shinmuryodojo.com\\\/budo-shop\\\/kunai-de-madeira-para-treino\\\/#primaryimage\"},\"image\":{\"@id\":\"https:\\\/\\\/shinmuryodojo.com\\\/budo-shop\\\/kunai-de-madeira-para-treino\\\/#primaryimage\"},\"thumbnailUrl\":\"https:\\\/\\\/shinmuryodojo.com\\\/wp-content\\\/uploads\\\/2016\\\/02\\\/kunai-de-madeira-para-treino-01.jpg\",\"datePublished\":\"2017-03-22T05:34:01+00:00\",\"dateModified\":\"2017-09-05T09:23:15+00:00\",\"breadcrumb\":{\"@id\":\"https:\\\/\\\/shinmuryodojo.com\\\/budo-shop\\\/kunai-de-madeira-para-treino\\\/#breadcrumb\"},\"inLanguage\":\"en-US\",\"potentialAction\":[{\"@type\":\"ReadAction\",\"target\":[\"https:\\\/\\\/shinmuryodojo.com\\\/budo-shop\\\/kunai-de-madeira-para-treino\\\/\"]}]},{\"@type\":\"ImageObject\",\"inLanguage\":\"en-US\",\"@id\":\"https:\\\/\\\/shinmuryodojo.com\\\/budo-shop\\\/kunai-de-madeira-para-treino\\\/#primaryimage\",\"url\":\"https:\\\/\\\/shinmuryodojo.com\\\/wp-content\\\/uploads\\\/2016\\\/02\\\/kunai-de-madeira-para-treino-01.jpg\",\"contentUrl\":\"https:\\\/\\\/shinmuryodojo.com\\\/wp-content\\\/uploads\\\/2016\\\/02\\\/kunai-de-madeira-para-treino-01.jpg\",\"width\":366,\"height\":600},{\"@type\":\"BreadcrumbList\",\"@id\":\"https:\\\/\\\/shinmuryodojo.com\\\/budo-shop\\\/kunai-de-madeira-para-treino\\\/#breadcrumb\",\"itemListElement\":[{\"@type\":\"ListItem\",\"position\":1,\"name\":\"In\u00edcio\",\"item\":\"https:\\\/\\\/shinmuryodojo.com\\\/\"},{\"@type\":\"ListItem\",\"position\":2,\"name\":\"Bud\u014d Shop\",\"item\":\"https:\\\/\\\/shinmuryodojo.com\\\/budo-shop\\\/\"},{\"@type\":\"ListItem\",\"position\":3,\"name\":\"Kunai De Madeira Para Treino\"}]},{\"@type\":\"WebSite\",\"@id\":\"https:\\\/\\\/shinmuryodojo.com\\\/#website\",\"url\":\"https:\\\/\\\/shinmuryodojo.com\\\/\",\"name\":\"SHINB\u014c RY\u016a NINJUTSU | SHINMURY\u014c D\u014cJ\u014c\",\"description\":\"SHIHAN GALLENI JUNIOR\",\"potentialAction\":[{\"@type\":\"SearchAction\",\"target\":{\"@type\":\"EntryPoint\",\"urlTemplate\":\"https:\\\/\\\/shinmuryodojo.com\\\/?s={search_term_string}\"},\"query-input\":{\"@type\":\"PropertyValueSpecification\",\"valueRequired\":true,\"valueName\":\"search_term_string\"}}],\"inLanguage\":\"en-US\"}]}<\/script>\n<!-- \/ Yoast SEO plugin. -->","yoast_head_json":{"title":"Kunai De Madeira Para Treino - SHINB\u014c RY\u016a NINJUTSU | SHINMURY\u014c D\u014cJ\u014c","robots":{"index":"index","follow":"follow","max-snippet":"max-snippet:-1","max-image-preview":"max-image-preview:large","max-video-preview":"max-video-preview:-1"},"canonical":"https:\/\/shinmuryodojo.com\/en\/budo-shop\/kunai-de-madeira-para-treino\/","og_locale":"en_US","og_type":"article","og_title":"Kunai De Madeira Para Treino - SHINB\u014c RY\u016a NINJUTSU | SHINMURY\u014c D\u014cJ\u014c","og_description":"Kunai feita de madeira, ideal para treinamento em Doj\u00f4.","og_url":"https:\/\/shinmuryodojo.com\/en\/budo-shop\/kunai-de-madeira-para-treino\/","og_site_name":"SHINB\u014c RY\u016a NINJUTSU | SHINMURY\u014c D\u014cJ\u014c","article_publisher":"https:\/\/www.facebook.com\/BujinkanShinmuryoDojo","article_modified_time":"2017-09-05T09:23:15+00:00","og_image":[{"width":366,"height":600,"url":"https:\/\/shinmuryodojo.com\/wp-content\/uploads\/2016\/02\/kunai-de-madeira-para-treino-01.jpg","type":"image\/jpeg"}],"schema":{"@context":"https:\/\/schema.org","@graph":[{"@type":"WebPage","@id":"https:\/\/shinmuryodojo.com\/budo-shop\/kunai-de-madeira-para-treino\/","url":"https:\/\/shinmuryodojo.com\/budo-shop\/kunai-de-madeira-para-treino\/","name":"Kunai De Madeira Para Treino - SHINB\u014c RY\u016a NINJUTSU | SHINMURY\u014c D\u014cJ\u014c","isPartOf":{"@id":"https:\/\/shinmuryodojo.com\/#website"},"primaryImageOfPage":{"@id":"https:\/\/shinmuryodojo.com\/budo-shop\/kunai-de-madeira-para-treino\/#primaryimage"},"image":{"@id":"https:\/\/shinmuryodojo.com\/budo-shop\/kunai-de-madeira-para-treino\/#primaryimage"},"thumbnailUrl":"https:\/\/shinmuryodojo.com\/wp-content\/uploads\/2016\/02\/kunai-de-madeira-para-treino-01.jpg","datePublished":"2017-03-22T05:34:01+00:00","dateModified":"2017-09-05T09:23:15+00:00","breadcrumb":{"@id":"https:\/\/shinmuryodojo.com\/budo-shop\/kunai-de-madeira-para-treino\/#breadcrumb"},"inLanguage":"en-US","potentialAction":[{"@type":"ReadAction","target":["https:\/\/shinmuryodojo.com\/budo-shop\/kunai-de-madeira-para-treino\/"]}]},{"@type":"ImageObject","inLanguage":"en-US","@id":"https:\/\/shinmuryodojo.com\/budo-shop\/kunai-de-madeira-para-treino\/#primaryimage","url":"https:\/\/shinmuryodojo.com\/wp-content\/uploads\/2016\/02\/kunai-de-madeira-para-treino-01.jpg","contentUrl":"https:\/\/shinmuryodojo.com\/wp-content\/uploads\/2016\/02\/kunai-de-madeira-para-treino-01.jpg","width":366,"height":600},{"@type":"BreadcrumbList","@id":"https:\/\/shinmuryodojo.com\/budo-shop\/kunai-de-madeira-para-treino\/#breadcrumb","itemListElement":[{"@type":"ListItem","position":1,"name":"In\u00edcio","item":"https:\/\/shinmuryodojo.com\/"},{"@type":"ListItem","position":2,"name":"Bud\u014d Shop","item":"https:\/\/shinmuryodojo.com\/budo-shop\/"},{"@type":"ListItem","position":3,"name":"Kunai De Madeira Para Treino"}]},{"@type":"WebSite","@id":"https:\/\/shinmuryodojo.com\/#website","url":"https:\/\/shinmuryodojo.com\/","name":"SHINB\u014c RY\u016a NINJUTSU | SHINMURY\u014c D\u014cJ\u014c","description":"SHIHAN GALLENI JUNIOR","potentialAction":[{"@type":"SearchAction","target":{"@type":"EntryPoint","urlTemplate":"https:\/\/shinmuryodojo.com\/?s={search_term_string}"},"query-input":{"@type":"PropertyValueSpecification","valueRequired":true,"valueName":"search_term_string"}}],"inLanguage":"en-US"}]}},"_links":{"self":[{"href":"https:\/\/shinmuryodojo.com\/en\/wp-json\/wp\/v2\/product\/2291","targetHints":{"allow":["GET"]}}],"collection":[{"href":"https:\/\/shinmuryodojo.com\/en\/wp-json\/wp\/v2\/product"}],"about":[{"href":"https:\/\/shinmuryodojo.com\/en\/wp-json\/wp\/v2\/types\/product"}],"replies":[{"embeddable":true,"href":"https:\/\/shinmuryodojo.com\/en\/wp-json\/wp\/v2\/comments?post=2291"}],"wp:featuredmedia":[{"embeddable":true,"href":"https:\/\/shinmuryodojo.com\/en\/wp-json\/wp\/v2\/media\/1075"}],"wp:attachment":[{"href":"https:\/\/shinmuryodojo.com\/en\/wp-json\/wp\/v2\/media?parent=2291"}],"wp:term":[{"taxonomy":"product_brand","embeddable":true,"href":"https:\/\/shinmuryodojo.com\/en\/wp-json\/wp\/v2\/product_brand?post=2291"},{"taxonomy":"product_cat","embeddable":true,"href":"https:\/\/shinmuryodojo.com\/en\/wp-json\/wp\/v2\/product_cat?post=2291"},{"taxonomy":"product_tag","embeddable":true,"href":"https:\/\/shinmuryodojo.com\/en\/wp-json\/wp\/v2\/product_tag?post=2291"}],"curies":[{"name":"wp","href":"https:\/\/api.w.org\/{rel}","templated":true}]}}