{"id":1684,"date":"2017-09-16T01:45:51","date_gmt":"2017-09-16T04:45:51","guid":{"rendered":"http:\/\/shinmuryodojo.com\/budo-shop\/kyusho\/"},"modified":"2025-07-02T16:59:32","modified_gmt":"2025-07-02T19:59:32","slug":"kyusho","status":"publish","type":"product","link":"https:\/\/shinmuryodojo.com\/en\/budo-shop\/kyusho\/","title":{"rendered":"Ky\u016bsho"},"content":{"rendered":"","protected":false},"excerpt":{"rendered":"<p>Apostila sobre pontos de press\u00e3o (<em>Ky\u016bsh<span class=\"_5yl5\">o<\/span><\/em>)<\/p>\n<p>Possui 20 p\u00e1ginas.<\/p>\n<p><strong>REVIS\u00d5ES E ERRATAS<\/strong><\/p>\n<p>O material podem incluir erros t\u00e9cnicos ou tipogr\u00e1ficos. Podendo assim, serem feitas altera\u00e7\u00f5es e melhorias a qualquer momento, sem aviso pr\u00e9vio.<\/p>","protected":false},"featured_media":2922,"comment_status":"open","ping_status":"closed","template":"","meta":[],"product_brand":[],"product_cat":[31],"product_tag":[],"class_list":{"0":"post-1684","1":"product","2":"type-product","3":"status-publish","4":"has-post-thumbnail","6":"product_cat-apostilas","7":"product_shipping_class-livro","9":"first","10":"instock","11":"shipping-taxable","12":"product-type-external"},"yoast_head":"<!-- This site is optimized with the Yoast SEO plugin v27.5 - https:\/\/yoast.com\/product\/yoast-seo-wordpress\/ -->\n<title>Ky\u016bsho - SHINB\u014c RY\u016a NINJUTSU | SHINMURY\u014c D\u014cJ\u014c<\/title>\n<meta name=\"robots\" content=\"index, follow, max-snippet:-1, max-image-preview:large, max-video-preview:-1\" \/>\n<link rel=\"canonical\" href=\"https:\/\/shinmuryodojo.com\/en\/budo-shop\/kyusho\/\" \/>\n<meta property=\"og:locale\" content=\"en_US\" \/>\n<meta property=\"og:type\" content=\"article\" \/>\n<meta property=\"og:title\" content=\"Ky\u016bsho - SHINB\u014c RY\u016a NINJUTSU | SHINMURY\u014c D\u014cJ\u014c\" \/>\n<meta property=\"og:description\" content=\"Apostila sobre pontos de press\u00e3o (Ky\u016bsho)  Possui 20 p\u00e1ginas.  REVIS\u00d5ES E ERRATAS  O material podem incluir erros t\u00e9cnicos ou tipogr\u00e1ficos. Podendo assim, serem feitas altera\u00e7\u00f5es e melhorias a qualquer momento, sem aviso pr\u00e9vio.\" \/>\n<meta property=\"og:url\" content=\"https:\/\/shinmuryodojo.com\/en\/budo-shop\/kyusho\/\" \/>\n<meta property=\"og:site_name\" content=\"SHINB\u014c RY\u016a NINJUTSU | SHINMURY\u014c D\u014cJ\u014c\" \/>\n<meta property=\"article:publisher\" content=\"https:\/\/www.facebook.com\/BujinkanShinmuryoDojo\" \/>\n<meta property=\"article:modified_time\" content=\"2025-07-02T19:59:32+00:00\" \/>\n<meta property=\"og:image\" content=\"https:\/\/shinmuryodojo.com\/wp-content\/uploads\/2018\/04\/KYUSH\u00d4-Capa.jpg\" \/>\n\t<meta property=\"og:image:width\" content=\"708\" \/>\n\t<meta property=\"og:image:height\" content=\"1006\" \/>\n\t<meta property=\"og:image:type\" content=\"image\/jpeg\" \/>\n<meta name=\"twitter:label1\" content=\"Est. reading time\" \/>\n\t<meta name=\"twitter:data1\" content=\"1 minute\" \/>\n<script type=\"application\/ld+json\" class=\"yoast-schema-graph\">{\"@context\":\"https:\\\/\\\/schema.org\",\"@graph\":[{\"@type\":\"WebPage\",\"@id\":\"https:\\\/\\\/shinmuryodojo.com\\\/budo-shop\\\/kyusho\\\/\",\"url\":\"https:\\\/\\\/shinmuryodojo.com\\\/budo-shop\\\/kyusho\\\/\",\"name\":\"Ky\u016bsho - SHINB\u014c RY\u016a NINJUTSU | SHINMURY\u014c D\u014cJ\u014c\",\"isPartOf\":{\"@id\":\"https:\\\/\\\/shinmuryodojo.com\\\/#website\"},\"primaryImageOfPage\":{\"@id\":\"https:\\\/\\\/shinmuryodojo.com\\\/budo-shop\\\/kyusho\\\/#primaryimage\"},\"image\":{\"@id\":\"https:\\\/\\\/shinmuryodojo.com\\\/budo-shop\\\/kyusho\\\/#primaryimage\"},\"thumbnailUrl\":\"https:\\\/\\\/shinmuryodojo.com\\\/wp-content\\\/uploads\\\/2018\\\/04\\\/KYUSH\u00d4-Capa.jpg\",\"datePublished\":\"2017-09-16T04:45:51+00:00\",\"dateModified\":\"2025-07-02T19:59:32+00:00\",\"breadcrumb\":{\"@id\":\"https:\\\/\\\/shinmuryodojo.com\\\/budo-shop\\\/kyusho\\\/#breadcrumb\"},\"inLanguage\":\"en-US\",\"potentialAction\":[{\"@type\":\"ReadAction\",\"target\":[\"https:\\\/\\\/shinmuryodojo.com\\\/budo-shop\\\/kyusho\\\/\"]}]},{\"@type\":\"ImageObject\",\"inLanguage\":\"en-US\",\"@id\":\"https:\\\/\\\/shinmuryodojo.com\\\/budo-shop\\\/kyusho\\\/#primaryimage\",\"url\":\"https:\\\/\\\/shinmuryodojo.com\\\/wp-content\\\/uploads\\\/2018\\\/04\\\/KYUSH\u00d4-Capa.jpg\",\"contentUrl\":\"https:\\\/\\\/shinmuryodojo.com\\\/wp-content\\\/uploads\\\/2018\\\/04\\\/KYUSH\u00d4-Capa.jpg\",\"width\":\"708\",\"height\":\"1006\"},{\"@type\":\"BreadcrumbList\",\"@id\":\"https:\\\/\\\/shinmuryodojo.com\\\/budo-shop\\\/kyusho\\\/#breadcrumb\",\"itemListElement\":[{\"@type\":\"ListItem\",\"position\":1,\"name\":\"In\u00edcio\",\"item\":\"https:\\\/\\\/shinmuryodojo.com\\\/\"},{\"@type\":\"ListItem\",\"position\":2,\"name\":\"Bud\u014d Shop\",\"item\":\"https:\\\/\\\/shinmuryodojo.com\\\/budo-shop\\\/\"},{\"@type\":\"ListItem\",\"position\":3,\"name\":\"Ky\u016bsho\"}]},{\"@type\":\"WebSite\",\"@id\":\"https:\\\/\\\/shinmuryodojo.com\\\/#website\",\"url\":\"https:\\\/\\\/shinmuryodojo.com\\\/\",\"name\":\"SHINB\u014c RY\u016a NINJUTSU | SHINMURY\u014c D\u014cJ\u014c\",\"description\":\"SHIHAN GALLENI JUNIOR\",\"potentialAction\":[{\"@type\":\"SearchAction\",\"target\":{\"@type\":\"EntryPoint\",\"urlTemplate\":\"https:\\\/\\\/shinmuryodojo.com\\\/?s={search_term_string}\"},\"query-input\":{\"@type\":\"PropertyValueSpecification\",\"valueRequired\":true,\"valueName\":\"search_term_string\"}}],\"inLanguage\":\"en-US\"}]}<\/script>\n<!-- \/ Yoast SEO plugin. -->","yoast_head_json":{"title":"Ky\u016bsho - SHINB\u014c RY\u016a NINJUTSU | SHINMURY\u014c D\u014cJ\u014c","robots":{"index":"index","follow":"follow","max-snippet":"max-snippet:-1","max-image-preview":"max-image-preview:large","max-video-preview":"max-video-preview:-1"},"canonical":"https:\/\/shinmuryodojo.com\/en\/budo-shop\/kyusho\/","og_locale":"en_US","og_type":"article","og_title":"Ky\u016bsho - SHINB\u014c RY\u016a NINJUTSU | SHINMURY\u014c D\u014cJ\u014c","og_description":"Apostila sobre pontos de press\u00e3o (Ky\u016bsho)  Possui 20 p\u00e1ginas.  REVIS\u00d5ES E ERRATAS  O material podem incluir erros t\u00e9cnicos ou tipogr\u00e1ficos. Podendo assim, serem feitas altera\u00e7\u00f5es e melhorias a qualquer momento, sem aviso pr\u00e9vio.","og_url":"https:\/\/shinmuryodojo.com\/en\/budo-shop\/kyusho\/","og_site_name":"SHINB\u014c RY\u016a NINJUTSU | SHINMURY\u014c D\u014cJ\u014c","article_publisher":"https:\/\/www.facebook.com\/BujinkanShinmuryoDojo","article_modified_time":"2025-07-02T19:59:32+00:00","og_image":[{"width":708,"height":1006,"url":"https:\/\/shinmuryodojo.com\/wp-content\/uploads\/2018\/04\/KYUSH\u00d4-Capa.jpg","type":"image\/jpeg"}],"twitter_misc":{"Est. reading time":"1 minute"},"schema":{"@context":"https:\/\/schema.org","@graph":[{"@type":"WebPage","@id":"https:\/\/shinmuryodojo.com\/budo-shop\/kyusho\/","url":"https:\/\/shinmuryodojo.com\/budo-shop\/kyusho\/","name":"Ky\u016bsho - SHINB\u014c RY\u016a NINJUTSU | SHINMURY\u014c D\u014cJ\u014c","isPartOf":{"@id":"https:\/\/shinmuryodojo.com\/#website"},"primaryImageOfPage":{"@id":"https:\/\/shinmuryodojo.com\/budo-shop\/kyusho\/#primaryimage"},"image":{"@id":"https:\/\/shinmuryodojo.com\/budo-shop\/kyusho\/#primaryimage"},"thumbnailUrl":"https:\/\/shinmuryodojo.com\/wp-content\/uploads\/2018\/04\/KYUSH\u00d4-Capa.jpg","datePublished":"2017-09-16T04:45:51+00:00","dateModified":"2025-07-02T19:59:32+00:00","breadcrumb":{"@id":"https:\/\/shinmuryodojo.com\/budo-shop\/kyusho\/#breadcrumb"},"inLanguage":"en-US","potentialAction":[{"@type":"ReadAction","target":["https:\/\/shinmuryodojo.com\/budo-shop\/kyusho\/"]}]},{"@type":"ImageObject","inLanguage":"en-US","@id":"https:\/\/shinmuryodojo.com\/budo-shop\/kyusho\/#primaryimage","url":"https:\/\/shinmuryodojo.com\/wp-content\/uploads\/2018\/04\/KYUSH\u00d4-Capa.jpg","contentUrl":"https:\/\/shinmuryodojo.com\/wp-content\/uploads\/2018\/04\/KYUSH\u00d4-Capa.jpg","width":"708","height":"1006"},{"@type":"BreadcrumbList","@id":"https:\/\/shinmuryodojo.com\/budo-shop\/kyusho\/#breadcrumb","itemListElement":[{"@type":"ListItem","position":1,"name":"In\u00edcio","item":"https:\/\/shinmuryodojo.com\/"},{"@type":"ListItem","position":2,"name":"Bud\u014d Shop","item":"https:\/\/shinmuryodojo.com\/budo-shop\/"},{"@type":"ListItem","position":3,"name":"Ky\u016bsho"}]},{"@type":"WebSite","@id":"https:\/\/shinmuryodojo.com\/#website","url":"https:\/\/shinmuryodojo.com\/","name":"SHINB\u014c RY\u016a NINJUTSU | SHINMURY\u014c D\u014cJ\u014c","description":"SHIHAN GALLENI JUNIOR","potentialAction":[{"@type":"SearchAction","target":{"@type":"EntryPoint","urlTemplate":"https:\/\/shinmuryodojo.com\/?s={search_term_string}"},"query-input":{"@type":"PropertyValueSpecification","valueRequired":true,"valueName":"search_term_string"}}],"inLanguage":"en-US"}]}},"_links":{"self":[{"href":"https:\/\/shinmuryodojo.com\/en\/wp-json\/wp\/v2\/product\/1684","targetHints":{"allow":["GET"]}}],"collection":[{"href":"https:\/\/shinmuryodojo.com\/en\/wp-json\/wp\/v2\/product"}],"about":[{"href":"https:\/\/shinmuryodojo.com\/en\/wp-json\/wp\/v2\/types\/product"}],"replies":[{"embeddable":true,"href":"https:\/\/shinmuryodojo.com\/en\/wp-json\/wp\/v2\/comments?post=1684"}],"wp:featuredmedia":[{"embeddable":true,"href":"https:\/\/shinmuryodojo.com\/en\/wp-json\/wp\/v2\/media\/2922"}],"wp:attachment":[{"href":"https:\/\/shinmuryodojo.com\/en\/wp-json\/wp\/v2\/media?parent=1684"}],"wp:term":[{"taxonomy":"product_brand","embeddable":true,"href":"https:\/\/shinmuryodojo.com\/en\/wp-json\/wp\/v2\/product_brand?post=1684"},{"taxonomy":"product_cat","embeddable":true,"href":"https:\/\/shinmuryodojo.com\/en\/wp-json\/wp\/v2\/product_cat?post=1684"},{"taxonomy":"product_tag","embeddable":true,"href":"https:\/\/shinmuryodojo.com\/en\/wp-json\/wp\/v2\/product_tag?post=1684"}],"curies":[{"name":"wp","href":"https:\/\/api.w.org\/{rel}","templated":true}]}}