{"id":883,"date":"2015-03-05T05:29:33","date_gmt":"2015-03-05T08:29:33","guid":{"rendered":"http:\/\/shinmuryodojo.com\/?page_id=883"},"modified":"2023-08-17T03:39:13","modified_gmt":"2023-08-17T06:39:13","slug":"ninjutsu-tradicional","status":"publish","type":"page","link":"https:\/\/shinmuryodojo.com\/en\/ninjutsu-tradicional\/","title":{"rendered":"Ninjutsu Tradicional"},"content":{"rendered":"<div class=\"vc_row wpb_row vc_row-fluid\"><div class=\"wpb_column vc_column_container vc_col-sm-12\"><div class=\"vc_column-inner\"><div class=\"wpb_wrapper\">\n\t\t\t<div class=\"box-style-1 heading-shortcode\" id=\"heading-id177514056\">\n\t\t\t\t<div class=\"module-title\"><h2 class=\"title\" style=\"color:; line-height:40px\">NINJUTSU TRADICIONAL<\/h2><div class=\"dotted\"><!----><\/div><\/div>\n\t\t\t<\/div>\n\t\t<\/div><\/div><\/div><\/div><div class=\"vc_row wpb_row vc_row-fluid\"><div class=\"wpb_column vc_column_container vc_col-sm-6\"><div class=\"vc_column-inner\"><div class=\"wpb_wrapper\">\n\t<div class=\"wpb_video_widget wpb_content_element vc_clearfix   vc_video-aspect-ratio-169 vc_video-el-width-100 vc_video-align-left\" >\n\t\t<div class=\"wpb_wrapper\">\n\t\t\t\n\t\t\t<div class=\"wpb_video_wrapper\"><iframe width=\"900\" height=\"506\" src=\"https:\/\/www.youtube.com\/embed\/Rgi3SuJuZ54?feature=oembed\" frameborder=\"0\" allowfullscreen><\/iframe><\/div>\n\t\t<\/div>\n\t<\/div>\n<\/div><\/div><\/div><div class=\"wpb_column vc_column_container vc_col-sm-6\"><div class=\"vc_column-inner\"><div class=\"wpb_wrapper\">\n\t<div class=\"wpb_text_column wpb_content_element  wpb_animate_when_almost_visible wpb_right-to-left right-to-left\" >\n\t\t<div class=\"wpb_wrapper\">\n\t\t\t<p>As aulas visam proporcionar aos alunos um desenvolvimento f\u00edsico, t\u00e9cnico e filos\u00f3fico da arte, buscando a aplica\u00e7\u00e3o do aprendizado no seu mais alto teor de luta, defesa pessoal, cultura e tradi\u00e7\u00e3o.<\/p>\n<p>O <em>Ninjutsu<\/em> oferece uma did\u00e1tica de ensino onde o aluno n\u00e3o aprende somente t\u00e9cnicas marciais, como tamb\u00e9m as necessidades de conhecimentos gerais como movimenta\u00e7\u00e3o corporal e estudo das rea\u00e7\u00f5es do advers\u00e1rio; dessa forma, o aluno n\u00e3o compreende somente a t\u00e9cnica em si, como tamb\u00e9m a execu\u00e7\u00e3o correta de toda a sua execu\u00e7\u00e3o, o que lhe proporcionar dom\u00ednio e supera\u00e7\u00e3o frente as adversidades.<\/p>\n<p>As aulas em grupo s\u00e3o elaboradas conforme a gradua\u00e7\u00e3o de cada aluno e todo o trabalho que \u00e9 desenvolvido busca sempre extrair o melhor de cada aluno, para que ele se sinta seguro, confiante e capacitado para agir quando necess\u00e1rio.<\/p>\n\n\t\t<\/div>\n\t<\/div>\n<\/div><\/div><\/div><\/div><div class=\"vc_row wpb_row vc_row-fluid\"><div class=\"wpb_column vc_column_container vc_col-sm-12\"><div class=\"vc_column-inner\"><div class=\"wpb_wrapper\"><div class=\"vc_separator wpb_content_element vc_separator_align_left vc_sep_width_100 vc_sep_dotted vc_sep_pos_align_center vc_sep_color_grey vc_separator-has-text\" ><span class=\"vc_sep_holder vc_sep_holder_l\"><span  class=\"vc_sep_line\"><\/span><\/span><h4>CONTE\u00daDO DAS AULAS<\/h4><span class=\"vc_sep_holder vc_sep_holder_r\"><span  class=\"vc_sep_line\"><\/span><\/span>\n<\/div><\/div><\/div><\/div><\/div><div class=\"vc_row wpb_row vc_row-fluid vc_custom_1459644851999\"><div class=\"wpb_column vc_column_container vc_col-sm-6\"><div class=\"vc_column-inner\"><div class=\"wpb_wrapper\">\n\t<div class=\"wpb_text_column wpb_content_element  wpb_animate_when_almost_visible wpb_left-to-right left-to-right\" >\n\t\t<div class=\"wpb_wrapper\">\n\t\t\t<ul>\n<li>Orienta\u00e7\u00e3o das normas de conduta e respeito no <em>D<span class=\"_5yl5\">\u014d<\/span>j<span class=\"_5yl5\">\u014d<\/span><\/em>.<\/li>\n<li>Abertura oficial da aula.<\/li>\n<li>Exerc\u00edcios diversos de aquecimento, alongamento e resist\u00eancia f\u00edsica.<\/li>\n<li>Execu\u00e7\u00e3o de saltos, quedas e rolamentos que visam a aumentar a confiabilidade do aluno e o seu aprimoramento.<\/li>\n<li>Desenvolvimento t\u00e9cnico de defesas, socos, chutes, esquivas e postura marcial.<\/li>\n<li>Trabalho em grupo para fins did\u00e1ticos de ensino entre todos os alunos.<\/li>\n<li>Desenvolvimento t\u00e9cnico correspondente \u00e0 gradua\u00e7\u00e3o de cada aluno.<\/li>\n<li>Aplica\u00e7\u00e3o das t\u00e9cnicas em defesa pessoal.<\/li>\n<li>Ensinamentos a respeito das tradi\u00e7\u00f5es da arte, cultura, etc.<\/li>\n<li>Encerramento tradicional da aula.<\/li>\n<\/ul>\n<p>Pratique conosco e desenvolva o verdadeiro esp\u00edrito marcial que existe em voc\u00ea!!!<br \/>\nAulas para ambos os sexos e crian\u00e7as \u00e0 partir dos 12 anos de idade.<\/p>\n\n\t\t<\/div>\n\t<\/div>\n<\/div><\/div><\/div><div class=\"wpb_column vc_column_container vc_col-sm-6\"><div class=\"vc_column-inner\"><div class=\"wpb_wrapper\">\n\t<div class=\"wpb_video_widget wpb_content_element vc_clearfix   vc_video-aspect-ratio-169 vc_video-el-width-100 vc_video-align-left\" >\n\t\t<div class=\"wpb_wrapper\">\n\t\t\t\n\t\t\t<div class=\"wpb_video_wrapper\"><iframe width=\"900\" height=\"506\" src=\"https:\/\/www.youtube.com\/embed\/J_ywEFLHKVo?feature=oembed\" frameborder=\"0\" allowfullscreen><\/iframe><\/div>\n\t\t<\/div>\n\t<\/div>\n<\/div><\/div><\/div><\/div>","protected":false},"excerpt":{"rendered":"NINJUTSU TRADICIONAL As aulas visam proporcionar aos alunos um desenvolvimento f\u00edsico, t\u00e9cnico e filos\u00f3fico da arte, buscando a aplica\u00e7\u00e3o do aprendizado no seu mais alto teor de luta, defesa pessoal,","protected":false},"author":1,"featured_media":0,"parent":0,"menu_order":0,"comment_status":"closed","ping_status":"closed","template":"","meta":{"footnotes":""},"class_list":["post-883","page","type-page","status-publish","hentry"],"yoast_head":"<!-- This site is optimized with the Yoast SEO plugin v27.4 - https:\/\/yoast.com\/product\/yoast-seo-wordpress\/ -->\n<title>Ninjutsu Tradicional - SHINB\u014c RY\u016a NINJUTSU | SHINMURY\u014c D\u014cJ\u014c<\/title>\n<meta name=\"robots\" content=\"index, follow, max-snippet:-1, max-image-preview:large, max-video-preview:-1\" \/>\n<link rel=\"canonical\" href=\"https:\/\/shinmuryodojo.com\/en\/ninjutsu-tradicional\/\" \/>\n<meta property=\"og:locale\" content=\"en_US\" \/>\n<meta property=\"og:type\" content=\"article\" \/>\n<meta property=\"og:title\" content=\"Ninjutsu Tradicional - SHINB\u014c RY\u016a NINJUTSU | SHINMURY\u014c D\u014cJ\u014c\" \/>\n<meta property=\"og:url\" content=\"https:\/\/shinmuryodojo.com\/en\/ninjutsu-tradicional\/\" \/>\n<meta property=\"og:site_name\" content=\"SHINB\u014c RY\u016a NINJUTSU | SHINMURY\u014c D\u014cJ\u014c\" \/>\n<meta property=\"article:publisher\" content=\"https:\/\/www.facebook.com\/BujinkanShinmuryoDojo\" \/>\n<meta property=\"article:modified_time\" content=\"2023-08-17T06:39:13+00:00\" \/>\n<meta name=\"twitter:label1\" content=\"Est. reading time\" \/>\n\t<meta name=\"twitter:data1\" content=\"2 minutes\" \/>\n<script type=\"application\/ld+json\" class=\"yoast-schema-graph\">{\"@context\":\"https:\\\/\\\/schema.org\",\"@graph\":[{\"@type\":\"WebPage\",\"@id\":\"https:\\\/\\\/shinmuryodojo.com\\\/ninjutsu-tradicional\\\/\",\"url\":\"https:\\\/\\\/shinmuryodojo.com\\\/ninjutsu-tradicional\\\/\",\"name\":\"Ninjutsu Tradicional - SHINB\u014c RY\u016a NINJUTSU | SHINMURY\u014c D\u014cJ\u014c\",\"isPartOf\":{\"@id\":\"https:\\\/\\\/shinmuryodojo.com\\\/#website\"},\"datePublished\":\"2015-03-05T08:29:33+00:00\",\"dateModified\":\"2023-08-17T06:39:13+00:00\",\"breadcrumb\":{\"@id\":\"https:\\\/\\\/shinmuryodojo.com\\\/ninjutsu-tradicional\\\/#breadcrumb\"},\"inLanguage\":\"en-US\",\"potentialAction\":[{\"@type\":\"ReadAction\",\"target\":[\"https:\\\/\\\/shinmuryodojo.com\\\/ninjutsu-tradicional\\\/\"]}]},{\"@type\":\"BreadcrumbList\",\"@id\":\"https:\\\/\\\/shinmuryodojo.com\\\/ninjutsu-tradicional\\\/#breadcrumb\",\"itemListElement\":[{\"@type\":\"ListItem\",\"position\":1,\"name\":\"In\u00edcio\",\"item\":\"https:\\\/\\\/shinmuryodojo.com\\\/\"},{\"@type\":\"ListItem\",\"position\":2,\"name\":\"Ninjutsu Tradicional\"}]},{\"@type\":\"WebSite\",\"@id\":\"https:\\\/\\\/shinmuryodojo.com\\\/#website\",\"url\":\"https:\\\/\\\/shinmuryodojo.com\\\/\",\"name\":\"SHINB\u014c RY\u016a NINJUTSU | SHINMURY\u014c D\u014cJ\u014c\",\"description\":\"SHIHAN GALLENI JUNIOR\",\"potentialAction\":[{\"@type\":\"SearchAction\",\"target\":{\"@type\":\"EntryPoint\",\"urlTemplate\":\"https:\\\/\\\/shinmuryodojo.com\\\/?s={search_term_string}\"},\"query-input\":{\"@type\":\"PropertyValueSpecification\",\"valueRequired\":true,\"valueName\":\"search_term_string\"}}],\"inLanguage\":\"en-US\"}]}<\/script>\n<!-- \/ Yoast SEO plugin. -->","yoast_head_json":{"title":"Ninjutsu Tradicional - SHINB\u014c RY\u016a NINJUTSU | SHINMURY\u014c D\u014cJ\u014c","robots":{"index":"index","follow":"follow","max-snippet":"max-snippet:-1","max-image-preview":"max-image-preview:large","max-video-preview":"max-video-preview:-1"},"canonical":"https:\/\/shinmuryodojo.com\/en\/ninjutsu-tradicional\/","og_locale":"en_US","og_type":"article","og_title":"Ninjutsu Tradicional - SHINB\u014c RY\u016a NINJUTSU | SHINMURY\u014c D\u014cJ\u014c","og_url":"https:\/\/shinmuryodojo.com\/en\/ninjutsu-tradicional\/","og_site_name":"SHINB\u014c RY\u016a NINJUTSU | SHINMURY\u014c D\u014cJ\u014c","article_publisher":"https:\/\/www.facebook.com\/BujinkanShinmuryoDojo","article_modified_time":"2023-08-17T06:39:13+00:00","twitter_misc":{"Est. reading time":"2 minutes"},"schema":{"@context":"https:\/\/schema.org","@graph":[{"@type":"WebPage","@id":"https:\/\/shinmuryodojo.com\/ninjutsu-tradicional\/","url":"https:\/\/shinmuryodojo.com\/ninjutsu-tradicional\/","name":"Ninjutsu Tradicional - SHINB\u014c RY\u016a NINJUTSU | SHINMURY\u014c D\u014cJ\u014c","isPartOf":{"@id":"https:\/\/shinmuryodojo.com\/#website"},"datePublished":"2015-03-05T08:29:33+00:00","dateModified":"2023-08-17T06:39:13+00:00","breadcrumb":{"@id":"https:\/\/shinmuryodojo.com\/ninjutsu-tradicional\/#breadcrumb"},"inLanguage":"en-US","potentialAction":[{"@type":"ReadAction","target":["https:\/\/shinmuryodojo.com\/ninjutsu-tradicional\/"]}]},{"@type":"BreadcrumbList","@id":"https:\/\/shinmuryodojo.com\/ninjutsu-tradicional\/#breadcrumb","itemListElement":[{"@type":"ListItem","position":1,"name":"In\u00edcio","item":"https:\/\/shinmuryodojo.com\/"},{"@type":"ListItem","position":2,"name":"Ninjutsu Tradicional"}]},{"@type":"WebSite","@id":"https:\/\/shinmuryodojo.com\/#website","url":"https:\/\/shinmuryodojo.com\/","name":"SHINB\u014c RY\u016a NINJUTSU | SHINMURY\u014c D\u014cJ\u014c","description":"SHIHAN GALLENI JUNIOR","potentialAction":[{"@type":"SearchAction","target":{"@type":"EntryPoint","urlTemplate":"https:\/\/shinmuryodojo.com\/?s={search_term_string}"},"query-input":{"@type":"PropertyValueSpecification","valueRequired":true,"valueName":"search_term_string"}}],"inLanguage":"en-US"}]}},"_links":{"self":[{"href":"https:\/\/shinmuryodojo.com\/en\/wp-json\/wp\/v2\/pages\/883","targetHints":{"allow":["GET"]}}],"collection":[{"href":"https:\/\/shinmuryodojo.com\/en\/wp-json\/wp\/v2\/pages"}],"about":[{"href":"https:\/\/shinmuryodojo.com\/en\/wp-json\/wp\/v2\/types\/page"}],"author":[{"embeddable":true,"href":"https:\/\/shinmuryodojo.com\/en\/wp-json\/wp\/v2\/users\/1"}],"replies":[{"embeddable":true,"href":"https:\/\/shinmuryodojo.com\/en\/wp-json\/wp\/v2\/comments?post=883"}],"version-history":[{"count":1,"href":"https:\/\/shinmuryodojo.com\/en\/wp-json\/wp\/v2\/pages\/883\/revisions"}],"predecessor-version":[{"id":4668,"href":"https:\/\/shinmuryodojo.com\/en\/wp-json\/wp\/v2\/pages\/883\/revisions\/4668"}],"wp:attachment":[{"href":"https:\/\/shinmuryodojo.com\/en\/wp-json\/wp\/v2\/media?parent=883"}],"curies":[{"name":"wp","href":"https:\/\/api.w.org\/{rel}","templated":true}]}}