{"id":51,"date":"2014-11-12T13:01:23","date_gmt":"2014-11-12T13:01:23","guid":{"rendered":"http:\/\/shinmuryodojo.com\/?page_id=51"},"modified":"2020-09-22T05:06:53","modified_gmt":"2020-09-22T08:06:53","slug":"graduacoes","status":"publish","type":"page","link":"https:\/\/shinmuryodojo.com\/en\/graduacoes\/","title":{"rendered":"Gradua\u00e7\u00f5es"},"content":{"rendered":"<div class=\"vc_row wpb_row vc_row-fluid\"><div class=\"wpb_column vc_column_container vc_col-sm-12\"><div class=\"vc_column-inner\"><div class=\"wpb_wrapper\">\n\t<div class=\"wpb_text_column wpb_content_element  wpb_animate_when_almost_visible wpb_appear appear\" >\n\t\t<div class=\"wpb_wrapper\">\n\t\t\t<p>Diferente das demais Artes Marciais, na <em>Bujinkan<\/em> o aluno \u00e9 graduado de acordo com seus resultados individuais, tais resultados n\u00e3o est\u00e3o vinculados diretamente ao tempo. H\u00e1 artes que vinculam gradua\u00e7\u00e3o com tempo, isso n\u00e3o ocorre com a <em>Bujinkan<\/em>. Por isso \u00e9 normal que alunos consigam uma gradua\u00e7\u00e3o diferente no mesmo espa\u00e7o de tempo. Isso ocorre porque todos praticam e vivem de formas diferentes. N\u00e3o \u00e9 o simples fato de treinar que a pessoa consegue gradua\u00e7\u00e3o, mas sim por seu esfor\u00e7o e resultados pessoais.<\/p>\n<p>Lembrando que o lema da <em>Bujinkan<\/em> \u00e9 formar boas pessoas, logo, vaidade com a ostenta\u00e7\u00e3o de gradua\u00e7\u00e3o n\u00e3o \u00e9 nem um pouco bem vista pela <em>Bujinkan<\/em>, assim como gradua\u00e7\u00e3o n\u00e3o \u00e9 vista como um trof\u00e9u. Na <em>Bujinkan<\/em>, gradua\u00e7\u00e3o n\u00e3o \u00e9 m\u00e9rito, \u00e9 simplesmente um reconhecimento em uma escala organizativa que n\u00e3o faz pessoas melhores nem piores. Simplesmente \u00e9 um sistema de organiza\u00e7\u00e3o.<\/p>\n<p>Este \u00e9 um desenvolvimento recente nas artes japonesas.<\/p>\n<p>As artes antigas possuem n\u00edveis <em>Shoden<\/em> (baixo), <em>Ch<span class=\"_5yl5\">\u016b<\/span>den<\/em> (m\u00e9dio) e <em>Okuden<\/em> (avan\u00e7ado), com os ensinamentos secretos que s\u00e3o passados verbalmente para alguns. Nossa estrutura de n\u00edveis atual \u00e9 moderna em que <strong>\u7d1a\u00a0<\/strong><em>Ky<span class=\"_5yl5\">\u016b<\/span><\/em>\u00a0e <strong>\u6bb5<\/strong>\u00a0<em>Dan<\/em> s\u00e3o usados, mas tamb\u00e9m \u00e9 semelhante \u00e0 forma antiga onde h\u00e1 3 n\u00edveis gerais de treinamento e entendimento.<\/p>\n<p>Os alunos\u00a0come\u00e7am com a faixa branca (<strong>\u7121\u7d1a<\/strong> <em>Muky<span class=\"_5yl5\">\u016b<\/span><\/em>\u00a0= Sem N\u00edvel), depois de 9\u00ba a 1\u00ba <em>Ky<span class=\"_5yl5\">\u016b<\/span>,<\/em>\u00a0homens usam a faixa verde, mulheres usam vermelha e crian\u00e7as at\u00e9 12 anos usam amarela. Depois seguem 15 n\u00edveis de <em>Dan,<\/em> simbolizados pela faixa preta. Os n\u00edveis <em>Ky<span class=\"_5yl5\">\u016b<\/span>,<\/em> essencialmente, s\u00e3o uma prepara\u00e7\u00e3o para se tornar um aluno da <em>Bujinkan.<\/em> Voc\u00ea \u00e9 considerado apto a come\u00e7ar a aprender no <em>Shodan<\/em> (1\u00ba <em>Dan). <\/em>As estrelas simbolizam cada gradua\u00e7\u00e3o do aluno.<\/p>\n<p>O n\u00edvel do praticante \u00e9 exibido pela cor do \u30ef\u30c3\u30da\u30f3 <em>Wappen<\/em> (emblema), inscrito com o <em>Kanji<\/em> \u201c<em>Bu<\/em>\u201d (\u6b66) e \u201c<em>Jin<\/em>\u201d (\u795e). Existem 5 tipos de <em>Wappen<\/em> (9\u00ba a 1\u00ba <em>Ky\u016b<\/em>, 1\u00ba a 4\u00ba <em>Dan<\/em>, 5\u00ba a 9\u00ba <em>Dan<\/em>, 10\u00ba a 15\u00ba <em>Dan<\/em> e de<em> Dai-Shihan<\/em>), cada gradua\u00e7\u00e3o individual \u00e9 representada por \u661f <em>Hoshi<\/em> (estrela) prateadas ou douradas acima do emblema <em>Bujin<\/em>, no 15\u00ba <em>Dan<\/em> usa-se 5 estrelas douradas.<\/p>\n<ul>\n<li><strong>\u58eb\u9053\u5e2b\u88dc<\/strong><em><strong> Shid<span class=\"_5yl5\">\u014d<\/span>shi-Ho<\/strong><\/em> \u2013 1\u00ba a 4\u00ba <em>Dan:<\/em> C\u00e9u <em>(Ten)<\/em><\/li>\n<li><strong>\u58eb\u9053\u5e2b<\/strong><em><strong> Shid<span class=\"_5yl5\">\u014d<\/span>shi<\/strong> <\/em>&#8211; 5\u00ba a 9\u00ba <em>Dan:<\/em> Terra <em>(Chi)<\/em><\/li>\n<li><strong>\u5e2b\u7bc4<\/strong><em><strong> Shihan<\/strong><\/em> \u2013 10\u00ba a 15\u00ba <em>Dan:<\/em> Pessoa <em>(Jin)<\/em><\/li>\n<li><strong>\u5927\u5e2b\u7bc4<\/strong><em><strong> Dai-Shihan<\/strong><\/em> \u2013 15\u00ba <em>Dan <\/em>com mais de 20 anos de treinamento.<\/li>\n<li><strong>\u5b97\u5bb6 <em>S<span class=\"_5yl5\">\u014d<\/span>ke<\/em><\/strong> \u2013 Herdeiro, L\u00edder de Fam\u00edlia, Grande Mestre.<\/li>\n<\/ul>\n<p><em>Sensei Hatsumi<\/em> resistiu por muitos anos aos pedidos de membros da <em>Bujinkan<\/em> para estabelecer um crit\u00e9rio mensur\u00e1vel para os n\u00edveis, explicando que isto tende a \u201cmatar\u201d uma verdadeira Arte Marcial, porque as pessoas tendem a focar no que elas precisam para passar de n\u00edvel ao inv\u00e9s dos princ\u00edpios b\u00e1sicos que possibilitam uma pessoa a agir livremente e apropriadamente na prote\u00e7\u00e3o da vida.<\/p>\n<p>O sistema de n\u00edveis da <em>Bujinkan<\/em> \u00e9 muito diferente das outras artes. Pelo fato do <em>Sensei Hatsumi<\/em> ser o <em>S<span class=\"_5yl5\">\u014d<\/span>ke<\/em> (herdeiro) das 9 <em>Ry<span class=\"_5yl5\">\u016b<\/span><\/em>\u00a0(escolas), ele pode reorganizar o material de treinamento e a estrutura de n\u00edveis como achar adequado. <em>Sensei Hatsumi<\/em> incentiva todos os <em>Shihan<\/em> a criarem seus pr\u00f3prios padr\u00f5es de ensino at\u00e9 4\u00ba <em>Dan.<\/em> Ele controla todas as condecora\u00e7\u00f5es de 5\u00ba <em>Dan<\/em> acima.<\/p>\n<p>No ano de 2017, <em>S\u014dke Hatsumi<\/em> criou a gradua\u00e7\u00e3o de \u5e2b\u7bc4 <em>Dai-Shihan<\/em> (Grande Instrutor Mestre Exemplar), somente os 15\u00ba <em>Dan<\/em> que possuem no m\u00ednimo 20 anos de <em>Bujinkan <\/em>receber\u00e3o esse t\u00edtulo. <em>Hatsumi Sensei<\/em> quer que os<em> Dai-Shihan<\/em> trabalhem juntos e cuidem da <em>Bujinkan<\/em>, por tal motivo, desde janeiro de 2018 algumas regras mudaram e ele quer que os <em>Dai-Shihan<\/em> sejam respons\u00e1veis pela emiss\u00e3o da <em>Shid\u014dshi-Kai<\/em> e das <em>Membership<\/em>.<\/p>\n<p>\u00c9 muito comum encontrar a grave confus\u00e3o de comparar os sistemas de gradua\u00e7\u00f5es de uma arte e outras que normalmente n\u00e3o tem nada em comum. No caso da <em>Bujinkan<\/em> o sistema \u00e9 totalmente \u00fanico e n\u00e3o \u00e9 f\u00e1cil entender, o que cria muita confus\u00e3o para quem n\u00e3o sabe.<\/p>\n\n\t\t<\/div>\n\t<\/div>\n\n\t<div  class=\"wpb_single_image wpb_content_element vc_align_center  wpb_animate_when_almost_visible wpb_appear appear\">\n\t\t\n\t\t<figure class=\"wpb_wrapper vc_figure\">\n\t\t\t<a class=\"\" data-lightbox=\"lightbox[rel-51-4244994197]\" href=\"https:\/\/shinmuryodojo.com\/arquivos\/Graduacoes-Bujinkan.jpg\" target=\"_self\" class=\"vc_single_image-wrapper vc_box_rounded  vc_box_border_grey\"><img decoding=\"async\" class=\"vc_single_image-img\"  src=\"https:\/\/shinmuryodojo.com\/arquivos\/Graduacoes-Bujinkan.jpg\" \/><\/a>\n\t\t<\/figure>\n\t<\/div>\n<\/div><\/div><\/div><\/div><div class=\"vc_row wpb_row vc_row-fluid\"><div class=\"wpb_column vc_column_container vc_col-sm-12\"><div class=\"vc_column-inner\"><div class=\"wpb_wrapper\">\n\t<div class=\"wpb_text_column wpb_content_element  wpb_animate_when_almost_visible wpb_appear appear\" >\n\t\t<div class=\"wpb_wrapper\">\n\t\t\t<p>Os 11\u00ba ao 15\u00ba <em>Dan<\/em> foram criados por <em>Hatsumi Sensei<\/em> para um melhor aprendizado e para justificar a m\u00e1xima de que o <em>Ninjutsu<\/em> \u00e9 um eterno aprendizado e n\u00e3o existe aprendizado completo ou terminado. \u00c9 um caminho para se percorrer ao longo de toda a vida, por esse motivo <em>Hatsumi<\/em> \u00e9 um senhor idoso com quase 90 anos e conserva uma sa\u00fade de jovem, praticando e dando aulas at\u00e9 pouco tempo atr\u00e1s. Hoje ele supervisiona as aulas. Com uma pr\u00e1tica constante \u00e9 poss\u00edvel em 5 anos atingir a gradua\u00e7\u00e3o de 1\u00ba <em>Dan,<\/em> que no <em>Ninjutsu<\/em> significa apenas que a pessoa est\u00e1 pronta para o verdadeiro treinamento, da branca at\u00e9 o \u00faltimo n\u00edvel da verde \u00e9 s\u00f3 uma prepara\u00e7\u00e3o para iniciar o verdadeiro treino. Contudo \u00e9 enorme o conte\u00fado de estudo para se atingir o 1\u00ba <em>Dan.<\/em><\/p>\n<p>Consiste este estudo em t\u00e9cnicas ou formas de golpear (todo o corpo \u00e9 uma arma), t\u00e9cnicas de agarre e proje\u00e7\u00e3o, rolamentos, acrobacias, resist\u00eancia f\u00edsica, medita\u00e7\u00e3o, t\u00e9cnicas de luxa\u00e7\u00e3o, uso de armas curtas, m\u00e9dias, longas e de arremesso. Ao atingir o 1\u00ba <em>Dan<\/em> o aluno vai estudar individualmente cada escola citada, at\u00e9 passar por todas as 9. O exame para o 5\u00ba <em>Dan<\/em> \u00e9 feito no Jap\u00e3o, sendo recentemente liberado sua aplica\u00e7\u00e3o fora do Jap\u00e3o por alguns <em>Shihan<\/em> 15\u00ba <em>Dan.<\/em> Consiste no <em>Sakki Test (Sakki<\/em> = energia assassina).<\/p>\n<p>\u00c9 um teste onde o praticante ficar\u00e1 em <em>Seiza No Kamae<\/em> (postura sentada<em>)<\/em> de olhos fechados e o mestre aplicar\u00e1 um golpe com uma <em>Shinai<\/em> (espada de bambu), desta forma, o aluno deve esquivar-se no momento do golpe, sentindo o golpe atrav\u00e9s do sentimento de <em>Sakki.<\/em> Parece coisa de filme, mas qualquer estudioso em Artes Marciais ou medicina chinesa, sabe que existe uma energia interna chamada <em>Ki<\/em> pelos japoneses, <em>Chi<\/em> pelos chineses, esta energia se concentra no que os indianos chamam de <em>Chakras<\/em> (foi ao abrir os <em>Chakras<\/em> que <em>Buda<\/em> atingiu a ilumina\u00e7\u00e3o) esta energia d\u00e1 vida, move e interliga todos os seres vivos. Seu uso pode ser medicinal <em>(Reikki)<\/em> ou combativo (<em>Chi Kung<\/em>, <em>Kiaiho, Kiai Jutsu<\/em>).<\/p>\n\n\t\t<\/div>\n\t<\/div>\n<\/div><\/div><\/div><\/div><div class=\"vc_row wpb_row vc_row-fluid\"><div class=\"wpb_column vc_column_container vc_col-sm-12\"><div class=\"vc_column-inner\"><div class=\"wpb_wrapper\">\n\t<div class=\"wpb_text_column wpb_content_element  wpb_animate_when_almost_visible wpb_right-to-left right-to-left vc_custom_1600761928517\" >\n\t\t<div class=\"wpb_wrapper\">\n\t\t\t<p>O sistema de gradua\u00e7\u00e3o da <em><strong>Bujinkan<\/strong><\/em> de <em><strong>Ky<span class=\"_5yl5\">\u016b<\/span><\/strong><\/em>\u00a0e <em><strong>Dan<\/strong><\/em> \u00e9 \u00fanico.<br \/>\nAs gradua\u00e7\u00f5es de <em><strong>Ky<span class=\"_5yl5\">\u016b<\/span><\/strong><\/em>\u00a0e <em><strong>Dan<\/strong><\/em>\u00a0n\u00e3o s\u00e3o baseadas\u00a0em um \u00fanico sistema de \u201cvoc\u00ea precisa saber esta t\u00e9cnica\u00a0para este <em><strong>Ky<span class=\"_5yl5\">\u016b<\/span><\/strong><\/em>\u00a0ou para este <em><strong>Dan<\/strong><\/em>\u201d, assim como n\u00e3o haver\u00e1 grandes diferen\u00e7as no n\u00edvel de habilidade entre um n\u00edvel\u00a0<em><strong>Ky<span class=\"_5yl5\">\u016b<\/span><\/strong><\/em>, um 1\u00ba <em><strong>Dan<\/strong><\/em> e um 10\u00ba <em><strong>Dan<\/strong><\/em>, mesmo para as t\u00e9cnicas mais b\u00e1sicas. Pior ainda \u00e9 um sistema de promo\u00e7\u00e3o baseado na frequ\u00eancia ou calend\u00e1rio de datas.<\/p>\n<p>Nosso sistema de classifica\u00e7\u00e3o \u00e9 baseado em uma conex\u00e3o entre o instrutor e o aluno. O instrutor deve saber quando o aluno merece a gradua\u00e7\u00e3o\u00a0e o aluno\u00a0deve ser constantemente se esfor\u00e7ado para levantar seu n\u00edvel e conhecimento para coincidir com as expectativas de seus instrutores.<\/p>\n<p>\u00c9 importante n\u00e3o tentar e perseguir a gradua\u00e7\u00e3o\u00a0ou tentar obter sua faixa preta o mais r\u00e1pido poss\u00edvel. N\u00e3o importa quanto tempo leva para receber a faixa preta ou a licen\u00e7a\u00a0de instrutor, o que importa \u00e9\u00a0a base s\u00f3lida que voc\u00ea constr\u00f3i para isto.<\/p>\n<p>Abaixo est\u00e1 o que eu acredito que o praticante deve procurar em cada n\u00edvel:<\/p>\n\n\t\t<\/div>\n\t<\/div>\n<\/div><\/div><\/div><\/div><div class=\"vc_row wpb_row vc_row-fluid\"><div class=\"wpb_column vc_column_container vc_col-sm-3\"><div class=\"vc_column-inner\"><div class=\"wpb_wrapper\">\n\t<div  class=\"wpb_single_image wpb_content_element vc_align_center  wpb_animate_when_almost_visible wpb_left-to-right left-to-right\">\n\t\t\n\t\t<figure class=\"wpb_wrapper vc_figure\">\n\t\t\t<div class=\"vc_single_image-wrapper   vc_box_border_grey\"><img decoding=\"async\" class=\"vc_single_image-img \" src=\"https:\/\/shinmuryodojo.com\/wp-content\/uploads\/2014\/11\/PatchKyu-200x200.png\" width=\"200\" height=\"200\" alt=\"PatchKyu\" title=\"PatchKyu\" \/><\/div>\n\t\t<\/figure>\n\t<\/div>\n<\/div><\/div><\/div><div class=\"wpb_column vc_column_container vc_col-sm-9\"><div class=\"vc_column-inner\"><div class=\"wpb_wrapper\">\n\t<div class=\"wpb_text_column wpb_content_element  wpb_animate_when_almost_visible wpb_right-to-left right-to-left vc_custom_1600761950533\" >\n\t\t<div class=\"wpb_wrapper\">\n\t\t\t<p><strong>Muky<span class=\"_5yl5\">\u016bsha<\/span> (Pessoa Sem N\u00edvel, Faixa Branca) e Ky<span class=\"_5yl5\">\u016bsha<\/span> (Pessoa de N\u00edvel, 9\u00ba <em>Ky<span class=\"_5yl5\">\u016b<\/span><\/em>\u00a0ao 1\u00ba <em>Ky<span class=\"_5yl5\">\u016b<\/span><\/em>) \u2013\u00a0Iniciantes<\/strong><br \/>\nNeste ponto, voc\u00ea deve confiar em seu instrutor e apenas treinar. Voc\u00ea deve estar treinando forte os fundamentos, e, ao mesmo tempo que est\u00e1 sendo exposto a todas as t\u00e9cnicas e conhecimento de armas de nosso sistema. N\u00e3o importa se voc\u00ea n\u00e3o consegue fazer cada pequena coisa que s\u00e3o mostradas \u00e0 voc\u00ea, mas voc\u00ea deve desenvolver um bom entendimento da complexidade que essas t\u00e9cnicas s\u00e3o.<\/p>\n<p>Este \u00e9 o n\u00edvel em que voc\u00ea come\u00e7ar a estabelecer\u00a0a base\u00a0inicial e prepara\u00e7\u00e3o.<\/p>\n\n\t\t<\/div>\n\t<\/div>\n<\/div><\/div><\/div><\/div><div class=\"vc_row wpb_row vc_row-fluid vc_custom_1559705107247\"><div class=\"wpb_column vc_column_container vc_col-sm-3\"><div class=\"vc_column-inner\"><div class=\"wpb_wrapper\">\n\t<div  class=\"wpb_single_image wpb_content_element vc_align_center  wpb_animate_when_almost_visible wpb_left-to-right left-to-right\">\n\t\t\n\t\t<figure class=\"wpb_wrapper vc_figure\">\n\t\t\t<div class=\"vc_single_image-wrapper   vc_box_border_grey\"><img decoding=\"async\" class=\"vc_single_image-img \" src=\"https:\/\/shinmuryodojo.com\/wp-content\/uploads\/2014\/11\/PatchShidoshiHo-200x200.png\" width=\"200\" height=\"200\" alt=\"PatchShidoshiHo\" title=\"PatchShidoshiHo\" \/><\/div>\n\t\t<\/figure>\n\t<\/div>\n<\/div><\/div><\/div><div class=\"wpb_column vc_column_container vc_col-sm-9\"><div class=\"vc_column-inner\"><div class=\"wpb_wrapper\">\n\t<div class=\"wpb_text_column wpb_content_element  wpb_animate_when_almost_visible wpb_right-to-left right-to-left vc_custom_1600761965853\" >\n\t\t<div class=\"wpb_wrapper\">\n\t\t\t<p><strong>Shid<span class=\"_5yl5\">\u014d<\/span>shi-Ho &#8211; Aprendiz de Instrutor Mestre &#8211; 1\u00ba <em>Dan<\/em> ao 4\u00ba <em>Dan<\/em> \u2013 <em>Ten<\/em> (C\u00e9u)<\/strong><br \/>\nVoc\u00ea ter\u00e1 recebido a faixa-preta, mas este \u00e9 o n\u00edvel\u00a0onde o trabalho duro come\u00e7a. Neste n\u00edvel, voc\u00ea deve estar trabalhando duro para desenvolver-se tecnicamente, trabalhar todos os problemas com os seus fundamentos e ganhar um bom entendimento de todos os conceitos b\u00e1sicos, <em><strong>Kat\u00e1<\/strong><\/em> e as armas de nosso sistema.<\/p>\n<p>Este \u00e9 o n\u00edvel em que uma base s\u00f3lida deve ser constru\u00edda.<\/p>\n\n\t\t<\/div>\n\t<\/div>\n<\/div><\/div><\/div><\/div><div class=\"vc_row wpb_row vc_row-fluid vc_custom_1559705118933\"><div class=\"wpb_column vc_column_container vc_col-sm-3\"><div class=\"vc_column-inner\"><div class=\"wpb_wrapper\">\n\t<div  class=\"wpb_single_image wpb_content_element vc_align_center  wpb_animate_when_almost_visible wpb_left-to-right left-to-right\">\n\t\t\n\t\t<figure class=\"wpb_wrapper vc_figure\">\n\t\t\t<div class=\"vc_single_image-wrapper   vc_box_border_grey\"><img decoding=\"async\" class=\"vc_single_image-img \" src=\"https:\/\/shinmuryodojo.com\/wp-content\/uploads\/2014\/11\/PatchShidoshi-200x200.png\" width=\"200\" height=\"200\" alt=\"PatchShidoshi\" title=\"PatchShidoshi\" \/><\/div>\n\t\t<\/figure>\n\t<\/div>\n<\/div><\/div><\/div><div class=\"wpb_column vc_column_container vc_col-sm-9\"><div class=\"vc_column-inner\"><div class=\"wpb_wrapper\">\n\t<div class=\"wpb_text_column wpb_content_element  wpb_animate_when_almost_visible wpb_right-to-left right-to-left vc_custom_1600761975749\" >\n\t\t<div class=\"wpb_wrapper\">\n\t\t\t<p><strong>Shid<span class=\"_5yl5\">\u014d<\/span>shi <em>&#8211;<\/em><\/strong> <strong>Instrutor Mestre<\/strong><strong><em> &#8211; <\/em>5\u00ba <em>Dan<\/em> ao 9\u00ba\u00a0<em>Dan<\/em> \u2013 <em>Chi<\/em> (Terra)<\/strong><br \/>\nAgora voc\u00ea vai ser um <em><strong>Shid<span class=\"_5yl5\">\u014d<\/span>shi<\/strong> <\/em>(n\u00edvel de instrutor). Este \u00e9 o n\u00edvel em que voc\u00ea come\u00e7a a refinar e polir sua t\u00e9cnica e habilidade, al\u00e9m de instruir outros. Este \u00e9 o momento de evitar a tenta\u00e7\u00e3o de &#8220;inventar a sua pr\u00f3pria coisa&#8221;, mas para ficar experimentar os fundamentos e aplicar mais trabalho e polimento para a sua t\u00e9cnica enquanto voc\u00ea auxilia no desenvolvimento dos outros.<\/p>\n<p>Este \u00e9 o n\u00edvel em que os limites\u00a0devem ser suavizados.<\/p>\n\n\t\t<\/div>\n\t<\/div>\n<\/div><\/div><\/div><\/div><div class=\"vc_row wpb_row vc_row-fluid vc_custom_1559705129907\"><div class=\"wpb_column vc_column_container vc_col-sm-3\"><div class=\"vc_column-inner\"><div class=\"wpb_wrapper\">\n\t<div  class=\"wpb_single_image wpb_content_element vc_align_center  wpb_animate_when_almost_visible wpb_left-to-right left-to-right\">\n\t\t\n\t\t<figure class=\"wpb_wrapper vc_figure\">\n\t\t\t<div class=\"vc_single_image-wrapper   vc_box_border_grey\"><img loading=\"lazy\" decoding=\"async\" class=\"vc_single_image-img \" src=\"https:\/\/shinmuryodojo.com\/wp-content\/uploads\/2014\/11\/PatchShihan-200x200.png\" width=\"200\" height=\"200\" alt=\"PatchShihan\" title=\"PatchShihan\" \/><\/div>\n\t\t<\/figure>\n\t<\/div>\n<\/div><\/div><\/div><div class=\"wpb_column vc_column_container vc_col-sm-9\"><div class=\"vc_column-inner\"><div class=\"wpb_wrapper\">\n\t<div class=\"wpb_text_column wpb_content_element  wpb_animate_when_almost_visible wpb_right-to-left right-to-left vc_custom_1600761994733\" >\n\t\t<div class=\"wpb_wrapper\">\n\t\t\t<p><strong>Shihan &#8211; Mestre Exemplar &#8211; 10\u00ba <em>Dan<\/em>\u00a0ao 15\u00ba <em>Dan<\/em> \u2013 <em>Jin<\/em> (Pessoa)<\/strong><br \/>\nDepois do 10\u00ba <em>Dan<\/em> voc\u00ea pode come\u00e7ar a experimentar, desenvolver e descobrir o que funciona para voc\u00ea.<br \/>\nT\u00e9cnicas b\u00e1sicas (<em>Kat\u00e1<\/em>) devem ser quebrados, estudados e experimentados. Voc\u00ea deve estar desenvolvendo um senso intuitivo dentro do seu <em>Taijutsu<\/em> e permitir-se a mover-se naturalmente.<\/p>\n<p>Este \u00e9 o n\u00edvel em que voc\u00ea vai polir e refinar.<\/p>\n\n\t\t<\/div>\n\t<\/div>\n<\/div><\/div><\/div><\/div><div class=\"vc_row wpb_row vc_row-fluid vc_custom_1559705142320\"><div class=\"wpb_column vc_column_container vc_col-sm-3\"><div class=\"vc_column-inner\"><div class=\"wpb_wrapper\">\n\t<div  class=\"wpb_single_image wpb_content_element vc_align_center  wpb_animate_when_almost_visible wpb_left-to-right left-to-right\">\n\t\t\n\t\t<figure class=\"wpb_wrapper vc_figure\">\n\t\t\t<div class=\"vc_single_image-wrapper   vc_box_border_grey\"><img loading=\"lazy\" decoding=\"async\" class=\"vc_single_image-img \" src=\"https:\/\/shinmuryodojo.com\/wp-content\/uploads\/2019\/06\/PatchDaiShihan-203x203.png\" width=\"203\" height=\"203\" alt=\"PatchDaiShihan\" title=\"PatchDaiShihan\" \/><\/div>\n\t\t<\/figure>\n\t<\/div>\n<\/div><\/div><\/div><div class=\"wpb_column vc_column_container vc_col-sm-9\"><div class=\"vc_column-inner\"><div class=\"wpb_wrapper\">\n\t<div class=\"wpb_text_column wpb_content_element  wpb_animate_when_almost_visible wpb_right-to-left right-to-left vc_custom_1600762007151\" >\n\t\t<div class=\"wpb_wrapper\">\n\t\t\t<p><strong>Dai-Shihan <\/strong><strong>&#8211; Grande Mestre Exemplar<\/strong><br \/>\nEste n\u00edvel \u00e9 o onde voc\u00ea vai passar a maior parte do seu tempo. Eu acho que \u00e9 um momento para a reflex\u00e3o e para voltar e trabalhar em todas aquelas coisas que voc\u00ea pode ter perdido na primeira vez em torno de como voc\u00ea tamb\u00e9m come\u00e7a a se mover al\u00e9m da t\u00e9cnica. Eu sinto que este ponto \u00e9 um retorno importante para o zero. Gradua\u00e7\u00e3o n\u00e3o importa mais e voc\u00ea pode abordar nossa Arte Marcial com uma mente de iniciante.<\/p>\n<p>Este \u00e9 o n\u00edvel em que voc\u00ea se move al\u00e9m das t\u00e9cnicas vis\u00edveis.<\/p>\n\n\t\t<\/div>\n\t<\/div>\n<\/div><\/div><\/div><\/div>\n","protected":false},"excerpt":{"rendered":"Diferente das demais Artes Marciais, na Bujinkan o aluno \u00e9 graduado de acordo com seus resultados individuais, tais resultados n\u00e3o est\u00e3o vinculados diretamente ao tempo. H\u00e1 artes que vinculam gradua\u00e7\u00e3o","protected":false},"author":1,"featured_media":0,"parent":0,"menu_order":0,"comment_status":"closed","ping_status":"closed","template":"","meta":{"footnotes":""},"class_list":["post-51","page","type-page","status-publish","hentry"],"yoast_head":"<!-- This site is optimized with the Yoast SEO plugin v27.4 - https:\/\/yoast.com\/product\/yoast-seo-wordpress\/ -->\n<title>Gradua\u00e7\u00f5es - SHINB\u014c RY\u016a NINJUTSU | SHINMURY\u014c D\u014cJ\u014c<\/title>\n<meta name=\"robots\" content=\"index, follow, max-snippet:-1, max-image-preview:large, max-video-preview:-1\" \/>\n<link rel=\"canonical\" href=\"https:\/\/shinmuryodojo.com\/en\/graduacoes\/\" \/>\n<meta property=\"og:locale\" content=\"en_US\" \/>\n<meta property=\"og:type\" content=\"article\" \/>\n<meta property=\"og:title\" content=\"Gradua\u00e7\u00f5es - SHINB\u014c RY\u016a NINJUTSU | SHINMURY\u014c D\u014cJ\u014c\" \/>\n<meta property=\"og:url\" content=\"https:\/\/shinmuryodojo.com\/en\/graduacoes\/\" \/>\n<meta property=\"og:site_name\" content=\"SHINB\u014c RY\u016a NINJUTSU | SHINMURY\u014c D\u014cJ\u014c\" \/>\n<meta property=\"article:publisher\" content=\"https:\/\/www.facebook.com\/BujinkanShinmuryoDojo\" \/>\n<meta property=\"article:modified_time\" content=\"2020-09-22T08:06:53+00:00\" \/>\n<meta name=\"twitter:label1\" content=\"Est. reading time\" \/>\n\t<meta name=\"twitter:data1\" content=\"10 minutes\" \/>\n<script type=\"application\/ld+json\" class=\"yoast-schema-graph\">{\"@context\":\"https:\\\/\\\/schema.org\",\"@graph\":[{\"@type\":\"WebPage\",\"@id\":\"https:\\\/\\\/shinmuryodojo.com\\\/graduacoes\\\/\",\"url\":\"https:\\\/\\\/shinmuryodojo.com\\\/graduacoes\\\/\",\"name\":\"Gradua\u00e7\u00f5es - SHINB\u014c RY\u016a NINJUTSU | SHINMURY\u014c D\u014cJ\u014c\",\"isPartOf\":{\"@id\":\"https:\\\/\\\/shinmuryodojo.com\\\/#website\"},\"datePublished\":\"2014-11-12T13:01:23+00:00\",\"dateModified\":\"2020-09-22T08:06:53+00:00\",\"breadcrumb\":{\"@id\":\"https:\\\/\\\/shinmuryodojo.com\\\/graduacoes\\\/#breadcrumb\"},\"inLanguage\":\"en-US\",\"potentialAction\":[{\"@type\":\"ReadAction\",\"target\":[\"https:\\\/\\\/shinmuryodojo.com\\\/graduacoes\\\/\"]}]},{\"@type\":\"BreadcrumbList\",\"@id\":\"https:\\\/\\\/shinmuryodojo.com\\\/graduacoes\\\/#breadcrumb\",\"itemListElement\":[{\"@type\":\"ListItem\",\"position\":1,\"name\":\"In\u00edcio\",\"item\":\"https:\\\/\\\/shinmuryodojo.com\\\/\"},{\"@type\":\"ListItem\",\"position\":2,\"name\":\"Gradua\u00e7\u00f5es\"}]},{\"@type\":\"WebSite\",\"@id\":\"https:\\\/\\\/shinmuryodojo.com\\\/#website\",\"url\":\"https:\\\/\\\/shinmuryodojo.com\\\/\",\"name\":\"SHINB\u014c RY\u016a NINJUTSU | SHINMURY\u014c D\u014cJ\u014c\",\"description\":\"SHIHAN GALLENI JUNIOR\",\"potentialAction\":[{\"@type\":\"SearchAction\",\"target\":{\"@type\":\"EntryPoint\",\"urlTemplate\":\"https:\\\/\\\/shinmuryodojo.com\\\/?s={search_term_string}\"},\"query-input\":{\"@type\":\"PropertyValueSpecification\",\"valueRequired\":true,\"valueName\":\"search_term_string\"}}],\"inLanguage\":\"en-US\"}]}<\/script>\n<!-- \/ Yoast SEO plugin. -->","yoast_head_json":{"title":"Gradua\u00e7\u00f5es - SHINB\u014c RY\u016a NINJUTSU | SHINMURY\u014c D\u014cJ\u014c","robots":{"index":"index","follow":"follow","max-snippet":"max-snippet:-1","max-image-preview":"max-image-preview:large","max-video-preview":"max-video-preview:-1"},"canonical":"https:\/\/shinmuryodojo.com\/en\/graduacoes\/","og_locale":"en_US","og_type":"article","og_title":"Gradua\u00e7\u00f5es - SHINB\u014c RY\u016a NINJUTSU | SHINMURY\u014c D\u014cJ\u014c","og_url":"https:\/\/shinmuryodojo.com\/en\/graduacoes\/","og_site_name":"SHINB\u014c RY\u016a NINJUTSU | SHINMURY\u014c D\u014cJ\u014c","article_publisher":"https:\/\/www.facebook.com\/BujinkanShinmuryoDojo","article_modified_time":"2020-09-22T08:06:53+00:00","twitter_misc":{"Est. reading time":"10 minutes"},"schema":{"@context":"https:\/\/schema.org","@graph":[{"@type":"WebPage","@id":"https:\/\/shinmuryodojo.com\/graduacoes\/","url":"https:\/\/shinmuryodojo.com\/graduacoes\/","name":"Gradua\u00e7\u00f5es - SHINB\u014c RY\u016a NINJUTSU | SHINMURY\u014c D\u014cJ\u014c","isPartOf":{"@id":"https:\/\/shinmuryodojo.com\/#website"},"datePublished":"2014-11-12T13:01:23+00:00","dateModified":"2020-09-22T08:06:53+00:00","breadcrumb":{"@id":"https:\/\/shinmuryodojo.com\/graduacoes\/#breadcrumb"},"inLanguage":"en-US","potentialAction":[{"@type":"ReadAction","target":["https:\/\/shinmuryodojo.com\/graduacoes\/"]}]},{"@type":"BreadcrumbList","@id":"https:\/\/shinmuryodojo.com\/graduacoes\/#breadcrumb","itemListElement":[{"@type":"ListItem","position":1,"name":"In\u00edcio","item":"https:\/\/shinmuryodojo.com\/"},{"@type":"ListItem","position":2,"name":"Gradua\u00e7\u00f5es"}]},{"@type":"WebSite","@id":"https:\/\/shinmuryodojo.com\/#website","url":"https:\/\/shinmuryodojo.com\/","name":"SHINB\u014c RY\u016a NINJUTSU | SHINMURY\u014c D\u014cJ\u014c","description":"SHIHAN GALLENI JUNIOR","potentialAction":[{"@type":"SearchAction","target":{"@type":"EntryPoint","urlTemplate":"https:\/\/shinmuryodojo.com\/?s={search_term_string}"},"query-input":{"@type":"PropertyValueSpecification","valueRequired":true,"valueName":"search_term_string"}}],"inLanguage":"en-US"}]}},"_links":{"self":[{"href":"https:\/\/shinmuryodojo.com\/en\/wp-json\/wp\/v2\/pages\/51","targetHints":{"allow":["GET"]}}],"collection":[{"href":"https:\/\/shinmuryodojo.com\/en\/wp-json\/wp\/v2\/pages"}],"about":[{"href":"https:\/\/shinmuryodojo.com\/en\/wp-json\/wp\/v2\/types\/page"}],"author":[{"embeddable":true,"href":"https:\/\/shinmuryodojo.com\/en\/wp-json\/wp\/v2\/users\/1"}],"replies":[{"embeddable":true,"href":"https:\/\/shinmuryodojo.com\/en\/wp-json\/wp\/v2\/comments?post=51"}],"version-history":[{"count":7,"href":"https:\/\/shinmuryodojo.com\/en\/wp-json\/wp\/v2\/pages\/51\/revisions"}],"predecessor-version":[{"id":4153,"href":"https:\/\/shinmuryodojo.com\/en\/wp-json\/wp\/v2\/pages\/51\/revisions\/4153"}],"wp:attachment":[{"href":"https:\/\/shinmuryodojo.com\/en\/wp-json\/wp\/v2\/media?parent=51"}],"curies":[{"name":"wp","href":"https:\/\/api.w.org\/{rel}","templated":true}]}}