{"id":4822,"date":"2025-07-02T16:11:33","date_gmt":"2025-07-02T19:11:33","guid":{"rendered":"https:\/\/shinmuryodojo.com\/?page_id=4822"},"modified":"2025-07-03T22:05:10","modified_gmt":"2025-07-04T01:05:10","slug":"%e8%be%9b%e6%8a%b1%e9%be%8d-shinbo-ryu","status":"publish","type":"page","link":"https:\/\/shinmuryodojo.com\/en\/%e8%be%9b%e6%8a%b1%e9%be%8d-shinbo-ryu\/","title":{"rendered":"\u8f9b\u62b1\u9f8d SHINB\u014c RY\u016a"},"content":{"rendered":"<div data-elementor-type=\"wp-page\" data-elementor-id=\"4822\" class=\"elementor elementor-4822\">\n\t\t\t\t<div class=\"elementor-element elementor-element-c558b34 e-flex e-con-boxed e-con e-parent\" data-id=\"c558b34\" data-element_type=\"container\" data-e-type=\"container\">\n\t\t\t\t\t<div class=\"e-con-inner\">\n\t\t<div class=\"elementor-element elementor-element-fca2380 e-con-full e-flex e-con e-child\" data-id=\"fca2380\" data-element_type=\"container\" data-e-type=\"container\">\n\t\t\t\t<div class=\"elementor-element elementor-element-28a90ce elementor-widget__width-initial elementor-widget elementor-widget-image\" data-id=\"28a90ce\" data-element_type=\"widget\" data-e-type=\"widget\" data-widget_type=\"image.default\">\n\t\t\t\t<div class=\"elementor-widget-container\">\n\t\t\t\t\t\t\t\t\t\t\t\t\t\t\t<img fetchpriority=\"high\" decoding=\"async\" width=\"1959\" height=\"1959\" src=\"https:\/\/shinmuryodojo.com\/wp-content\/uploads\/2025\/07\/Shinbo-Ryu.webp\" class=\"attachment-full size-full wp-image-4830\" alt=\"\" srcset=\"https:\/\/shinmuryodojo.com\/wp-content\/uploads\/2025\/07\/Shinbo-Ryu.webp 1959w, https:\/\/shinmuryodojo.com\/wp-content\/uploads\/2025\/07\/Shinbo-Ryu-210x210.webp 210w, https:\/\/shinmuryodojo.com\/wp-content\/uploads\/2025\/07\/Shinbo-Ryu-768x768.webp 768w, https:\/\/shinmuryodojo.com\/wp-content\/uploads\/2025\/07\/Shinbo-Ryu-1536x1536.webp 1536w, https:\/\/shinmuryodojo.com\/wp-content\/uploads\/2025\/07\/Shinbo-Ryu-12x12.webp 12w, https:\/\/shinmuryodojo.com\/wp-content\/uploads\/2025\/07\/Shinbo-Ryu-100x100.webp 100w, https:\/\/shinmuryodojo.com\/wp-content\/uploads\/2025\/07\/Shinbo-Ryu-624x624.webp 624w, https:\/\/shinmuryodojo.com\/wp-content\/uploads\/2025\/07\/Shinbo-Ryu-193x193.webp 193w, https:\/\/shinmuryodojo.com\/wp-content\/uploads\/2025\/07\/Shinbo-Ryu-231x231.webp 231w, https:\/\/shinmuryodojo.com\/wp-content\/uploads\/2025\/07\/Shinbo-Ryu-289x289.webp 289w, https:\/\/shinmuryodojo.com\/wp-content\/uploads\/2025\/07\/Shinbo-Ryu-386x386.webp 386w, https:\/\/shinmuryodojo.com\/wp-content\/uploads\/2025\/07\/Shinbo-Ryu-16x16.webp 16w, https:\/\/shinmuryodojo.com\/wp-content\/uploads\/2025\/07\/Shinbo-Ryu-24x24.webp 24w, https:\/\/shinmuryodojo.com\/wp-content\/uploads\/2025\/07\/Shinbo-Ryu-36x36.webp 36w, https:\/\/shinmuryodojo.com\/wp-content\/uploads\/2025\/07\/elementor\/thumbs\/Shinbo-Ryu-r86i8dr9rbfrw88536tkyr6ei0kpks6182pabsphvc.webp 300w, https:\/\/shinmuryodojo.com\/wp-content\/uploads\/2025\/07\/Shinbo-Ryu-600x600.webp 600w, https:\/\/shinmuryodojo.com\/wp-content\/uploads\/2025\/07\/Shinbo-Ryu-32x32.webp 32w\" sizes=\"(max-width: 1959px) 100vw, 1959px\" \/>\t\t\t\t\t\t\t\t\t\t\t\t\t\t\t<\/div>\n\t\t\t\t<\/div>\n\t\t\t\t<\/div>\n\t\t<div class=\"elementor-element elementor-element-19b51e4 e-con-full e-flex e-con e-child\" data-id=\"19b51e4\" data-element_type=\"container\" data-e-type=\"container\">\n\t\t\t\t<div class=\"elementor-element elementor-element-049f49e elementor-widget elementor-widget-text-editor\" data-id=\"049f49e\" data-element_type=\"widget\" data-e-type=\"widget\" data-widget_type=\"text-editor.default\">\n\t\t\t\t<div class=\"elementor-widget-container\">\n\t\t\t\t\t\t\t\t\t<p><strong>\u8f9b\u62b1\u9f8d Shinb\u014d Ry\u016b<\/strong><br \/><strong>Drag\u00e3o com o esp\u00edrito consagrado pela paci\u00eancia e perseveran\u00e7a.<\/strong><\/p>\t\t\t\t\t\t\t\t<\/div>\n\t\t\t\t<\/div>\n\t\t\t\t<div class=\"elementor-element elementor-element-7beeda9 elementor-widget elementor-widget-text-editor\" data-id=\"7beeda9\" data-element_type=\"widget\" data-e-type=\"widget\" data-widget_type=\"text-editor.default\">\n\t\t\t\t<div class=\"elementor-widget-container\">\n\t\t\t\t\t\t\t\t\t<p>\u5fcd\u8853 <em>Ninjutsu<\/em> tamb\u00e9m \u00e9 semelhante a outras palavras como &#8220;\u8f9b\u62b1 <em>Shinb\u014d<\/em>&#8220;, tamb\u00e9m encontrado na passagem, e &#8220;<em>Gaman<\/em>&#8221; \u6211\u6162. Ambos significam suportar dificuldades.<\/p><p>&#8220;<em>Shinb\u014d<\/em>&#8221; \u8f9b\u62b1, muitas vezes tamb\u00e9m \u00e9 escrito como \u8f9b\u68d2 (a maneira como <em>Takamatsu Sensei<\/em> o escreveu) com a mesma pron\u00fancia. O segundo caractere \u68d2 significa &#8220;bast\u00e3o&#8221; ou &#8220;bast\u00e3o grande&#8221;, como em <em>B\u014djutsu<\/em> \u68d2\u8853 (a arte\u00a0do\u00a0bast\u00e3o).<\/p><p><em>Shinb\u014d Ry\u016b<\/em> \u00e9 o <em>Bug\u014d<\/em> (Nome de Guerra) que recebi do meu <em>Sensei<\/em> Pedro Fleitas.<\/p><p><em>07 de Outubro de 2024<\/em><\/p>\t\t\t\t\t\t\t\t<\/div>\n\t\t\t\t<\/div>\n\t\t\t\t<\/div>\n\t\t\t\t\t<\/div>\n\t\t\t\t<\/div>\n\t\t\t\t<\/div>","protected":false},"excerpt":{"rendered":"<p>\u8f9b\u62b1\u9f8d Shinb\u014d Ry\u016bDrag\u00e3o com o esp\u00edrito consagrado pela paci\u00eancia e perseveran\u00e7a. \u5fcd\u8853 Ninjutsu tamb\u00e9m \u00e9 semelhante a outras palavras como &#8220;\u8f9b\u62b1 Shinb\u014d&#8220;, tamb\u00e9m encontrado na passagem, e &#8220;Gaman&#8221; \u6211\u6162. Ambos<\/p>","protected":false},"author":1,"featured_media":4830,"parent":0,"menu_order":0,"comment_status":"closed","ping_status":"closed","template":"","meta":{"footnotes":""},"class_list":["post-4822","page","type-page","status-publish","has-post-thumbnail","hentry"],"yoast_head":"<!-- This site is optimized with the Yoast SEO plugin v27.4 - https:\/\/yoast.com\/product\/yoast-seo-wordpress\/ -->\n<title>\u8f9b\u62b1\u9f8d SHINB\u014c RY\u016a - SHINB\u014c RY\u016a NINJUTSU | SHINMURY\u014c D\u014cJ\u014c<\/title>\n<meta name=\"robots\" content=\"index, follow, max-snippet:-1, max-image-preview:large, max-video-preview:-1\" \/>\n<link rel=\"canonical\" href=\"https:\/\/shinmuryodojo.com\/en\/\u8f9b\u62b1\u9f8d-shinbo-ryu\/\" \/>\n<meta property=\"og:locale\" content=\"en_US\" \/>\n<meta property=\"og:type\" content=\"article\" \/>\n<meta property=\"og:title\" content=\"\u8f9b\u62b1\u9f8d SHINB\u014c RY\u016a - SHINB\u014c RY\u016a NINJUTSU | SHINMURY\u014c D\u014cJ\u014c\" \/>\n<meta property=\"og:description\" content=\"\u8f9b\u62b1\u9f8d Shinb\u014d Ry\u016bDrag\u00e3o com o esp\u00edrito consagrado pela paci\u00eancia e perseveran\u00e7a. \u5fcd\u8853 Ninjutsu tamb\u00e9m \u00e9 semelhante a outras palavras como &#8220;\u8f9b\u62b1 Shinb\u014d&#8220;, tamb\u00e9m encontrado na passagem, e &#8220;Gaman&#8221; \u6211\u6162. Ambos\" \/>\n<meta property=\"og:url\" content=\"https:\/\/shinmuryodojo.com\/en\/\u8f9b\u62b1\u9f8d-shinbo-ryu\/\" \/>\n<meta property=\"og:site_name\" content=\"SHINB\u014c RY\u016a NINJUTSU | SHINMURY\u014c D\u014cJ\u014c\" \/>\n<meta property=\"article:publisher\" content=\"https:\/\/www.facebook.com\/BujinkanShinmuryoDojo\" \/>\n<meta property=\"article:modified_time\" content=\"2025-07-04T01:05:10+00:00\" \/>\n<meta property=\"og:image\" content=\"https:\/\/shinmuryodojo.com\/wp-content\/uploads\/2025\/07\/Shinbo-Ryu.webp\" \/>\n\t<meta property=\"og:image:width\" content=\"1959\" \/>\n\t<meta property=\"og:image:height\" content=\"1959\" \/>\n\t<meta property=\"og:image:type\" content=\"image\/webp\" \/>\n<meta name=\"twitter:label1\" content=\"Est. reading time\" \/>\n\t<meta name=\"twitter:data1\" content=\"1 minute\" \/>\n<script type=\"application\/ld+json\" class=\"yoast-schema-graph\">{\"@context\":\"https:\\\/\\\/schema.org\",\"@graph\":[{\"@type\":\"WebPage\",\"@id\":\"https:\\\/\\\/shinmuryodojo.com\\\/%e8%be%9b%e6%8a%b1%e9%be%8d-shinbo-ryu\\\/\",\"url\":\"https:\\\/\\\/shinmuryodojo.com\\\/%e8%be%9b%e6%8a%b1%e9%be%8d-shinbo-ryu\\\/\",\"name\":\"\u8f9b\u62b1\u9f8d SHINB\u014c RY\u016a - SHINB\u014c RY\u016a NINJUTSU | SHINMURY\u014c D\u014cJ\u014c\",\"isPartOf\":{\"@id\":\"https:\\\/\\\/shinmuryodojo.com\\\/#website\"},\"primaryImageOfPage\":{\"@id\":\"https:\\\/\\\/shinmuryodojo.com\\\/%e8%be%9b%e6%8a%b1%e9%be%8d-shinbo-ryu\\\/#primaryimage\"},\"image\":{\"@id\":\"https:\\\/\\\/shinmuryodojo.com\\\/%e8%be%9b%e6%8a%b1%e9%be%8d-shinbo-ryu\\\/#primaryimage\"},\"thumbnailUrl\":\"https:\\\/\\\/shinmuryodojo.com\\\/wp-content\\\/uploads\\\/2025\\\/07\\\/Shinbo-Ryu.webp\",\"datePublished\":\"2025-07-02T19:11:33+00:00\",\"dateModified\":\"2025-07-04T01:05:10+00:00\",\"breadcrumb\":{\"@id\":\"https:\\\/\\\/shinmuryodojo.com\\\/%e8%be%9b%e6%8a%b1%e9%be%8d-shinbo-ryu\\\/#breadcrumb\"},\"inLanguage\":\"en-US\",\"potentialAction\":[{\"@type\":\"ReadAction\",\"target\":[\"https:\\\/\\\/shinmuryodojo.com\\\/%e8%be%9b%e6%8a%b1%e9%be%8d-shinbo-ryu\\\/\"]}]},{\"@type\":\"ImageObject\",\"inLanguage\":\"en-US\",\"@id\":\"https:\\\/\\\/shinmuryodojo.com\\\/%e8%be%9b%e6%8a%b1%e9%be%8d-shinbo-ryu\\\/#primaryimage\",\"url\":\"https:\\\/\\\/shinmuryodojo.com\\\/wp-content\\\/uploads\\\/2025\\\/07\\\/Shinbo-Ryu.webp\",\"contentUrl\":\"https:\\\/\\\/shinmuryodojo.com\\\/wp-content\\\/uploads\\\/2025\\\/07\\\/Shinbo-Ryu.webp\",\"width\":1959,\"height\":1959},{\"@type\":\"BreadcrumbList\",\"@id\":\"https:\\\/\\\/shinmuryodojo.com\\\/%e8%be%9b%e6%8a%b1%e9%be%8d-shinbo-ryu\\\/#breadcrumb\",\"itemListElement\":[{\"@type\":\"ListItem\",\"position\":1,\"name\":\"In\u00edcio\",\"item\":\"https:\\\/\\\/shinmuryodojo.com\\\/\"},{\"@type\":\"ListItem\",\"position\":2,\"name\":\"\u8f9b\u62b1\u9f8d SHINB\u014c RY\u016a\"}]},{\"@type\":\"WebSite\",\"@id\":\"https:\\\/\\\/shinmuryodojo.com\\\/#website\",\"url\":\"https:\\\/\\\/shinmuryodojo.com\\\/\",\"name\":\"SHINB\u014c RY\u016a NINJUTSU | SHINMURY\u014c D\u014cJ\u014c\",\"description\":\"SHIHAN GALLENI JUNIOR\",\"potentialAction\":[{\"@type\":\"SearchAction\",\"target\":{\"@type\":\"EntryPoint\",\"urlTemplate\":\"https:\\\/\\\/shinmuryodojo.com\\\/?s={search_term_string}\"},\"query-input\":{\"@type\":\"PropertyValueSpecification\",\"valueRequired\":true,\"valueName\":\"search_term_string\"}}],\"inLanguage\":\"en-US\"}]}<\/script>\n<!-- \/ Yoast SEO plugin. -->","yoast_head_json":{"title":"\u8f9b\u62b1\u9f8d SHINB\u014c RY\u016a - SHINB\u014c RY\u016a NINJUTSU | SHINMURY\u014c D\u014cJ\u014c","robots":{"index":"index","follow":"follow","max-snippet":"max-snippet:-1","max-image-preview":"max-image-preview:large","max-video-preview":"max-video-preview:-1"},"canonical":"https:\/\/shinmuryodojo.com\/en\/\u8f9b\u62b1\u9f8d-shinbo-ryu\/","og_locale":"en_US","og_type":"article","og_title":"\u8f9b\u62b1\u9f8d SHINB\u014c RY\u016a - SHINB\u014c RY\u016a NINJUTSU | SHINMURY\u014c D\u014cJ\u014c","og_description":"\u8f9b\u62b1\u9f8d Shinb\u014d Ry\u016bDrag\u00e3o com o esp\u00edrito consagrado pela paci\u00eancia e perseveran\u00e7a. \u5fcd\u8853 Ninjutsu tamb\u00e9m \u00e9 semelhante a outras palavras como &#8220;\u8f9b\u62b1 Shinb\u014d&#8220;, tamb\u00e9m encontrado na passagem, e &#8220;Gaman&#8221; \u6211\u6162. Ambos","og_url":"https:\/\/shinmuryodojo.com\/en\/\u8f9b\u62b1\u9f8d-shinbo-ryu\/","og_site_name":"SHINB\u014c RY\u016a NINJUTSU | SHINMURY\u014c D\u014cJ\u014c","article_publisher":"https:\/\/www.facebook.com\/BujinkanShinmuryoDojo","article_modified_time":"2025-07-04T01:05:10+00:00","og_image":[{"width":1959,"height":1959,"url":"https:\/\/shinmuryodojo.com\/wp-content\/uploads\/2025\/07\/Shinbo-Ryu.webp","type":"image\/webp"}],"twitter_misc":{"Est. reading time":"1 minute"},"schema":{"@context":"https:\/\/schema.org","@graph":[{"@type":"WebPage","@id":"https:\/\/shinmuryodojo.com\/%e8%be%9b%e6%8a%b1%e9%be%8d-shinbo-ryu\/","url":"https:\/\/shinmuryodojo.com\/%e8%be%9b%e6%8a%b1%e9%be%8d-shinbo-ryu\/","name":"\u8f9b\u62b1\u9f8d SHINB\u014c RY\u016a - SHINB\u014c RY\u016a NINJUTSU | SHINMURY\u014c D\u014cJ\u014c","isPartOf":{"@id":"https:\/\/shinmuryodojo.com\/#website"},"primaryImageOfPage":{"@id":"https:\/\/shinmuryodojo.com\/%e8%be%9b%e6%8a%b1%e9%be%8d-shinbo-ryu\/#primaryimage"},"image":{"@id":"https:\/\/shinmuryodojo.com\/%e8%be%9b%e6%8a%b1%e9%be%8d-shinbo-ryu\/#primaryimage"},"thumbnailUrl":"https:\/\/shinmuryodojo.com\/wp-content\/uploads\/2025\/07\/Shinbo-Ryu.webp","datePublished":"2025-07-02T19:11:33+00:00","dateModified":"2025-07-04T01:05:10+00:00","breadcrumb":{"@id":"https:\/\/shinmuryodojo.com\/%e8%be%9b%e6%8a%b1%e9%be%8d-shinbo-ryu\/#breadcrumb"},"inLanguage":"en-US","potentialAction":[{"@type":"ReadAction","target":["https:\/\/shinmuryodojo.com\/%e8%be%9b%e6%8a%b1%e9%be%8d-shinbo-ryu\/"]}]},{"@type":"ImageObject","inLanguage":"en-US","@id":"https:\/\/shinmuryodojo.com\/%e8%be%9b%e6%8a%b1%e9%be%8d-shinbo-ryu\/#primaryimage","url":"https:\/\/shinmuryodojo.com\/wp-content\/uploads\/2025\/07\/Shinbo-Ryu.webp","contentUrl":"https:\/\/shinmuryodojo.com\/wp-content\/uploads\/2025\/07\/Shinbo-Ryu.webp","width":1959,"height":1959},{"@type":"BreadcrumbList","@id":"https:\/\/shinmuryodojo.com\/%e8%be%9b%e6%8a%b1%e9%be%8d-shinbo-ryu\/#breadcrumb","itemListElement":[{"@type":"ListItem","position":1,"name":"In\u00edcio","item":"https:\/\/shinmuryodojo.com\/"},{"@type":"ListItem","position":2,"name":"\u8f9b\u62b1\u9f8d SHINB\u014c RY\u016a"}]},{"@type":"WebSite","@id":"https:\/\/shinmuryodojo.com\/#website","url":"https:\/\/shinmuryodojo.com\/","name":"SHINB\u014c RY\u016a NINJUTSU | SHINMURY\u014c D\u014cJ\u014c","description":"SHIHAN GALLENI JUNIOR","potentialAction":[{"@type":"SearchAction","target":{"@type":"EntryPoint","urlTemplate":"https:\/\/shinmuryodojo.com\/?s={search_term_string}"},"query-input":{"@type":"PropertyValueSpecification","valueRequired":true,"valueName":"search_term_string"}}],"inLanguage":"en-US"}]}},"_links":{"self":[{"href":"https:\/\/shinmuryodojo.com\/en\/wp-json\/wp\/v2\/pages\/4822","targetHints":{"allow":["GET"]}}],"collection":[{"href":"https:\/\/shinmuryodojo.com\/en\/wp-json\/wp\/v2\/pages"}],"about":[{"href":"https:\/\/shinmuryodojo.com\/en\/wp-json\/wp\/v2\/types\/page"}],"author":[{"embeddable":true,"href":"https:\/\/shinmuryodojo.com\/en\/wp-json\/wp\/v2\/users\/1"}],"replies":[{"embeddable":true,"href":"https:\/\/shinmuryodojo.com\/en\/wp-json\/wp\/v2\/comments?post=4822"}],"version-history":[{"count":43,"href":"https:\/\/shinmuryodojo.com\/en\/wp-json\/wp\/v2\/pages\/4822\/revisions"}],"predecessor-version":[{"id":4867,"href":"https:\/\/shinmuryodojo.com\/en\/wp-json\/wp\/v2\/pages\/4822\/revisions\/4867"}],"wp:featuredmedia":[{"embeddable":true,"href":"https:\/\/shinmuryodojo.com\/en\/wp-json\/wp\/v2\/media\/4830"}],"wp:attachment":[{"href":"https:\/\/shinmuryodojo.com\/en\/wp-json\/wp\/v2\/media?parent=4822"}],"curies":[{"name":"wp","href":"https:\/\/api.w.org\/{rel}","templated":true}]}}