{"id":4240,"date":"2020-11-20T17:15:17","date_gmt":"2020-11-20T20:15:17","guid":{"rendered":"https:\/\/shinmuryodojo.com\/?page_id=4240"},"modified":"2020-11-20T17:27:55","modified_gmt":"2020-11-20T20:27:55","slug":"regras-de-participacao-da-bujinkan","status":"publish","type":"page","link":"https:\/\/shinmuryodojo.com\/en\/regras-de-participacao-da-bujinkan\/","title":{"rendered":"REGRAS DE PARTICIPA\u00c7\u00c3O DA BUJINKAN"},"content":{"rendered":"<p>As seguintes regras devem ser respeitadas pelas pessoas que desejam praticar o <em>Ninjutsu Bujinkan<\/em>:<\/p>\n<ul>\n<li>A <em>Bujinkan<\/em> est\u00e1 aberta somente \u00e0queles que aceitarem e respeitarem as regras de participa\u00e7\u00e3o.<\/li>\n<li>Somente aqueles que lerem e respeitarem estas regras poder\u00e3o participar.<\/li>\n<li>Somente aqueles capazes de exercitar a verdadeira paci\u00eancia, o auto-controle e a dedica\u00e7\u00e3o poder\u00e3o participar.<\/li>\n<li>Poder\u00e1 ser requerido um atestado m\u00e9dico, especialmente \u00e0 indiv\u00edduos com enfermidades mentais, usu\u00e1rios de drogas, instabilidade mental, etc.<\/li>\n<li>A necessidade do referido atestado, seria para evitar problemas para os demais praticantes.<\/li>\n<li>Os indiv\u00edduos com antecedentes criminais n\u00e3o poder\u00e3o participar.<\/li>\n<li>Indiv\u00edduos que criarem problemas, que cometerem crimes ser\u00e3o expulsos.<\/li>\n<li>Aqueles que n\u00e3o respeitarem as leis nacionais ser\u00e3o expulsos.<\/li>\n<li>Todos aqueles que n\u00e3o honrarem as regras da <em>Bujinkan<\/em>, quer como praticantes, quer como membros da sociedade, ao cometerem atos reprov\u00e1veis ou vergonhosos ser\u00e3o expulsos.<\/li>\n<li>Apenas \u00e0queles que tenham lido e concordado com estas normas deve ser permitido participar.<\/li>\n<\/ul>\n\n\n<div class=\"wp-block-group\"><div class=\"wp-block-group__inner-container is-layout-flow wp-block-group-is-layout-flow\"><\/div><\/div>\n\n\n\n<p><\/p>","protected":false},"excerpt":{"rendered":"<p>As seguintes regras devem ser respeitadas pelas pessoas que desejam praticar o Ninjutsu Bujinkan: A Bujinkan est\u00e1 aberta somente \u00e0queles que aceitarem e respeitarem as regras de participa\u00e7\u00e3o. Somente aqueles<\/p>","protected":false},"author":1,"featured_media":0,"parent":0,"menu_order":0,"comment_status":"closed","ping_status":"closed","template":"","meta":{"footnotes":""},"class_list":["post-4240","page","type-page","status-publish","hentry"],"yoast_head":"<!-- This site is optimized with the Yoast SEO plugin v27.4 - https:\/\/yoast.com\/product\/yoast-seo-wordpress\/ -->\n<title>REGRAS DE PARTICIPA\u00c7\u00c3O DA BUJINKAN - SHINB\u014c RY\u016a NINJUTSU | SHINMURY\u014c D\u014cJ\u014c<\/title>\n<meta name=\"robots\" content=\"index, follow, max-snippet:-1, max-image-preview:large, max-video-preview:-1\" \/>\n<link rel=\"canonical\" href=\"https:\/\/shinmuryodojo.com\/en\/regras-de-participacao-da-bujinkan\/\" \/>\n<meta property=\"og:locale\" content=\"en_US\" \/>\n<meta property=\"og:type\" content=\"article\" \/>\n<meta property=\"og:title\" content=\"REGRAS DE PARTICIPA\u00c7\u00c3O DA BUJINKAN - SHINB\u014c RY\u016a NINJUTSU | SHINMURY\u014c D\u014cJ\u014c\" \/>\n<meta property=\"og:description\" content=\"As seguintes regras devem ser respeitadas pelas pessoas que desejam praticar o Ninjutsu Bujinkan: A Bujinkan est\u00e1 aberta somente \u00e0queles que aceitarem e respeitarem as regras de participa\u00e7\u00e3o. Somente aqueles\" \/>\n<meta property=\"og:url\" content=\"https:\/\/shinmuryodojo.com\/en\/regras-de-participacao-da-bujinkan\/\" \/>\n<meta property=\"og:site_name\" content=\"SHINB\u014c RY\u016a NINJUTSU | SHINMURY\u014c D\u014cJ\u014c\" \/>\n<meta property=\"article:publisher\" content=\"https:\/\/www.facebook.com\/BujinkanShinmuryoDojo\" \/>\n<meta property=\"article:modified_time\" content=\"2020-11-20T20:27:55+00:00\" \/>\n<meta name=\"twitter:label1\" content=\"Est. reading time\" \/>\n\t<meta name=\"twitter:data1\" content=\"1 minute\" \/>\n<script type=\"application\/ld+json\" class=\"yoast-schema-graph\">{\"@context\":\"https:\\\/\\\/schema.org\",\"@graph\":[{\"@type\":\"WebPage\",\"@id\":\"https:\\\/\\\/shinmuryodojo.com\\\/regras-de-participacao-da-bujinkan\\\/\",\"url\":\"https:\\\/\\\/shinmuryodojo.com\\\/regras-de-participacao-da-bujinkan\\\/\",\"name\":\"REGRAS DE PARTICIPA\u00c7\u00c3O DA BUJINKAN - SHINB\u014c RY\u016a NINJUTSU | SHINMURY\u014c D\u014cJ\u014c\",\"isPartOf\":{\"@id\":\"https:\\\/\\\/shinmuryodojo.com\\\/#website\"},\"datePublished\":\"2020-11-20T20:15:17+00:00\",\"dateModified\":\"2020-11-20T20:27:55+00:00\",\"breadcrumb\":{\"@id\":\"https:\\\/\\\/shinmuryodojo.com\\\/regras-de-participacao-da-bujinkan\\\/#breadcrumb\"},\"inLanguage\":\"en-US\",\"potentialAction\":[{\"@type\":\"ReadAction\",\"target\":[\"https:\\\/\\\/shinmuryodojo.com\\\/regras-de-participacao-da-bujinkan\\\/\"]}]},{\"@type\":\"BreadcrumbList\",\"@id\":\"https:\\\/\\\/shinmuryodojo.com\\\/regras-de-participacao-da-bujinkan\\\/#breadcrumb\",\"itemListElement\":[{\"@type\":\"ListItem\",\"position\":1,\"name\":\"In\u00edcio\",\"item\":\"https:\\\/\\\/shinmuryodojo.com\\\/\"},{\"@type\":\"ListItem\",\"position\":2,\"name\":\"REGRAS DE PARTICIPA\u00c7\u00c3O DA BUJINKAN\"}]},{\"@type\":\"WebSite\",\"@id\":\"https:\\\/\\\/shinmuryodojo.com\\\/#website\",\"url\":\"https:\\\/\\\/shinmuryodojo.com\\\/\",\"name\":\"SHINB\u014c RY\u016a NINJUTSU | SHINMURY\u014c D\u014cJ\u014c\",\"description\":\"SHIHAN GALLENI JUNIOR\",\"potentialAction\":[{\"@type\":\"SearchAction\",\"target\":{\"@type\":\"EntryPoint\",\"urlTemplate\":\"https:\\\/\\\/shinmuryodojo.com\\\/?s={search_term_string}\"},\"query-input\":{\"@type\":\"PropertyValueSpecification\",\"valueRequired\":true,\"valueName\":\"search_term_string\"}}],\"inLanguage\":\"en-US\"}]}<\/script>\n<!-- \/ Yoast SEO plugin. -->","yoast_head_json":{"title":"REGRAS DE PARTICIPA\u00c7\u00c3O DA BUJINKAN - SHINB\u014c RY\u016a NINJUTSU | SHINMURY\u014c D\u014cJ\u014c","robots":{"index":"index","follow":"follow","max-snippet":"max-snippet:-1","max-image-preview":"max-image-preview:large","max-video-preview":"max-video-preview:-1"},"canonical":"https:\/\/shinmuryodojo.com\/en\/regras-de-participacao-da-bujinkan\/","og_locale":"en_US","og_type":"article","og_title":"REGRAS DE PARTICIPA\u00c7\u00c3O DA BUJINKAN - SHINB\u014c RY\u016a NINJUTSU | SHINMURY\u014c D\u014cJ\u014c","og_description":"As seguintes regras devem ser respeitadas pelas pessoas que desejam praticar o Ninjutsu Bujinkan: A Bujinkan est\u00e1 aberta somente \u00e0queles que aceitarem e respeitarem as regras de participa\u00e7\u00e3o. Somente aqueles","og_url":"https:\/\/shinmuryodojo.com\/en\/regras-de-participacao-da-bujinkan\/","og_site_name":"SHINB\u014c RY\u016a NINJUTSU | SHINMURY\u014c D\u014cJ\u014c","article_publisher":"https:\/\/www.facebook.com\/BujinkanShinmuryoDojo","article_modified_time":"2020-11-20T20:27:55+00:00","twitter_misc":{"Est. reading time":"1 minute"},"schema":{"@context":"https:\/\/schema.org","@graph":[{"@type":"WebPage","@id":"https:\/\/shinmuryodojo.com\/regras-de-participacao-da-bujinkan\/","url":"https:\/\/shinmuryodojo.com\/regras-de-participacao-da-bujinkan\/","name":"REGRAS DE PARTICIPA\u00c7\u00c3O DA BUJINKAN - SHINB\u014c RY\u016a NINJUTSU | SHINMURY\u014c D\u014cJ\u014c","isPartOf":{"@id":"https:\/\/shinmuryodojo.com\/#website"},"datePublished":"2020-11-20T20:15:17+00:00","dateModified":"2020-11-20T20:27:55+00:00","breadcrumb":{"@id":"https:\/\/shinmuryodojo.com\/regras-de-participacao-da-bujinkan\/#breadcrumb"},"inLanguage":"en-US","potentialAction":[{"@type":"ReadAction","target":["https:\/\/shinmuryodojo.com\/regras-de-participacao-da-bujinkan\/"]}]},{"@type":"BreadcrumbList","@id":"https:\/\/shinmuryodojo.com\/regras-de-participacao-da-bujinkan\/#breadcrumb","itemListElement":[{"@type":"ListItem","position":1,"name":"In\u00edcio","item":"https:\/\/shinmuryodojo.com\/"},{"@type":"ListItem","position":2,"name":"REGRAS DE PARTICIPA\u00c7\u00c3O DA BUJINKAN"}]},{"@type":"WebSite","@id":"https:\/\/shinmuryodojo.com\/#website","url":"https:\/\/shinmuryodojo.com\/","name":"SHINB\u014c RY\u016a NINJUTSU | SHINMURY\u014c D\u014cJ\u014c","description":"SHIHAN GALLENI JUNIOR","potentialAction":[{"@type":"SearchAction","target":{"@type":"EntryPoint","urlTemplate":"https:\/\/shinmuryodojo.com\/?s={search_term_string}"},"query-input":{"@type":"PropertyValueSpecification","valueRequired":true,"valueName":"search_term_string"}}],"inLanguage":"en-US"}]}},"_links":{"self":[{"href":"https:\/\/shinmuryodojo.com\/en\/wp-json\/wp\/v2\/pages\/4240","targetHints":{"allow":["GET"]}}],"collection":[{"href":"https:\/\/shinmuryodojo.com\/en\/wp-json\/wp\/v2\/pages"}],"about":[{"href":"https:\/\/shinmuryodojo.com\/en\/wp-json\/wp\/v2\/types\/page"}],"author":[{"embeddable":true,"href":"https:\/\/shinmuryodojo.com\/en\/wp-json\/wp\/v2\/users\/1"}],"replies":[{"embeddable":true,"href":"https:\/\/shinmuryodojo.com\/en\/wp-json\/wp\/v2\/comments?post=4240"}],"version-history":[{"count":5,"href":"https:\/\/shinmuryodojo.com\/en\/wp-json\/wp\/v2\/pages\/4240\/revisions"}],"predecessor-version":[{"id":4367,"href":"https:\/\/shinmuryodojo.com\/en\/wp-json\/wp\/v2\/pages\/4240\/revisions\/4367"}],"wp:attachment":[{"href":"https:\/\/shinmuryodojo.com\/en\/wp-json\/wp\/v2\/media?parent=4240"}],"curies":[{"name":"wp","href":"https:\/\/api.w.org\/{rel}","templated":true}]}}