{"id":3892,"date":"2020-08-19T05:40:48","date_gmt":"2020-08-19T08:40:48","guid":{"rendered":"https:\/\/shinmuryodojo.com\/?page_id=3892"},"modified":"2025-02-01T00:03:09","modified_gmt":"2025-02-01T03:03:09","slug":"agende-sua-aula-gratuita","status":"publish","type":"page","link":"https:\/\/shinmuryodojo.com\/en\/agende-sua-aula-gratuita\/","title":{"rendered":"Agende 1 Aula Gratuita"},"content":{"rendered":"<div class=\"vc_row wpb_row vc_row-fluid vc_custom_1597828003383\"><div class=\"wpb_column vc_column_container vc_col-sm-12\"><div class=\"vc_column-inner\"><div class=\"wpb_wrapper\">\n\t<div class=\"wpb_text_column wpb_content_element\" >\n\t\t<div class=\"wpb_wrapper\">\n\t\t\t<p>O <em>D\u014dj\u014d<\/em> de Artes Marciais n\u00e3o \u00e9 uma academia.<\/p>\n<p>Ao considerar ingressar em um <em>D\u014dj\u014d<\/em>, sugiro que voc\u00ea encare seu contato inicial com o sentido de uma entrevista de emprego. Por favor, demonstre cortesia e respeito, seja por escrito, pessoalmente ou por telefone.<\/p>\n<p><strong>Apresente-se, demonstre suas inten\u00e7\u00f5es e o desejo de obter informa\u00e7\u00f5es com clareza, sendo o mais articulado e educado poss\u00edvel.<\/strong><\/p>\n<p>As primeiras impress\u00f5es s\u00e3o muito importantes e podem determinar rapidamente se voc\u00ea ser\u00e1 aceito no <em>D\u014dj\u014d<\/em>. Se voc\u00ea est\u00e1 realmente decidido a se tornar um artista marcial, considere bem essas coisas.<\/p>\n<p>As Artes Marciais n\u00e3o s\u00e3o apenas para aprender t\u00e9cnicas de luta. O aspecto mais importante \u00e9 a qualidade, estabilidade mental e o cora\u00e7\u00e3o do indiv\u00edduo. Somente depois que algu\u00e9m puder demonstrar autocontrole e conten\u00e7\u00e3o consistentes, receber\u00e3o instru\u00e7\u00f5es.<\/p>\n<p>Estes s\u00e3o os pedidos b\u00e1sicos feitos a todas as pessoas que gostariam de ser consideradas estudantes em potencial na <em>Bujinkan Shinmury\u014d D\u014dj\u014d<\/em>.<\/p>\n<p>Muito obrigado.<\/p>\n\n\t\t<\/div>\n\t<\/div>\n\n\t<div class=\"wpb_text_column wpb_content_element  vc_custom_1700091587677\" >\n\t\t<div class=\"wpb_wrapper\">\n\t\t\t<p style=\"text-align: center;\"><strong>As aulas s\u00e3o somente aos s\u00e1bados das 16:30 \u00e0s 18:00.<\/strong><\/p>\n<p style=\"text-align: center;\"><strong>\u00c9 de extrema import\u00e2ncia para conforto e seguran\u00e7a de todos, que siga os seguintes itens abaixo:<\/strong><\/p>\n<p style=\"text-align: center;\"><strong>&#8211; Uma camiseta de manga curta ou longa.<\/strong><br \/>\n<strong>&#8211; Uma cal\u00e7a de moleton, tactel ou semelhante.<\/strong><br \/>\n<strong>&#8211; Um par de meias limpas.<\/strong><\/p>\n<p style=\"text-align: center;\"><strong>As aulas s\u00e3o \u00e0 partir de 12 anos.<\/strong><\/p>\n\n\t\t<\/div>\n\t<\/div>\n<div class=\"vc_btn3-container  wpb_animate_when_almost_visible wpb_flipInX flipInX vc_btn3-center\" ><a class=\"vc_general vc_btn3 vc_btn3-size-lg vc_btn3-shape-round vc_btn3-style-3d vc_btn3-icon-right vc_btn3-color-green\" href=\"https:\/\/api.whatsapp.com\/send?phone=5511981319560&#038;text=Ol\u00e1+Galleni+Junior%2C+gostaria+de+agendar+uma+aula+experimental+de+Ninjutsu%21\" title=\"\" target=\"_blank\">AGENDAR AULA <i class=\"vc_btn3-icon fab fa-whatsapp\"><\/i><\/a><\/div><\/div><\/div><\/div><\/div>","protected":false},"excerpt":{"rendered":"O D\u014dj\u014d de Artes Marciais n\u00e3o \u00e9 uma academia. Ao considerar ingressar em um D\u014dj\u014d, sugiro que voc\u00ea encare seu contato inicial com o sentido de uma entrevista de emprego.","protected":false},"author":1,"featured_media":0,"parent":0,"menu_order":0,"comment_status":"closed","ping_status":"closed","template":"","meta":{"footnotes":""},"class_list":["post-3892","page","type-page","status-publish","hentry"],"yoast_head":"<!-- This site is optimized with the Yoast SEO plugin v27.4 - https:\/\/yoast.com\/product\/yoast-seo-wordpress\/ -->\n<title>Agende 1 Aula Gratuita - SHINB\u014c RY\u016a NINJUTSU | SHINMURY\u014c D\u014cJ\u014c<\/title>\n<meta name=\"robots\" content=\"index, follow, max-snippet:-1, max-image-preview:large, max-video-preview:-1\" \/>\n<link rel=\"canonical\" href=\"https:\/\/shinmuryodojo.com\/en\/agende-sua-aula-gratuita\/\" \/>\n<meta property=\"og:locale\" content=\"en_US\" \/>\n<meta property=\"og:type\" content=\"article\" \/>\n<meta property=\"og:title\" content=\"Agende 1 Aula Gratuita - SHINB\u014c RY\u016a NINJUTSU | SHINMURY\u014c D\u014cJ\u014c\" \/>\n<meta property=\"og:url\" content=\"https:\/\/shinmuryodojo.com\/en\/agende-sua-aula-gratuita\/\" \/>\n<meta property=\"og:site_name\" content=\"SHINB\u014c RY\u016a NINJUTSU | SHINMURY\u014c D\u014cJ\u014c\" \/>\n<meta property=\"article:publisher\" content=\"https:\/\/www.facebook.com\/BujinkanShinmuryoDojo\" \/>\n<meta property=\"article:modified_time\" content=\"2025-02-01T03:03:09+00:00\" \/>\n<meta name=\"twitter:label1\" content=\"Est. reading time\" \/>\n\t<meta name=\"twitter:data1\" content=\"1 minute\" \/>\n<script type=\"application\/ld+json\" class=\"yoast-schema-graph\">{\"@context\":\"https:\\\/\\\/schema.org\",\"@graph\":[{\"@type\":\"WebPage\",\"@id\":\"https:\\\/\\\/shinmuryodojo.com\\\/agende-sua-aula-gratuita\\\/\",\"url\":\"https:\\\/\\\/shinmuryodojo.com\\\/agende-sua-aula-gratuita\\\/\",\"name\":\"Agende 1 Aula Gratuita - SHINB\u014c RY\u016a NINJUTSU | SHINMURY\u014c D\u014cJ\u014c\",\"isPartOf\":{\"@id\":\"https:\\\/\\\/shinmuryodojo.com\\\/#website\"},\"datePublished\":\"2020-08-19T08:40:48+00:00\",\"dateModified\":\"2025-02-01T03:03:09+00:00\",\"breadcrumb\":{\"@id\":\"https:\\\/\\\/shinmuryodojo.com\\\/agende-sua-aula-gratuita\\\/#breadcrumb\"},\"inLanguage\":\"en-US\",\"potentialAction\":[{\"@type\":\"ReadAction\",\"target\":[\"https:\\\/\\\/shinmuryodojo.com\\\/agende-sua-aula-gratuita\\\/\"]}]},{\"@type\":\"BreadcrumbList\",\"@id\":\"https:\\\/\\\/shinmuryodojo.com\\\/agende-sua-aula-gratuita\\\/#breadcrumb\",\"itemListElement\":[{\"@type\":\"ListItem\",\"position\":1,\"name\":\"In\u00edcio\",\"item\":\"https:\\\/\\\/shinmuryodojo.com\\\/\"},{\"@type\":\"ListItem\",\"position\":2,\"name\":\"Agende 1 Aula Gratuita\"}]},{\"@type\":\"WebSite\",\"@id\":\"https:\\\/\\\/shinmuryodojo.com\\\/#website\",\"url\":\"https:\\\/\\\/shinmuryodojo.com\\\/\",\"name\":\"SHINB\u014c RY\u016a NINJUTSU | SHINMURY\u014c D\u014cJ\u014c\",\"description\":\"SHIHAN GALLENI JUNIOR\",\"potentialAction\":[{\"@type\":\"SearchAction\",\"target\":{\"@type\":\"EntryPoint\",\"urlTemplate\":\"https:\\\/\\\/shinmuryodojo.com\\\/?s={search_term_string}\"},\"query-input\":{\"@type\":\"PropertyValueSpecification\",\"valueRequired\":true,\"valueName\":\"search_term_string\"}}],\"inLanguage\":\"en-US\"}]}<\/script>\n<!-- \/ Yoast SEO plugin. -->","yoast_head_json":{"title":"Agende 1 Aula Gratuita - SHINB\u014c RY\u016a NINJUTSU | SHINMURY\u014c D\u014cJ\u014c","robots":{"index":"index","follow":"follow","max-snippet":"max-snippet:-1","max-image-preview":"max-image-preview:large","max-video-preview":"max-video-preview:-1"},"canonical":"https:\/\/shinmuryodojo.com\/en\/agende-sua-aula-gratuita\/","og_locale":"en_US","og_type":"article","og_title":"Agende 1 Aula Gratuita - SHINB\u014c RY\u016a NINJUTSU | SHINMURY\u014c D\u014cJ\u014c","og_url":"https:\/\/shinmuryodojo.com\/en\/agende-sua-aula-gratuita\/","og_site_name":"SHINB\u014c RY\u016a NINJUTSU | SHINMURY\u014c D\u014cJ\u014c","article_publisher":"https:\/\/www.facebook.com\/BujinkanShinmuryoDojo","article_modified_time":"2025-02-01T03:03:09+00:00","twitter_misc":{"Est. reading time":"1 minute"},"schema":{"@context":"https:\/\/schema.org","@graph":[{"@type":"WebPage","@id":"https:\/\/shinmuryodojo.com\/agende-sua-aula-gratuita\/","url":"https:\/\/shinmuryodojo.com\/agende-sua-aula-gratuita\/","name":"Agende 1 Aula Gratuita - SHINB\u014c RY\u016a NINJUTSU | SHINMURY\u014c D\u014cJ\u014c","isPartOf":{"@id":"https:\/\/shinmuryodojo.com\/#website"},"datePublished":"2020-08-19T08:40:48+00:00","dateModified":"2025-02-01T03:03:09+00:00","breadcrumb":{"@id":"https:\/\/shinmuryodojo.com\/agende-sua-aula-gratuita\/#breadcrumb"},"inLanguage":"en-US","potentialAction":[{"@type":"ReadAction","target":["https:\/\/shinmuryodojo.com\/agende-sua-aula-gratuita\/"]}]},{"@type":"BreadcrumbList","@id":"https:\/\/shinmuryodojo.com\/agende-sua-aula-gratuita\/#breadcrumb","itemListElement":[{"@type":"ListItem","position":1,"name":"In\u00edcio","item":"https:\/\/shinmuryodojo.com\/"},{"@type":"ListItem","position":2,"name":"Agende 1 Aula Gratuita"}]},{"@type":"WebSite","@id":"https:\/\/shinmuryodojo.com\/#website","url":"https:\/\/shinmuryodojo.com\/","name":"SHINB\u014c RY\u016a NINJUTSU | SHINMURY\u014c D\u014cJ\u014c","description":"SHIHAN GALLENI JUNIOR","potentialAction":[{"@type":"SearchAction","target":{"@type":"EntryPoint","urlTemplate":"https:\/\/shinmuryodojo.com\/?s={search_term_string}"},"query-input":{"@type":"PropertyValueSpecification","valueRequired":true,"valueName":"search_term_string"}}],"inLanguage":"en-US"}]}},"_links":{"self":[{"href":"https:\/\/shinmuryodojo.com\/en\/wp-json\/wp\/v2\/pages\/3892","targetHints":{"allow":["GET"]}}],"collection":[{"href":"https:\/\/shinmuryodojo.com\/en\/wp-json\/wp\/v2\/pages"}],"about":[{"href":"https:\/\/shinmuryodojo.com\/en\/wp-json\/wp\/v2\/types\/page"}],"author":[{"embeddable":true,"href":"https:\/\/shinmuryodojo.com\/en\/wp-json\/wp\/v2\/users\/1"}],"replies":[{"embeddable":true,"href":"https:\/\/shinmuryodojo.com\/en\/wp-json\/wp\/v2\/comments?post=3892"}],"version-history":[{"count":15,"href":"https:\/\/shinmuryodojo.com\/en\/wp-json\/wp\/v2\/pages\/3892\/revisions"}],"predecessor-version":[{"id":4791,"href":"https:\/\/shinmuryodojo.com\/en\/wp-json\/wp\/v2\/pages\/3892\/revisions\/4791"}],"wp:attachment":[{"href":"https:\/\/shinmuryodojo.com\/en\/wp-json\/wp\/v2\/media?parent=3892"}],"curies":[{"name":"wp","href":"https:\/\/api.w.org\/{rel}","templated":true}]}}