{"id":3600,"date":"2019-06-13T05:03:51","date_gmt":"2019-06-13T08:03:51","guid":{"rendered":"https:\/\/shinmuryodojo.com\/?page_id=3600"},"modified":"2020-12-22T00:55:32","modified_gmt":"2020-12-22T03:55:32","slug":"meu-perfil-de-aluno","status":"publish","type":"page","link":"https:\/\/shinmuryodojo.com\/en\/meu-perfil-de-aluno\/","title":{"rendered":"Meu Perfil de Aluno"},"content":{"rendered":"<div class=\"vc_row wpb_row vc_row-fluid\"><div class=\"wpb_column vc_column_container vc_col-sm-12\"><div class=\"vc_column-inner\"><div class=\"wpb_wrapper\">\n\t<div class=\"wpb_text_column wpb_content_element\" >\n\t\t<div class=\"wpb_wrapper\">\n\t\t\t<p style=\"text-align: center;\"><div class=\"um um-profile um-2844 um-role-\">\n\t<div class=\"um-form\" data-mode=\"profile\" data-form_id=\"2844\">\n\t\t\t<div class=\"um-cover has-cover\"\n\t\tdata-user_id=\"0\" data-ratio=\"2.7:1\">\n\t\t<div style=\"display: none !important;\"><div  id=\"um_field_2844_cover_photo\" class=\"um-field um-field-image  um-field-cover_photo um-field-image um-field-type_image\" data-key=\"cover_photo\" data-mode=\"\" data-upload-label=\"Upload\"><input type=\"hidden\" name=\"cover_photo\" id=\"cover_photo\" value=\"\"  aria-invalid=\"false\" \/><div class=\"um-field-label\"><label for=\"cover_photo\">Change your cover photo<\/label><div class=\"um-clear\"><\/div><\/div><div class=\"um-field-area\" style=\"text-align: center;\"><div class=\"um-single-image-preview crop\" data-crop=\"cover\" data-key=\"cover_photo\"><a href=\"javascript:void(0);\" class=\"cancel\"><i class=\"um-icon-close\"><\/i><\/a><img decoding=\"async\" class=\"fusion-lazyload-ignore\" src=\"\" alt=\"\" \/><div class=\"um-clear\"><\/div><\/div><a href=\"javascript:void(0);\" data-modal=\"um_upload_single\" data-modal-size=\"large\" data-modal-copy=\"1\" class=\"um-button um-btn-auto-width\">Upload<\/a><\/div><div class=\"um-modal-hidden-content\"><div class=\"um-modal-header\"> Change your cover photo<\/div><div class=\"um-modal-body\"><div class=\"um-single-image-preview crop\"  data-crop=\"cover\" data-ratio=\"2.7\" data-min_width=\"\" data-min_height=\"\" data-coord=\"\"><a href=\"javascript:void(0);\" class=\"cancel\"><i class=\"um-icon-close\"><\/i><\/a><img decoding=\"async\" class=\"fusion-lazyload-ignore\" src=\"\" alt=\"\" \/><div class=\"um-clear\"><\/div><\/div><div class=\"um-clear\"><\/div><div class=\"um-single-image-upload\" data-user_id=\"\" data-nonce=\"e651e08069\" data-timestamp=\"1777392171\"  data-set_id=\"2844\" data-set_mode=\"\" data-type=\"image\" data-key=\"cover_photo\" data-max_size=\"999999999\" data-max_size_error=\"This image is too large!\" data-min_size_error=\"This image is too small!\" data-extension_error=\"Sorry this is not a valid image.\"  data-allowed_types=\"gif,jpg,jpeg,png,webp\" data-upload_text=\"Upload profile cover here&lt;small class=&quot;um-max-filesize&quot;&gt;( max: &lt;span&gt;953.7MB&lt;\/span&gt; )&lt;\/small&gt;\" data-max_files_error=\"You can only upload one image\" data-upload_help_text=\"\">Upload<\/div><div class=\"um-modal-footer\">\n\t\t\t\t\t\t\t\t\t<div class=\"um-modal-right\">\n\t\t\t\t\t\t\t\t\t\t<a href=\"javascript:void(0);\" class=\"um-modal-btn um-finish-upload image disabled\" data-key=\"cover_photo\" data-change=\"Change photo\" data-processing=\"Processing...\">Apply<\/a>\n\t\t\t\t\t\t\t\t\t\t<a href=\"javascript:void(0);\" class=\"um-modal-btn alt\" data-action=\"um_remove_modal\"> Cancel<\/a>\n\t\t\t\t\t\t\t\t\t<\/div>\n\t\t\t\t\t\t\t\t\t<div class=\"um-clear\"><\/div>\n\t\t\t\t\t\t\t\t<\/div><\/div><\/div><\/div><\/div>\t\t<div class=\"um-cover-e\" data-ratio=\"2.7:1\">\n\t\t\t<img decoding=\"async\" src=\"https:\/\/shinmuryodojo.com\/wp-content\/uploads\/2015\/02\/Facebook-Novo-2017.jpg\" alt=\"\" loading=\"lazy\" \/>\t\t<\/div>\n\t\t\t<\/div>\n\t\n\t<div class=\"um-header\">\n\n\t\t\n\t\t<div class=\"um-profile-photo\" data-user_id=\"0\"  aria-invalid=\"false\" >\n\n\t\t\t<a href=\"\" class=\"um-profile-photo-img\" title=\"\">\n\t\t\t\t<span class=\"um-profile-photo-overlay\">\n\t\t\t<span class=\"um-profile-photo-overlay-s\">\n\t\t\t\t<ins>\n\t\t\t\t\t<i class=\"um-faicon-camera\"><\/i>\n\t\t\t\t<\/ins>\n\t\t\t<\/span>\n\t\t<\/span><img alt='' src='https:\/\/secure.gravatar.com\/avatar\/?s=300&#038;d=mm&#038;r=g' srcset='https:\/\/secure.gravatar.com\/avatar\/?s=600&#038;d=mm&#038;r=g 2x' class='avatar avatar-300 photo avatar-default' height='300' width='300' \/>\t\t\t<\/a>\n\n\t\t\t<div style=\"display: none !important;\"><div  id=\"um_field_2844_profile_photo\" class=\"um-field um-field-image  um-field-profile_photo um-field-image um-field-type_image\" data-key=\"profile_photo\" data-mode=\"\" data-upload-label=\"Upload\"><input type=\"hidden\" name=\"profile_photo\" id=\"profile_photo\" value=\"\"  aria-invalid=\"false\" \/><div class=\"um-field-label\"><label for=\"profile_photo\">Change your profile photo<\/label><div class=\"um-clear\"><\/div><\/div><div class=\"um-field-area\" style=\"text-align: center;\"><div class=\"um-single-image-preview crop\" data-crop=\"square\" data-key=\"profile_photo\"><a href=\"javascript:void(0);\" class=\"cancel\"><i class=\"um-icon-close\"><\/i><\/a><img decoding=\"async\" class=\"fusion-lazyload-ignore\" src=\"\" alt=\"\" \/><div class=\"um-clear\"><\/div><\/div><a href=\"javascript:void(0);\" data-modal=\"um_upload_single\" data-modal-size=\"normal\" data-modal-copy=\"1\" class=\"um-button um-btn-auto-width\">Upload<\/a><\/div><div class=\"um-modal-hidden-content\"><div class=\"um-modal-header\"> Change your profile photo<\/div><div class=\"um-modal-body\"><div class=\"um-single-image-preview crop\"  data-crop=\"square\" data-ratio=\"1\" data-min_width=\"original\" data-min_height=\"original\" data-coord=\"\"><a href=\"javascript:void(0);\" class=\"cancel\"><i class=\"um-icon-close\"><\/i><\/a><img decoding=\"async\" class=\"fusion-lazyload-ignore\" src=\"\" alt=\"\" \/><div class=\"um-clear\"><\/div><\/div><div class=\"um-clear\"><\/div><div class=\"um-single-image-upload\" data-user_id=\"\" data-nonce=\"e651e08069\" data-timestamp=\"1777392171\"  data-set_id=\"2844\" data-set_mode=\"\" data-type=\"image\" data-key=\"profile_photo\" data-max_size=\"999999999\" data-max_size_error=\"This image is too large!\" data-min_size_error=\"This image is too small!\" data-extension_error=\"Sorry this is not a valid image.\"  data-allowed_types=\"gif,jpg,jpeg,png,webp\" data-upload_text=\"Upload your photo here&lt;small class=&quot;um-max-filesize&quot;&gt;( max: &lt;span&gt;953.7MB&lt;\/span&gt; )&lt;\/small&gt;\" data-max_files_error=\"You can only upload one image\" data-upload_help_text=\"\">Upload<\/div><div class=\"um-modal-footer\">\n\t\t\t\t\t\t\t\t\t<div class=\"um-modal-right\">\n\t\t\t\t\t\t\t\t\t\t<a href=\"javascript:void(0);\" class=\"um-modal-btn um-finish-upload image disabled\" data-key=\"profile_photo\" data-change=\"Change photo\" data-processing=\"Processing...\">Apply<\/a>\n\t\t\t\t\t\t\t\t\t\t<a href=\"javascript:void(0);\" class=\"um-modal-btn alt\" data-action=\"um_remove_modal\"> Cancel<\/a>\n\t\t\t\t\t\t\t\t\t<\/div>\n\t\t\t\t\t\t\t\t\t<div class=\"um-clear\"><\/div>\n\t\t\t\t\t\t\t\t<\/div><\/div><\/div><\/div><\/div>\n\t\t\t<div class=\"um-dropdown\" data-element=\"div.um-profile-photo\" data-position=\"bc\" data-trigger=\"click\">\n\t\t\t\t<div class=\"um-dropdown-b\">\n\t\t\t\t\t<div class=\"um-dropdown-arr\"><i class=\"\"><\/i><\/div>\n\t\t\t\t\t<ul>\n\t\t\t\t\t\t\t\t\t\t\t\t\t<li><a href=\"javascript:void(0);\" class=\"um-manual-trigger\" data-parent=\".um-profile-photo\" data-child=\".um-btn-auto-width\" data-alt_text=\"Change photo\">Upload photo<\/a><\/li>\n\t\t\t\t\t\t\t\t\t\t\t\t\t<li><a href=\"javascript:void(0);\" class=\"um-reset-profile-photo\" data-user_id=\"0\" data-default_src=\"https:\/\/shinmuryodojo.com\/wp-content\/uploads\/2015\/02\/Ninja_User.png\" style=\"display:none;\">Remove photo<\/a><\/li>\n\t\t\t\t\t\t\t\t\t\t\t\t\t<li><a href=\"javascript:void(0);\" class=\"um-dropdown-hide\">Cancel<\/a><\/li>\n\t\t\t\t\t\t\t\t\t\t\t<\/ul>\n\t\t\t\t<\/div>\n\t\t\t<\/div>\n\n\t\t\t\n\t\t<\/div>\n\n\t\t<div class=\"um-profile-meta\">\n\n\t\t\t\n\t\t\t<div class=\"um-main-meta\">\n\n\t\t\t\t\t\t\t\t\t<div class=\"um-name\">\n\n\t\t\t\t\t\t<a href=\"\"\n\t\t\t\t\t\t   title=\"\"><\/a>\n\n\t\t\t\t\t\t\n<span class=\"um-online-status offline um-tip-n\" title=\"offline\">\n\t<i class=\"um-faicon-circle\"><\/i>\n<\/span>\n\t\t\t\t\t<\/div>\n\t\t\t\t\n\t\t\t\t<div class=\"um-clear\"><\/div>\n\n\t\t\t\t<div class=\"um-profile-connect um-member-connect\"><\/div>\t\t\t<\/div>\n\n\t\t\t\t\t\t\t<div class=\"um-meta\">\n\t\t\t\t\t\t\t\t\t<\/div>\n\t\t\t\t\n\t\t\t<div class=\"um-profile-status\">\n\t\t\t\t<span>\n\t\t\t\t\tThis user account status is Undefined\t\t\t\t<\/span>\n\t\t\t<\/div>\n\n\t\t\t\t\t<\/div>\n\t\t<div class=\"um-clear\"><\/div>\n\n\t\t\n\t<\/div>\n\n\t\n\t\t<div class=\"um-profile-navbar\">\n\t\t\t\t\t\t<div class=\"um-clear\"><\/div>\n\t\t<\/div>\n\n\t\t\n\t\t\t<div class=\"um-profile-nav\">\n\n\t\t\t\t\n\t\t\t\t\t<div class=\"um-profile-nav-item um-profile-nav-main  active\">\n\t\t\t\t\t\t\t\t\t\t\t\t\t<a href=\"https:\/\/shinmuryodojo.com\/en\/wp-json\/wp\/v2\/pages\/3600?profiletab=main\" class=\"uimob800-show uimob500-show uimob340-show um-tip-n\"\n\t\t\t\t\t\t\t   title=\"About\" original-title=\"About\" >\n\n\t\t\t\t\t\t\t\t<i class=\"um-faicon-user\"><\/i>\n\n\t\t\t\t\t\t\t\t\n\t\t\t\t\t\t\t\t<span class=\"uimob800-hide uimob500-hide uimob340-hide title\">About<\/span>\n\t\t\t\t\t\t\t<\/a>\n\t\t\t\t\t\t\t<a href=\"https:\/\/shinmuryodojo.com\/en\/wp-json\/wp\/v2\/pages\/3600?profiletab=main\" class=\"uimob800-hide uimob500-hide uimob340-hide\"\n\t\t\t\t\t\t\t   title=\"About\" >\n\n\t\t\t\t\t\t\t\t<i class=\"um-faicon-user\"><\/i>\n\n\t\t\t\t\t\t\t\t\n\t\t\t\t\t\t\t\t<span class=\"title\">About<\/span>\n\t\t\t\t\t\t\t<\/a>\n\t\t\t\t\t\t\t\t\t\t\t<\/div>\n\n\t\t\t\t\n\t\t\t\t\t<div class=\"um-profile-nav-item um-profile-nav-posts\">\n\t\t\t\t\t\t\t\t\t\t\t\t\t<a href=\"https:\/\/shinmuryodojo.com\/en\/wp-json\/wp\/v2\/pages\/3600?profiletab=posts\" class=\"uimob800-show uimob500-show uimob340-show um-tip-n\"\n\t\t\t\t\t\t\t   title=\"Posts\" original-title=\"Posts\" >\n\n\t\t\t\t\t\t\t\t<i class=\"um-faicon-pencil\"><\/i>\n\n\t\t\t\t\t\t\t\t\n\t\t\t\t\t\t\t\t<span class=\"uimob800-hide uimob500-hide uimob340-hide title\">Posts<\/span>\n\t\t\t\t\t\t\t<\/a>\n\t\t\t\t\t\t\t<a href=\"https:\/\/shinmuryodojo.com\/en\/wp-json\/wp\/v2\/pages\/3600?profiletab=posts\" class=\"uimob800-hide uimob500-hide uimob340-hide\"\n\t\t\t\t\t\t\t   title=\"Posts\" >\n\n\t\t\t\t\t\t\t\t<i class=\"um-faicon-pencil\"><\/i>\n\n\t\t\t\t\t\t\t\t\n\t\t\t\t\t\t\t\t<span class=\"title\">Posts<\/span>\n\t\t\t\t\t\t\t<\/a>\n\t\t\t\t\t\t\t\t\t\t\t<\/div>\n\n\t\t\t\t\n\t\t\t\t\t<div class=\"um-profile-nav-item um-profile-nav-comments\">\n\t\t\t\t\t\t\t\t\t\t\t\t\t<a href=\"https:\/\/shinmuryodojo.com\/en\/wp-json\/wp\/v2\/pages\/3600?profiletab=comments\" class=\"uimob800-show uimob500-show uimob340-show um-tip-n\"\n\t\t\t\t\t\t\t   title=\"Comments\" original-title=\"Comments\" >\n\n\t\t\t\t\t\t\t\t<i class=\"um-faicon-comment\"><\/i>\n\n\t\t\t\t\t\t\t\t\n\t\t\t\t\t\t\t\t<span class=\"uimob800-hide uimob500-hide uimob340-hide title\">Comments<\/span>\n\t\t\t\t\t\t\t<\/a>\n\t\t\t\t\t\t\t<a href=\"https:\/\/shinmuryodojo.com\/en\/wp-json\/wp\/v2\/pages\/3600?profiletab=comments\" class=\"uimob800-hide uimob500-hide uimob340-hide\"\n\t\t\t\t\t\t\t   title=\"Comments\" >\n\n\t\t\t\t\t\t\t\t<i class=\"um-faicon-comment\"><\/i>\n\n\t\t\t\t\t\t\t\t\n\t\t\t\t\t\t\t\t<span class=\"title\">Comments<\/span>\n\t\t\t\t\t\t\t<\/a>\n\t\t\t\t\t\t\t\t\t\t\t<\/div>\n\n\t\t\t\t\n\t\t\t\t<div class=\"um-clear\"><\/div>\n\n\t\t\t<\/div>\n\n\t\t\t\t\t\t<div class=\"um-profile-body main main-default\">\n\n\t\t\t\t\t<p class=\"um-profile-note\"><i class=\"um-faicon-frown-o\"><\/i><span>This user has not added any information to their profile yet.<\/span><\/p><div class=\"um-row _um_row_1\" style=\"margin: 0 0 30px 0;\"><div class=\"um-col-1\"><\/div><\/div><div class=\"um-row _um_row_2  um-customized-row\" style=\"padding: 5px 5px 5px 5px;background-color: #750000;margin: 0px 0px 30px 0px;border-width: 2px 2px 2px 2px;border-style: solid;border-color: #900000;border-radius: 0px;color: #ffffff !important;\"><div class=\"um-col-1\"><\/div><\/div><div class=\"um-row _um_row_3\" style=\"margin: 0 0 30px 0;\"><div class=\"um-col-121\"><\/div><div class=\"um-col-122\"><\/div><div class=\"um-clear\"><\/div><\/div><div class=\"um-row _um_row_4\" style=\"margin: 0 0 30px 0;\"><div class=\"um-col-1\"><\/div><\/div><div class=\"um-row _um_row_5\" style=\"margin: 0 0 30px 0;\"><div class=\"um-col-121\"><\/div><div class=\"um-col-122\"><\/div><div class=\"um-clear\"><\/div><\/div><div class=\"um-row _um_row_6\" style=\"margin: 0 0 30px 0;\"><div class=\"um-col-1\"><\/div><\/div><div class=\"um-row _um_row_7\" style=\"margin: 0 0 30px 0;\"><div class=\"um-col-1\"><\/div><\/div><div class=\"um-row _um_row_8\" style=\"margin: 0 0 30px 0;\"><div class=\"um-col-121\"><\/div><div class=\"um-col-122\"><\/div><div class=\"um-clear\"><\/div><\/div><div class=\"um-row _um_row_9\" style=\"margin: 0 0 30px 0;\"><div class=\"um-col-1\"><\/div><\/div><div class=\"um-row _um_row_10\" style=\"margin: 0 0 30px 0;\"><div class=\"um-col-1\"><\/div><\/div><div class=\"um-row _um_row_11\" style=\"margin: 0 0 30px 0;\"><div class=\"um-col-121\"><\/div><div class=\"um-col-122\"><\/div><div class=\"um-clear\"><\/div><\/div><div class=\"um-row _um_row_12\" style=\"margin: 0 0 30px 0;\"><div class=\"um-col-121\"><\/div><div class=\"um-col-122\"><\/div><div class=\"um-clear\"><\/div><\/div><div class=\"um-row _um_row_13\" style=\"margin: 0 0 30px 0;\"><div class=\"um-col-121\"><\/div><div class=\"um-col-122\"><\/div><div class=\"um-clear\"><\/div><\/div><div class=\"um-row _um_row_14\" style=\"margin: 0 0 30px 0;\"><div class=\"um-col-121\"><\/div><div class=\"um-col-122\"><\/div><div class=\"um-clear\"><\/div><\/div><div class=\"um-row _um_row_15\" style=\"margin: 0 0 30px 0;\"><div class=\"um-col-1\"><\/div><\/div><div class=\"um-row _um_row_16\" style=\"margin: 0 0 30px 0;\"><div class=\"um-col-1\"><div  class=\"um-field um-field-divider  um-field-divider um-field-type_divider\" data-key=\"um_divider_2842_17_44\" style=\"border-bottom:4px dotted #961e1e;\"><div class=\"um-field-divider-text\"><span>\u5352\u696d SOTSUGY\u014c (GRADUA\u00c7\u00d5ES)<\/span><\/div><\/div><\/div><\/div><div class=\"um-row _um_row_17  um-customized-row\" style=\"padding: 0px 0px 0px 0px;background-color: #ffffff;margin: 0px 0px 10px 0px;border-width: 0px 0px 0px 0px;border-style: solid;border-radius: 0px;color: #000000 !important;\"><div class=\"um-col-1\"><div  class=\"um-field um-field-divider  um-field-divider um-field-type_divider\" data-key=\"um_divider_2842_17_44_45\" style=\"border-bottom:4px dotted #ffffff;\"><div class=\"um-field-divider-text\"><span>\u7121\u7d1a\u8005 MUKY\u016aSHA \/ \u521d\u5fc3\u8005 SHOSHINSHA (PESSOA SEM N\u00cdVEL \/ INICIANTE)<\/span><\/div><\/div><\/div><\/div><div class=\"um-row _um_row_18\" style=\"margin: 0 0 30px 0;\"><div class=\"um-col-1\"><\/div><\/div><div class=\"um-row _um_row_19  um-customized-row\" style=\"padding: 0px 0px 0px 0px;background-color: #117700;margin: 0px 0px 10px 0px;border-width: 0px 0px 0px 0px;border-style: solid;border-radius: 0px;color: #dd3333 !important;\"><div class=\"um-col-1\"><div  class=\"um-field um-field-divider  um-field-divider um-field-type_divider\" data-key=\"um_divider_2842_17_44_45_46\" style=\"border-bottom:4px dotted #d60000;\"><div class=\"um-field-divider-text\"><span>\u7d1a\u8005 KY\u016aSHA<\/span><\/div><\/div><\/div><\/div><div class=\"um-row _um_row_20\" style=\"margin: 0 0 30px 0;\"><div class=\"um-col-121\"><\/div><div class=\"um-col-122\"><\/div><div class=\"um-clear\"><\/div><\/div><div class=\"um-row _um_row_21\" style=\"margin: 0 0 30px 0;\"><div class=\"um-col-121\"><\/div><div class=\"um-col-122\"><\/div><div class=\"um-clear\"><\/div><\/div><div class=\"um-row _um_row_22\" style=\"margin: 0 0 30px 0;\"><div class=\"um-col-121\"><\/div><div class=\"um-col-122\"><\/div><div class=\"um-clear\"><\/div><\/div><div class=\"um-row _um_row_23\" style=\"margin: 0 0 30px 0;\"><div class=\"um-col-121\"><\/div><div class=\"um-col-122\"><\/div><div class=\"um-clear\"><\/div><\/div><div class=\"um-row _um_row_24\" style=\"margin: 0 0 30px 0;\"><div class=\"um-col-1\"><\/div><\/div><div class=\"um-row _um_row_25  um-customized-row\" style=\"padding: 0px 0px 0px 0px;background-color: #000000;margin: 0px 0px 10px 0px;border-width: 0px 0px 0px 0px;border-style: solid;border-radius: 0px;color: #ffffff !important;\"><div class=\"um-col-1\"><\/div><\/div><div class=\"um-row _um_row_26\" style=\"margin: 0 0 30px 0;\"><div class=\"um-col-121\"><\/div><div class=\"um-col-122\"><\/div><div class=\"um-clear\"><\/div><\/div><div class=\"um-row _um_row_27\" style=\"margin: 0 0 30px 0;\"><div class=\"um-col-121\"><\/div><div class=\"um-col-122\"><\/div><div class=\"um-clear\"><\/div><\/div><div class=\"um-row _um_row_28  um-customized-row\" style=\"padding: 0px 0px 0px 0px;background-color: #000000;margin: 0px 0px 10px 0px;border-width: 0px 0px 0px 0px;border-style: solid;border-radius: 0px;color: #ffffff !important;\"><div class=\"um-col-1\"><\/div><\/div><div class=\"um-row _um_row_29\" style=\"margin: 0 0 30px 0;\"><div class=\"um-col-121\"><\/div><div class=\"um-col-122\"><\/div><div class=\"um-clear\"><\/div><\/div><div class=\"um-row _um_row_30\" style=\"margin: 0 0 30px 0;\"><div class=\"um-col-121\"><\/div><div class=\"um-col-122\"><\/div><div class=\"um-clear\"><\/div><\/div><div class=\"um-row _um_row_31\" style=\"margin: 0 0 30px 0;\"><div class=\"um-col-1\"><\/div><\/div><div class=\"um-row _um_row_32  um-customized-row\" style=\"padding: 0px 0px 0px 0px;background-color: #000000;margin: 0px 0px 10px 0px;border-width: 0px 0px 0px 0px;border-style: solid;border-radius: 0px;color: #ffffff !important;\"><div class=\"um-col-1\"><\/div><\/div><div class=\"um-row _um_row_33\" style=\"margin: 0 0 30px 0;\"><div class=\"um-col-121\"><\/div><div class=\"um-col-122\"><\/div><div class=\"um-clear\"><\/div><\/div><div class=\"um-row _um_row_34\" style=\"margin: 0 0 30px 0;\"><div class=\"um-col-121\"><\/div><div class=\"um-col-122\"><\/div><div class=\"um-clear\"><\/div><\/div><div class=\"um-row _um_row_35\" style=\"margin: 0 0 30px 0;\"><div class=\"um-col-121\"><\/div><div class=\"um-col-122\"><\/div><div class=\"um-clear\"><\/div><\/div>\t\t\t\t\t<div class=\"clear\"><\/div>\n\t\t\t\t<\/div>\n\t\t\t\t\t<\/div>\n<\/div>\n<style>\n\t\t\t.um-2844.um {\n\t\t\tmax-width: 900px;\n\t\t}\n\t\t<\/style>\n<style>\n\t\t\t.um-2844.um .um-profile-body {\n\t\t\tmax-width: 900px;\n\t\t}\n\t\t.um-2844.um .um-profile-photo a.um-profile-photo-img {\n\t\twidth: 300px;\n\t\theight: 300px;\n\t}\n\t.um-2844.um .um-profile-photo a.um-profile-photo-img {\n\t\ttop: -160px;\n\t}\n\t\t\t.um-2844.um .um-profile-meta {\n\t\t\tpadding-left: 360px;\n\t\t}\n\t<\/style>\n<\/p>\n\n\t\t<\/div>\n\t<\/div>\n<\/div><\/div><\/div><\/div>","protected":false},"excerpt":{"rendered":"Change your cover photoUpload Change your cover photoUpload Apply Cancel Change your profile photoUpload Change your profile photoUpload Apply Cancel Upload photo Remove photo Cancel This user account status is","protected":false},"author":1,"featured_media":0,"parent":0,"menu_order":0,"comment_status":"closed","ping_status":"closed","template":"","meta":{"footnotes":""},"class_list":["post-3600","page","type-page","status-publish","hentry"],"yoast_head":"<!-- This site is optimized with the Yoast SEO plugin v27.4 - https:\/\/yoast.com\/product\/yoast-seo-wordpress\/ -->\n<title>Meu Perfil de Aluno - SHINB\u014c RY\u016a NINJUTSU | SHINMURY\u014c D\u014cJ\u014c<\/title>\n<meta name=\"robots\" content=\"index, follow, max-snippet:-1, max-image-preview:large, max-video-preview:-1\" \/>\n<link rel=\"canonical\" href=\"https:\/\/shinmuryodojo.com\/en\/meu-perfil-de-aluno\/\" \/>\n<meta property=\"og:locale\" content=\"en_US\" \/>\n<meta property=\"og:type\" content=\"article\" \/>\n<meta property=\"og:title\" content=\"Meu Perfil de Aluno - SHINB\u014c RY\u016a NINJUTSU | SHINMURY\u014c D\u014cJ\u014c\" \/>\n<meta property=\"og:url\" content=\"https:\/\/shinmuryodojo.com\/en\/meu-perfil-de-aluno\/\" \/>\n<meta property=\"og:site_name\" content=\"SHINB\u014c RY\u016a NINJUTSU | SHINMURY\u014c D\u014cJ\u014c\" \/>\n<meta property=\"article:publisher\" content=\"https:\/\/www.facebook.com\/BujinkanShinmuryoDojo\" \/>\n<meta property=\"article:modified_time\" content=\"2020-12-22T03:55:32+00:00\" \/>\n<script type=\"application\/ld+json\" class=\"yoast-schema-graph\">{\"@context\":\"https:\\\/\\\/schema.org\",\"@graph\":[{\"@type\":\"WebPage\",\"@id\":\"https:\\\/\\\/shinmuryodojo.com\\\/meu-perfil-de-aluno\\\/\",\"url\":\"https:\\\/\\\/shinmuryodojo.com\\\/meu-perfil-de-aluno\\\/\",\"name\":\"Meu Perfil de Aluno - SHINB\u014c RY\u016a NINJUTSU | SHINMURY\u014c D\u014cJ\u014c\",\"isPartOf\":{\"@id\":\"https:\\\/\\\/shinmuryodojo.com\\\/#website\"},\"datePublished\":\"2019-06-13T08:03:51+00:00\",\"dateModified\":\"2020-12-22T03:55:32+00:00\",\"breadcrumb\":{\"@id\":\"https:\\\/\\\/shinmuryodojo.com\\\/meu-perfil-de-aluno\\\/#breadcrumb\"},\"inLanguage\":\"en-US\",\"potentialAction\":[{\"@type\":\"ReadAction\",\"target\":[\"https:\\\/\\\/shinmuryodojo.com\\\/meu-perfil-de-aluno\\\/\"]}]},{\"@type\":\"BreadcrumbList\",\"@id\":\"https:\\\/\\\/shinmuryodojo.com\\\/meu-perfil-de-aluno\\\/#breadcrumb\",\"itemListElement\":[{\"@type\":\"ListItem\",\"position\":1,\"name\":\"In\u00edcio\",\"item\":\"https:\\\/\\\/shinmuryodojo.com\\\/\"},{\"@type\":\"ListItem\",\"position\":2,\"name\":\"Meu Perfil de Aluno\"}]},{\"@type\":\"WebSite\",\"@id\":\"https:\\\/\\\/shinmuryodojo.com\\\/#website\",\"url\":\"https:\\\/\\\/shinmuryodojo.com\\\/\",\"name\":\"SHINB\u014c RY\u016a NINJUTSU | SHINMURY\u014c D\u014cJ\u014c\",\"description\":\"SHIHAN GALLENI JUNIOR\",\"potentialAction\":[{\"@type\":\"SearchAction\",\"target\":{\"@type\":\"EntryPoint\",\"urlTemplate\":\"https:\\\/\\\/shinmuryodojo.com\\\/?s={search_term_string}\"},\"query-input\":{\"@type\":\"PropertyValueSpecification\",\"valueRequired\":true,\"valueName\":\"search_term_string\"}}],\"inLanguage\":\"en-US\"}]}<\/script>\n<!-- \/ Yoast SEO plugin. -->","yoast_head_json":{"title":"Meu Perfil de Aluno - SHINB\u014c RY\u016a NINJUTSU | SHINMURY\u014c D\u014cJ\u014c","robots":{"index":"index","follow":"follow","max-snippet":"max-snippet:-1","max-image-preview":"max-image-preview:large","max-video-preview":"max-video-preview:-1"},"canonical":"https:\/\/shinmuryodojo.com\/en\/meu-perfil-de-aluno\/","og_locale":"en_US","og_type":"article","og_title":"Meu Perfil de Aluno - SHINB\u014c RY\u016a NINJUTSU | SHINMURY\u014c D\u014cJ\u014c","og_url":"https:\/\/shinmuryodojo.com\/en\/meu-perfil-de-aluno\/","og_site_name":"SHINB\u014c RY\u016a NINJUTSU | SHINMURY\u014c D\u014cJ\u014c","article_publisher":"https:\/\/www.facebook.com\/BujinkanShinmuryoDojo","article_modified_time":"2020-12-22T03:55:32+00:00","schema":{"@context":"https:\/\/schema.org","@graph":[{"@type":"WebPage","@id":"https:\/\/shinmuryodojo.com\/meu-perfil-de-aluno\/","url":"https:\/\/shinmuryodojo.com\/meu-perfil-de-aluno\/","name":"Meu Perfil de Aluno - SHINB\u014c RY\u016a NINJUTSU | SHINMURY\u014c D\u014cJ\u014c","isPartOf":{"@id":"https:\/\/shinmuryodojo.com\/#website"},"datePublished":"2019-06-13T08:03:51+00:00","dateModified":"2020-12-22T03:55:32+00:00","breadcrumb":{"@id":"https:\/\/shinmuryodojo.com\/meu-perfil-de-aluno\/#breadcrumb"},"inLanguage":"en-US","potentialAction":[{"@type":"ReadAction","target":["https:\/\/shinmuryodojo.com\/meu-perfil-de-aluno\/"]}]},{"@type":"BreadcrumbList","@id":"https:\/\/shinmuryodojo.com\/meu-perfil-de-aluno\/#breadcrumb","itemListElement":[{"@type":"ListItem","position":1,"name":"In\u00edcio","item":"https:\/\/shinmuryodojo.com\/"},{"@type":"ListItem","position":2,"name":"Meu Perfil de Aluno"}]},{"@type":"WebSite","@id":"https:\/\/shinmuryodojo.com\/#website","url":"https:\/\/shinmuryodojo.com\/","name":"SHINB\u014c RY\u016a NINJUTSU | SHINMURY\u014c D\u014cJ\u014c","description":"SHIHAN GALLENI JUNIOR","potentialAction":[{"@type":"SearchAction","target":{"@type":"EntryPoint","urlTemplate":"https:\/\/shinmuryodojo.com\/?s={search_term_string}"},"query-input":{"@type":"PropertyValueSpecification","valueRequired":true,"valueName":"search_term_string"}}],"inLanguage":"en-US"}]}},"_links":{"self":[{"href":"https:\/\/shinmuryodojo.com\/en\/wp-json\/wp\/v2\/pages\/3600","targetHints":{"allow":["GET"]}}],"collection":[{"href":"https:\/\/shinmuryodojo.com\/en\/wp-json\/wp\/v2\/pages"}],"about":[{"href":"https:\/\/shinmuryodojo.com\/en\/wp-json\/wp\/v2\/types\/page"}],"author":[{"embeddable":true,"href":"https:\/\/shinmuryodojo.com\/en\/wp-json\/wp\/v2\/users\/1"}],"replies":[{"embeddable":true,"href":"https:\/\/shinmuryodojo.com\/en\/wp-json\/wp\/v2\/comments?post=3600"}],"version-history":[{"count":2,"href":"https:\/\/shinmuryodojo.com\/en\/wp-json\/wp\/v2\/pages\/3600\/revisions"}],"predecessor-version":[{"id":4328,"href":"https:\/\/shinmuryodojo.com\/en\/wp-json\/wp\/v2\/pages\/3600\/revisions\/4328"}],"wp:attachment":[{"href":"https:\/\/shinmuryodojo.com\/en\/wp-json\/wp\/v2\/media?parent=3600"}],"curies":[{"name":"wp","href":"https:\/\/api.w.org\/{rel}","templated":true}]}}