{"id":36,"date":"2014-11-12T12:32:28","date_gmt":"2014-11-12T12:32:28","guid":{"rendered":"http:\/\/shinmuryodojo.com\/?page_id=36"},"modified":"2025-07-02T16:09:36","modified_gmt":"2025-07-02T19:09:36","slug":"shinmuryo-dojo","status":"publish","type":"page","link":"https:\/\/shinmuryodojo.com\/en\/shinmuryo-dojo\/","title":{"rendered":"Shinmury\u014d D\u014dj\u014d"},"content":{"rendered":"<div class=\"vc_row wpb_row vc_row-fluid vc_custom_1459646069863\"><div class=\"wpb_column vc_column_container vc_col-sm-12\"><div class=\"vc_column-inner\"><div class=\"wpb_wrapper\">\n\t\t\t<div class=\"box-style-1 heading-shortcode\" id=\"heading-id1040859494\">\n\t\t\t\t<div class=\"module-title\"><h2 class=\"title\" style=\"color:; line-height:40px\">SHINMURY\u014c D\u014cJ\u014c<\/h2><div class=\"dotted\"><!----><\/div><\/div>\n\t\t\t<\/div>\n\t\t<\/div><\/div><\/div><\/div><div class=\"vc_row wpb_row vc_row-fluid\"><div class=\"wpb_column vc_column_container vc_col-sm-3\"><div class=\"vc_column-inner\"><div class=\"wpb_wrapper\">\n\t<div  class=\"wpb_single_image wpb_content_element vc_align_center  wpb_animate_when_almost_visible wpb_bottom-to-top bottom-to-top\">\n\t\t\n\t\t<figure class=\"wpb_wrapper vc_figure\">\n\t\t\t<div class=\"vc_single_image-wrapper   vc_box_border_grey\"><img fetchpriority=\"high\" decoding=\"async\" width=\"130\" height=\"714\" src=\"https:\/\/shinmuryodojo.com\/wp-content\/uploads\/2014\/11\/shinmuryo.png\" class=\"vc_single_image-img attachment-full\" alt=\"\" title=\"shinmuryo\" \/><\/div>\n\t\t<\/figure>\n\t<\/div>\n<\/div><\/div><\/div><div class=\"wpb_column vc_column_container vc_col-sm-9\"><div class=\"vc_column-inner\"><div class=\"wpb_wrapper\">\n\t<div class=\"wpb_text_column wpb_content_element  wpb_animate_when_almost_visible wpb_appear appear\" >\n\t\t<div class=\"wpb_wrapper\">\n\t\t\t<p><strong>\u771f<\/strong> Verdade, realidade.<br \/>\n<strong>\u7121<\/strong> Sem.<br \/>\n<strong>\u91cf<\/strong> Quantidade; medida; peso.<\/p>\n<p><em><strong>Bujinkan Shinmury<span class=\"_5yl5\">\u014d<\/span> D<span class=\"_5yl5\">\u014d<\/span>j<span class=\"_5yl5\">\u014d<\/span><\/strong><\/em>. Pode ser traduzido como: \u201cLocal de Treinamento da Verdade Imensur\u00e1vel\u201d.<br \/>\nNa sauda\u00e7\u00e3o, repetimos a frase <em>Shikin Haramitsu Daik<span class=\"_5yl5\">\u014d<\/span>my<span class=\"_5yl5\">\u014d<\/span><\/em>, indicando a refer\u00eancia <em>Daik<span class=\"_5yl5\">\u014d<\/span>my<span class=\"_5yl5\">\u014d<\/span><\/em>\u00a0para esta grande luz brilhante que ilumina tudo. Assim, buscamos atrav\u00e9s da pr\u00e1tica, despertar a grande luz dentro de n\u00f3s, a luz da verdade.<br \/>\nAquela luz que vem da grande luz dos ensinamentos do <em>S<span class=\"_5yl5\">\u014d<\/span>ke Masaaki Hatsumi<\/em> e dos ancestrais das nove escolas.<\/p>\n<p><em>Shinmury<span class=\"_5yl5\">\u014d<\/span><\/em>\u00a0\u00e9 o conhecimento correto imensur\u00e1vel, ou seja, n\u00e3o tem medidas ou impedimento, n\u00e3o tem peso, n\u00e3o tem quantidade, \u00e9 cont\u00ednua e abrangente, indo al\u00e9m de qualquer medida da mente.<\/p>\n<p>A verdade do <em>Bud<span class=\"_5yl5\">\u014d<\/span><\/em>\u00a0conecta o C\u00e9u, a Terra e o Ser Humano, estes tr\u00eas aspectos podemos chamar de <em>Sanshin<\/em>.<\/p>\n<p>A verdade \u00e9 a realidade que encontra o seu caminho como uma luz nas trevas da ignor\u00e2ncia. Vivemos em um mundo ilus\u00f3rio e como artistas marciais, abrimos nossas mentes e nossos cora\u00e7\u00f5es para o conhecimento atrav\u00e9s dos ensinamentos verdadeiros da <em>Bujinkan.<\/em> Esses ensinamentos n\u00e3o tem <em>medidas.<\/em><\/p>\n<p><em>Shinmury<span class=\"_5yl5\">\u014d<\/span><\/em>\u00a0tamb\u00e9m \u00e9 um dos 37 nomes do Buda <em>Amitabha,<\/em> \u00e9 um Buda celestial descrito nas escrituras da escola de budismo <em>Mahayana (Mikkyo).<\/em> O <em>Buda Amida<\/em> \u00e9 o cora\u00e7\u00e3o da f\u00e9 e da pr\u00e1tica budista <em>Shin.<\/em> Primeiro revelado pelo <em>Buda<\/em> hist\u00f3rico h\u00e1 2.600 anos, o nome deriva do antigo s\u00e2nscrito <em>Amida, Amitabha<\/em> ou <em>Amitayus,<\/em> o significado da vida e luz incomensur\u00e1vel ou unidade. A palavra <em>Amida<\/em> \u00e9 a personifica\u00e7\u00e3o ou s\u00edmbolo para indicar a dimens\u00e3o misteriosa e transcendente, que \u00e9 \u201cn\u00e3o nascer, n\u00e3o criar e sem forma\u201d, tamb\u00e9m conhecido como <em>Dharmakaya,<\/em> o <em>Shunyata<\/em> (vazio), a \u00fanica vida, a grande compaix\u00e3o da natureza de <em>Buda.<\/em> Como dito acima, <em>Amida<\/em> \u00e9 a personifica\u00e7\u00e3o ou s\u00edmbolo da realidade transcendente e deve ser entendido que esta dimens\u00e3o est\u00e1 al\u00e9m da palavra e da ideia de <em>Amida.<\/em> Pode se dizer que \u00e9 o ve\u00edculo que nos permite experimentar essa dimens\u00e3o incompreens\u00edvel de nossa verdadeira natureza.<\/p>\n<p>Entendida como um s\u00edmbolo da verdade universal <em>(Dharma), Amida<\/em> simboliza a for\u00e7a da vida sem nome que cuida de n\u00f3s ou a verdade que nos rodeia e permeia trabalhando incansavelmente para despertar para a realidade como ela \u00e9: o <em>Nirvana.<\/em> O consideramos como a grande m\u00e3e que oferece amor incondicional e compaix\u00e3o universal que nos assegura que a liberta\u00e7\u00e3o espiritual \u00e9 para todos. Essa energia viva do amor e compaix\u00e3o, ningu\u00e9m \u00e9 deixado para tr\u00e1s para sofrer intermin\u00e1veis ciclos de nascimentos e mortes, e n\u00e3o h\u00e1 inferno eterno nem apocal\u00edpticos. Pelo contr\u00e1rio, por causa de seu amor incondicional e compaix\u00e3o, o <em>Buda Amida<\/em> liberta todos os seres que como eles <em>s\u00e3o.<\/em><\/p>\n<p><em>Buda<\/em> \u00e9 um termo que significa\u00a0algumas coisas: em primeiro lugar, \u00e9 qualquer ser que tenha despertado para a dimens\u00e3o do infinito, em segundo, a natureza mais profunda de todas as coisas que lhe falta o eu egoc\u00eantrico e, ent\u00e3o, naturalmente reside a equanimidade e paz, e em terceiro lugar, a nossa realidade, o potencial e <em>destino.<\/em><\/p>\n<p><em>Bud<span class=\"_5yl5\">\u014d<\/span><\/em>\u00a0\u00e9 uma forma de intelig\u00eancia e de sentimentos, a estrat\u00e9gia dos passos em seu treinamento, s\u00e3o aqueles que podem lev\u00e1-lo para o c\u00e9u <em>(Ten)<\/em> ou inferno <em>(Jigoku).<\/em><\/p>\n<p><em>O<\/em> oculto \u00e9 a <em>URA<\/em> da vida, e o oposto do cora\u00e7\u00e3o \u00e9 o <em>OMOTE<\/em> do teu ser. Ambos s\u00e3o importantes como \u865a\u5b9f\u8ee2\u63db\u6cd5 <em>Ky<span class=\"_5yl5\">o<\/span>jitsu Tenkan H<span class=\"_5yl5\">\u014d<\/span><\/em>, mas acima de tudo, o equil\u00edbrio \u00e9 o que faz a humanidade <em>(Jin)<\/em> andar na estrada <em>Bugeisha.<\/em><\/p>\n<p><em>21 de fevereiro de 2010, ano do tigre.<\/em><\/p>\n\n\t\t<\/div>\n\t<\/div>\n<\/div><\/div><\/div><\/div>","protected":false},"excerpt":{"rendered":"SHINMURY\u014c D\u014cJ\u014c \u771f Verdade, realidade. \u7121 Sem. \u91cf Quantidade; medida; peso. Bujinkan Shinmury\u014d D\u014dj\u014d. Pode ser traduzido como: \u201cLocal de Treinamento da Verdade Imensur\u00e1vel\u201d. Na sauda\u00e7\u00e3o, repetimos a frase Shikin","protected":false},"author":1,"featured_media":0,"parent":0,"menu_order":0,"comment_status":"closed","ping_status":"closed","template":"","meta":{"footnotes":""},"class_list":["post-36","page","type-page","status-publish","hentry"],"yoast_head":"<!-- This site is optimized with the Yoast SEO plugin v27.4 - https:\/\/yoast.com\/product\/yoast-seo-wordpress\/ -->\n<title>Shinmury\u014d D\u014dj\u014d - SHINB\u014c RY\u016a NINJUTSU | SHINMURY\u014c D\u014cJ\u014c<\/title>\n<meta name=\"robots\" content=\"index, follow, max-snippet:-1, max-image-preview:large, max-video-preview:-1\" \/>\n<link rel=\"canonical\" href=\"https:\/\/shinmuryodojo.com\/en\/shinmuryo-dojo\/\" \/>\n<meta property=\"og:locale\" content=\"en_US\" \/>\n<meta property=\"og:type\" content=\"article\" \/>\n<meta property=\"og:title\" content=\"Shinmury\u014d D\u014dj\u014d - SHINB\u014c RY\u016a NINJUTSU | SHINMURY\u014c D\u014cJ\u014c\" \/>\n<meta property=\"og:url\" content=\"https:\/\/shinmuryodojo.com\/en\/shinmuryo-dojo\/\" \/>\n<meta property=\"og:site_name\" content=\"SHINB\u014c RY\u016a NINJUTSU | SHINMURY\u014c D\u014cJ\u014c\" \/>\n<meta property=\"article:publisher\" content=\"https:\/\/www.facebook.com\/BujinkanShinmuryoDojo\" \/>\n<meta property=\"article:modified_time\" content=\"2025-07-02T19:09:36+00:00\" \/>\n<meta name=\"twitter:label1\" content=\"Est. reading time\" \/>\n\t<meta name=\"twitter:data1\" content=\"3 minutes\" \/>\n<script type=\"application\/ld+json\" class=\"yoast-schema-graph\">{\"@context\":\"https:\\\/\\\/schema.org\",\"@graph\":[{\"@type\":\"WebPage\",\"@id\":\"https:\\\/\\\/shinmuryodojo.com\\\/shinmuryo-dojo\\\/\",\"url\":\"https:\\\/\\\/shinmuryodojo.com\\\/shinmuryo-dojo\\\/\",\"name\":\"Shinmury\u014d D\u014dj\u014d - SHINB\u014c RY\u016a NINJUTSU | SHINMURY\u014c D\u014cJ\u014c\",\"isPartOf\":{\"@id\":\"https:\\\/\\\/shinmuryodojo.com\\\/#website\"},\"datePublished\":\"2014-11-12T12:32:28+00:00\",\"dateModified\":\"2025-07-02T19:09:36+00:00\",\"breadcrumb\":{\"@id\":\"https:\\\/\\\/shinmuryodojo.com\\\/shinmuryo-dojo\\\/#breadcrumb\"},\"inLanguage\":\"en-US\",\"potentialAction\":[{\"@type\":\"ReadAction\",\"target\":[\"https:\\\/\\\/shinmuryodojo.com\\\/shinmuryo-dojo\\\/\"]}]},{\"@type\":\"BreadcrumbList\",\"@id\":\"https:\\\/\\\/shinmuryodojo.com\\\/shinmuryo-dojo\\\/#breadcrumb\",\"itemListElement\":[{\"@type\":\"ListItem\",\"position\":1,\"name\":\"In\u00edcio\",\"item\":\"https:\\\/\\\/shinmuryodojo.com\\\/\"},{\"@type\":\"ListItem\",\"position\":2,\"name\":\"Shinmury\u014d D\u014dj\u014d\"}]},{\"@type\":\"WebSite\",\"@id\":\"https:\\\/\\\/shinmuryodojo.com\\\/#website\",\"url\":\"https:\\\/\\\/shinmuryodojo.com\\\/\",\"name\":\"SHINB\u014c RY\u016a NINJUTSU | SHINMURY\u014c D\u014cJ\u014c\",\"description\":\"SHIHAN GALLENI JUNIOR\",\"potentialAction\":[{\"@type\":\"SearchAction\",\"target\":{\"@type\":\"EntryPoint\",\"urlTemplate\":\"https:\\\/\\\/shinmuryodojo.com\\\/?s={search_term_string}\"},\"query-input\":{\"@type\":\"PropertyValueSpecification\",\"valueRequired\":true,\"valueName\":\"search_term_string\"}}],\"inLanguage\":\"en-US\"}]}<\/script>\n<!-- \/ Yoast SEO plugin. -->","yoast_head_json":{"title":"Shinmury\u014d D\u014dj\u014d - SHINB\u014c RY\u016a NINJUTSU | SHINMURY\u014c D\u014cJ\u014c","robots":{"index":"index","follow":"follow","max-snippet":"max-snippet:-1","max-image-preview":"max-image-preview:large","max-video-preview":"max-video-preview:-1"},"canonical":"https:\/\/shinmuryodojo.com\/en\/shinmuryo-dojo\/","og_locale":"en_US","og_type":"article","og_title":"Shinmury\u014d D\u014dj\u014d - SHINB\u014c RY\u016a NINJUTSU | SHINMURY\u014c D\u014cJ\u014c","og_url":"https:\/\/shinmuryodojo.com\/en\/shinmuryo-dojo\/","og_site_name":"SHINB\u014c RY\u016a NINJUTSU | SHINMURY\u014c D\u014cJ\u014c","article_publisher":"https:\/\/www.facebook.com\/BujinkanShinmuryoDojo","article_modified_time":"2025-07-02T19:09:36+00:00","twitter_misc":{"Est. reading time":"3 minutes"},"schema":{"@context":"https:\/\/schema.org","@graph":[{"@type":"WebPage","@id":"https:\/\/shinmuryodojo.com\/shinmuryo-dojo\/","url":"https:\/\/shinmuryodojo.com\/shinmuryo-dojo\/","name":"Shinmury\u014d D\u014dj\u014d - SHINB\u014c RY\u016a NINJUTSU | SHINMURY\u014c D\u014cJ\u014c","isPartOf":{"@id":"https:\/\/shinmuryodojo.com\/#website"},"datePublished":"2014-11-12T12:32:28+00:00","dateModified":"2025-07-02T19:09:36+00:00","breadcrumb":{"@id":"https:\/\/shinmuryodojo.com\/shinmuryo-dojo\/#breadcrumb"},"inLanguage":"en-US","potentialAction":[{"@type":"ReadAction","target":["https:\/\/shinmuryodojo.com\/shinmuryo-dojo\/"]}]},{"@type":"BreadcrumbList","@id":"https:\/\/shinmuryodojo.com\/shinmuryo-dojo\/#breadcrumb","itemListElement":[{"@type":"ListItem","position":1,"name":"In\u00edcio","item":"https:\/\/shinmuryodojo.com\/"},{"@type":"ListItem","position":2,"name":"Shinmury\u014d D\u014dj\u014d"}]},{"@type":"WebSite","@id":"https:\/\/shinmuryodojo.com\/#website","url":"https:\/\/shinmuryodojo.com\/","name":"SHINB\u014c RY\u016a NINJUTSU | SHINMURY\u014c D\u014cJ\u014c","description":"SHIHAN GALLENI JUNIOR","potentialAction":[{"@type":"SearchAction","target":{"@type":"EntryPoint","urlTemplate":"https:\/\/shinmuryodojo.com\/?s={search_term_string}"},"query-input":{"@type":"PropertyValueSpecification","valueRequired":true,"valueName":"search_term_string"}}],"inLanguage":"en-US"}]}},"_links":{"self":[{"href":"https:\/\/shinmuryodojo.com\/en\/wp-json\/wp\/v2\/pages\/36","targetHints":{"allow":["GET"]}}],"collection":[{"href":"https:\/\/shinmuryodojo.com\/en\/wp-json\/wp\/v2\/pages"}],"about":[{"href":"https:\/\/shinmuryodojo.com\/en\/wp-json\/wp\/v2\/types\/page"}],"author":[{"embeddable":true,"href":"https:\/\/shinmuryodojo.com\/en\/wp-json\/wp\/v2\/users\/1"}],"replies":[{"embeddable":true,"href":"https:\/\/shinmuryodojo.com\/en\/wp-json\/wp\/v2\/comments?post=36"}],"version-history":[{"count":2,"href":"https:\/\/shinmuryodojo.com\/en\/wp-json\/wp\/v2\/pages\/36\/revisions"}],"predecessor-version":[{"id":4821,"href":"https:\/\/shinmuryodojo.com\/en\/wp-json\/wp\/v2\/pages\/36\/revisions\/4821"}],"wp:attachment":[{"href":"https:\/\/shinmuryodojo.com\/en\/wp-json\/wp\/v2\/media?parent=36"}],"curies":[{"name":"wp","href":"https:\/\/api.w.org\/{rel}","templated":true}]}}