{"id":22,"date":"2014-11-12T11:35:42","date_gmt":"2014-11-12T11:35:42","guid":{"rendered":"http:\/\/shinmuryodojo.com\/?page_id=19"},"modified":"2020-08-19T22:54:01","modified_gmt":"2020-08-20T01:54:01","slug":"bujinkan","status":"publish","type":"page","link":"https:\/\/shinmuryodojo.com\/en\/bujinkan\/","title":{"rendered":"Bujinkan"},"content":{"rendered":"<div class=\"vc_row wpb_row vc_row-fluid vc_custom_1459642696209\"><div class=\"wpb_column vc_column_container vc_col-sm-12\"><div class=\"vc_column-inner\"><div class=\"wpb_wrapper\">\n\t\t\t<div class=\"box-style-1 heading-shortcode\" id=\"heading-id880929736\">\n\t\t\t\t<div class=\"module-title\"><h2 class=\"title\" style=\"color:; line-height:40px\">BUJINKAN<\/h2><div class=\"dotted\"><!----><\/div><\/div>\n\t\t\t<\/div>\n\t\t<\/div><\/div><\/div><\/div><div class=\"vc_row wpb_row vc_row-fluid\"><div class=\"wpb_column vc_column_container vc_col-sm-12\"><div class=\"vc_column-inner\"><div class=\"wpb_wrapper\">\n\t<div class=\"wpb_text_column wpb_content_element\" >\n\t\t<div class=\"wpb_wrapper\">\n\t\t\t<div class=\"vc_row wpb_row vc_row-fluid vc_custom_1423362355932\">\n<div class=\"vc_col-sm-12 wpb_column vc_column_container\">\n<div class=\"wpb_wrapper\">\n<div class=\"wpb_text_column wpb_content_element vc_custom_1423362241936\">\n<div class=\"wpb_wrapper\">\n<p><em><strong>BUJINKAN<\/strong> <\/em>\u00e9 uma organiza\u00e7\u00e3o liderada mundialmente pelo Dr. <em>Masaaki Hatsumi<\/em>, o objetivo desta organiza\u00e7\u00e3o \u00e9 preservar e difundir os ensinamentos de nove escolas de Artes Marciais tradicionais japonesas.<\/p>\n<p>Na atualidade a din\u00e2mica do treinamento progride pelos exerc\u00edcios de condicionamento f\u00edsico, posturas, esquivas, bloqueios, t\u00e9cnicas para golpear o advers\u00e1rio com todo o nosso corpo e t\u00e9cnicas fluidas para pressionar, luxar, estrangular, romper ossos, golpear em pontos vitais e controlar o oponente.<\/p>\n<p>As t\u00e9cnicas est\u00e3o baseadas em movimentos que usam nosso corpo integralmente para a autoprote\u00e7\u00e3o com senso de oportunidade e com precis\u00e3o de tempo, aplicando conceitos de antecipa\u00e7\u00e3o, combina\u00e7\u00e3o, flu\u00eancia e controle, atrav\u00e9s de golpes desferidos em todas as dimens\u00f5es espaciais durante o confronto. Observando as dist\u00e2ncias curtas e longas no corpo a corpo, que sejam em p\u00e9 ou no ch\u00e3o, contra um advers\u00e1rio ou contra v\u00e1rios, com armas ou desarmado.<\/p>\n<p>Aqui, cada indiv\u00edduo realiza seu pr\u00f3prio processo dentro do treinamento, utilizando todos os conhecimentos que ele for experimentando efetivamente. Ent\u00e3o, aprender \u00e9 um caminho que favorece as a\u00e7\u00f5es criativas de tal modo que cada um pode achar uma forma apropriada de responder antes das diferentes situa\u00e7\u00f5es que lhe s\u00e3o apresentadas.<\/p>\n<p>As classes s\u00e3o orientadas a oferecer um espa\u00e7o \u00e0 explora\u00e7\u00e3o e desenvolvimento de todas as potencialidades tanto f\u00edsico, mental, espiritual e social. E nos leva despertar a consci\u00eancia e infundir a autoconfian\u00e7a para enfrentar a vida, e usar a intelig\u00eancia juntamente com os sentimentos.<\/p>\n<p>N\u00f3s inclu\u00edmos desde nossa perspectiva, o corpo como receptor\/emissor e integrador das viv\u00eancias enriquecedoras de nossa aprendizagem. A <em>Bujinkan<\/em> n\u00e3o realiza competi\u00e7\u00f5es e est\u00e1 baseado no desenvolvimento pessoal e a aprendizagem cont\u00ednua, conservando a honra dos mestres do passado e do presente.<\/p>\n<p>Entendemos que a meta n\u00e3o deve ser colocada em algo externo como um pr\u00eamio, mas na satisfa\u00e7\u00e3o \u00edntima de algum fato. \u00c9 dito que a competi\u00e7\u00e3o faz surgir o ego\u00edsmo, a nega\u00e7\u00e3o do outro e a vaidade, ou o sentimento de derrota ou de inabilidade.<\/p>\n<p>Por isso, conservamos vivo os antigos ensinamentos dos Antigos Guerreiros Japoneses, desenvolvendo de forma integral e equilibrada a mente, o sentimento e o corpo.<\/p>\n<p>Os m\u00e9todos oferecem uma vis\u00e3o moderna e de acordo com as necessidades dos tempos atuais.\n<\/p><\/div>\n<\/div>\n<\/div>\n<\/div>\n<\/div>\n\n\t\t<\/div>\n\t<\/div>\n<\/div><\/div><\/div><\/div><div class=\"vc_row wpb_row vc_row-fluid vc_custom_1459642719646\"><div class=\"wpb_column vc_column_container vc_col-sm-12\"><div class=\"vc_column-inner\"><div class=\"wpb_wrapper\">\n\t\t\t<div class=\"box-style-1 heading-shortcode\" id=\"heading-id634175617\">\n\t\t\t\t<div class=\"module-title\"><h2 class=\"title\" style=\"color:; line-height:40px\">C\u00f3digo do D\u014dj\u014d<\/h2><div class=\"dotted\"><!----><\/div><\/div>\n\t\t\t<\/div>\n\t\t<\/div><\/div><\/div><\/div><div class=\"vc_row wpb_row vc_row-fluid\"><div class=\"wpb_column vc_column_container vc_col-sm-12\"><div class=\"vc_column-inner\"><div class=\"wpb_wrapper\">\n\t<div class=\"wpb_text_column wpb_content_element\" >\n\t\t<div class=\"wpb_wrapper\">\n\t\t\t<ol>\n<li>Saber que a paci\u00eancia \u00e9 primordial.<\/li>\n<li>Saber que o caminho do homem prov\u00e9m da justi\u00e7a.<\/li>\n<li>Renunciar \u00e0 avareza, \u00e0 indol\u00eancia e \u00e0 obstina\u00e7\u00e3o.<\/li>\n<li>Reconhecer a tristeza e a preocupa\u00e7\u00e3o como naturais e observar o Cora\u00e7\u00e3o Imut\u00e1vel.<\/li>\n<li>Seguir o caminho da lealdade e do amor fraterno, aprofundar-se no cora\u00e7\u00e3o do <em>Bud\u014d<\/em>.<\/li>\n<\/ol>\n\n\t\t<\/div>\n\t<\/div>\n<\/div><\/div><\/div><\/div>","protected":false},"excerpt":{"rendered":"BUJINKAN BUJINKAN \u00e9 uma organiza\u00e7\u00e3o liderada mundialmente pelo Dr. Masaaki Hatsumi, o objetivo desta organiza\u00e7\u00e3o \u00e9 preservar e difundir os ensinamentos de nove escolas de Artes Marciais tradicionais japonesas. Na","protected":false},"author":1,"featured_media":0,"parent":0,"menu_order":0,"comment_status":"closed","ping_status":"closed","template":"","meta":{"footnotes":""},"class_list":["post-22","page","type-page","status-publish","hentry"],"yoast_head":"<!-- This site is optimized with the Yoast SEO plugin v27.5 - https:\/\/yoast.com\/product\/yoast-seo-wordpress\/ -->\n<title>Bujinkan - SHINB\u014c RY\u016a NINJUTSU | SHINMURY\u014c D\u014cJ\u014c<\/title>\n<meta name=\"robots\" content=\"index, follow, max-snippet:-1, max-image-preview:large, max-video-preview:-1\" \/>\n<link rel=\"canonical\" href=\"https:\/\/shinmuryodojo.com\/en\/bujinkan\/\" \/>\n<meta property=\"og:locale\" content=\"en_US\" \/>\n<meta property=\"og:type\" content=\"article\" \/>\n<meta property=\"og:title\" content=\"Bujinkan - SHINB\u014c RY\u016a NINJUTSU | SHINMURY\u014c D\u014cJ\u014c\" \/>\n<meta property=\"og:url\" content=\"https:\/\/shinmuryodojo.com\/en\/bujinkan\/\" \/>\n<meta property=\"og:site_name\" content=\"SHINB\u014c RY\u016a NINJUTSU | SHINMURY\u014c D\u014cJ\u014c\" \/>\n<meta property=\"article:publisher\" content=\"https:\/\/www.facebook.com\/BujinkanShinmuryoDojo\" \/>\n<meta property=\"article:modified_time\" content=\"2020-08-20T01:54:01+00:00\" \/>\n<meta name=\"twitter:label1\" content=\"Est. reading time\" \/>\n\t<meta name=\"twitter:data1\" content=\"3 minutes\" \/>\n<script type=\"application\/ld+json\" class=\"yoast-schema-graph\">{\"@context\":\"https:\\\/\\\/schema.org\",\"@graph\":[{\"@type\":\"WebPage\",\"@id\":\"https:\\\/\\\/shinmuryodojo.com\\\/bujinkan\\\/\",\"url\":\"https:\\\/\\\/shinmuryodojo.com\\\/bujinkan\\\/\",\"name\":\"Bujinkan - SHINB\u014c RY\u016a NINJUTSU | SHINMURY\u014c D\u014cJ\u014c\",\"isPartOf\":{\"@id\":\"https:\\\/\\\/shinmuryodojo.com\\\/#website\"},\"datePublished\":\"2014-11-12T11:35:42+00:00\",\"dateModified\":\"2020-08-20T01:54:01+00:00\",\"breadcrumb\":{\"@id\":\"https:\\\/\\\/shinmuryodojo.com\\\/bujinkan\\\/#breadcrumb\"},\"inLanguage\":\"en-US\",\"potentialAction\":[{\"@type\":\"ReadAction\",\"target\":[\"https:\\\/\\\/shinmuryodojo.com\\\/bujinkan\\\/\"]}]},{\"@type\":\"BreadcrumbList\",\"@id\":\"https:\\\/\\\/shinmuryodojo.com\\\/bujinkan\\\/#breadcrumb\",\"itemListElement\":[{\"@type\":\"ListItem\",\"position\":1,\"name\":\"In\u00edcio\",\"item\":\"https:\\\/\\\/shinmuryodojo.com\\\/\"},{\"@type\":\"ListItem\",\"position\":2,\"name\":\"Bujinkan\"}]},{\"@type\":\"WebSite\",\"@id\":\"https:\\\/\\\/shinmuryodojo.com\\\/#website\",\"url\":\"https:\\\/\\\/shinmuryodojo.com\\\/\",\"name\":\"SHINB\u014c RY\u016a NINJUTSU | SHINMURY\u014c D\u014cJ\u014c\",\"description\":\"SHIHAN GALLENI JUNIOR\",\"potentialAction\":[{\"@type\":\"SearchAction\",\"target\":{\"@type\":\"EntryPoint\",\"urlTemplate\":\"https:\\\/\\\/shinmuryodojo.com\\\/?s={search_term_string}\"},\"query-input\":{\"@type\":\"PropertyValueSpecification\",\"valueRequired\":true,\"valueName\":\"search_term_string\"}}],\"inLanguage\":\"en-US\"}]}<\/script>\n<!-- \/ Yoast SEO plugin. -->","yoast_head_json":{"title":"Bujinkan - SHINB\u014c RY\u016a NINJUTSU | SHINMURY\u014c D\u014cJ\u014c","robots":{"index":"index","follow":"follow","max-snippet":"max-snippet:-1","max-image-preview":"max-image-preview:large","max-video-preview":"max-video-preview:-1"},"canonical":"https:\/\/shinmuryodojo.com\/en\/bujinkan\/","og_locale":"en_US","og_type":"article","og_title":"Bujinkan - SHINB\u014c RY\u016a NINJUTSU | SHINMURY\u014c D\u014cJ\u014c","og_url":"https:\/\/shinmuryodojo.com\/en\/bujinkan\/","og_site_name":"SHINB\u014c RY\u016a NINJUTSU | SHINMURY\u014c D\u014cJ\u014c","article_publisher":"https:\/\/www.facebook.com\/BujinkanShinmuryoDojo","article_modified_time":"2020-08-20T01:54:01+00:00","twitter_misc":{"Est. reading time":"3 minutes"},"schema":{"@context":"https:\/\/schema.org","@graph":[{"@type":"WebPage","@id":"https:\/\/shinmuryodojo.com\/bujinkan\/","url":"https:\/\/shinmuryodojo.com\/bujinkan\/","name":"Bujinkan - SHINB\u014c RY\u016a NINJUTSU | SHINMURY\u014c D\u014cJ\u014c","isPartOf":{"@id":"https:\/\/shinmuryodojo.com\/#website"},"datePublished":"2014-11-12T11:35:42+00:00","dateModified":"2020-08-20T01:54:01+00:00","breadcrumb":{"@id":"https:\/\/shinmuryodojo.com\/bujinkan\/#breadcrumb"},"inLanguage":"en-US","potentialAction":[{"@type":"ReadAction","target":["https:\/\/shinmuryodojo.com\/bujinkan\/"]}]},{"@type":"BreadcrumbList","@id":"https:\/\/shinmuryodojo.com\/bujinkan\/#breadcrumb","itemListElement":[{"@type":"ListItem","position":1,"name":"In\u00edcio","item":"https:\/\/shinmuryodojo.com\/"},{"@type":"ListItem","position":2,"name":"Bujinkan"}]},{"@type":"WebSite","@id":"https:\/\/shinmuryodojo.com\/#website","url":"https:\/\/shinmuryodojo.com\/","name":"SHINB\u014c RY\u016a NINJUTSU | SHINMURY\u014c D\u014cJ\u014c","description":"SHIHAN GALLENI JUNIOR","potentialAction":[{"@type":"SearchAction","target":{"@type":"EntryPoint","urlTemplate":"https:\/\/shinmuryodojo.com\/?s={search_term_string}"},"query-input":{"@type":"PropertyValueSpecification","valueRequired":true,"valueName":"search_term_string"}}],"inLanguage":"en-US"}]}},"_links":{"self":[{"href":"https:\/\/shinmuryodojo.com\/en\/wp-json\/wp\/v2\/pages\/22","targetHints":{"allow":["GET"]}}],"collection":[{"href":"https:\/\/shinmuryodojo.com\/en\/wp-json\/wp\/v2\/pages"}],"about":[{"href":"https:\/\/shinmuryodojo.com\/en\/wp-json\/wp\/v2\/types\/page"}],"author":[{"embeddable":true,"href":"https:\/\/shinmuryodojo.com\/en\/wp-json\/wp\/v2\/users\/1"}],"replies":[{"embeddable":true,"href":"https:\/\/shinmuryodojo.com\/en\/wp-json\/wp\/v2\/comments?post=22"}],"version-history":[{"count":2,"href":"https:\/\/shinmuryodojo.com\/en\/wp-json\/wp\/v2\/pages\/22\/revisions"}],"predecessor-version":[{"id":3919,"href":"https:\/\/shinmuryodojo.com\/en\/wp-json\/wp\/v2\/pages\/22\/revisions\/3919"}],"wp:attachment":[{"href":"https:\/\/shinmuryodojo.com\/en\/wp-json\/wp\/v2\/media?parent=22"}],"curies":[{"name":"wp","href":"https:\/\/api.w.org\/{rel}","templated":true}]}}