{"id":21,"date":"2014-11-12T10:16:17","date_gmt":"2014-11-12T12:16:17","guid":{"rendered":"http:\/\/shinmuryodojo.com\/?page_id=2"},"modified":"2021-04-20T22:17:56","modified_gmt":"2021-04-21T01:17:56","slug":"ninjutsu","status":"publish","type":"page","link":"https:\/\/shinmuryodojo.com\/en\/ninjutsu\/","title":{"rendered":"Ninjutsu"},"content":{"rendered":"<div class=\"vc_row wpb_row vc_row-fluid vc_custom_1459644437601\"><div class=\"wpb_column vc_column_container vc_col-sm-12\"><div class=\"vc_column-inner\"><div class=\"wpb_wrapper\">\n\t\t\t<div class=\"box-style-1 heading-shortcode\" id=\"heading-id646444978\">\n\t\t\t\t<div class=\"module-title\"><h2 class=\"title\" style=\"color:; line-height:40px\">NINJUTSU<\/h2><div class=\"dotted\"><!----><\/div><\/div>\n\t\t\t<\/div>\n\t\t<\/div><\/div><\/div><\/div><div class=\"vc_row wpb_row vc_row-fluid\"><div class=\"wpb_column vc_column_container vc_col-sm-12\"><div class=\"vc_column-inner\"><div class=\"wpb_wrapper\">\n\t<div  class=\"wpb_single_image wpb_content_element vc_align_center  wpb_animate_when_almost_visible wpb_appear appear\">\n\t\t\n\t\t<figure class=\"wpb_wrapper vc_figure\">\n\t\t\t<div class=\"vc_single_image-wrapper vc_box_rounded  vc_box_border_grey\"><img fetchpriority=\"high\" decoding=\"async\" width=\"400\" height=\"225\" src=\"https:\/\/shinmuryodojo.com\/wp-content\/uploads\/2014\/11\/shinobi_sin_kirigakure_516.jpg\" class=\"vc_single_image-img attachment-full\" alt=\"\" title=\"shinobi_sin_kirigakure_516\" srcset=\"https:\/\/shinmuryodojo.com\/wp-content\/uploads\/2014\/11\/shinobi_sin_kirigakure_516.jpg 400w, https:\/\/shinmuryodojo.com\/wp-content\/uploads\/2014\/11\/shinobi_sin_kirigakure_516-300x169.jpg 300w\" sizes=\"(max-width: 400px) 100vw, 400px\" \/><\/div>\n\t\t<\/figure>\n\t<\/div>\n<\/div><\/div><\/div><\/div><div class=\"vc_row wpb_row vc_row-fluid vc_custom_1459644461191\"><div class=\"wpb_column vc_column_container vc_col-sm-12\"><div class=\"vc_column-inner\"><div class=\"wpb_wrapper\">\n\t\t\t<div class=\"box-style-1 heading-shortcode\" id=\"heading-id323043574\">\n\t\t\t\t<div class=\"module-title\"><h2 class=\"title\" style=\"color:; line-height:40px\">Origem<\/h2><div class=\"dotted\"><!----><\/div><\/div>\n\t\t\t<\/div>\n\t\t<\/div><\/div><\/div><\/div><div class=\"vc_row wpb_row vc_row-fluid\"><div class=\"wpb_column vc_column_container vc_col-sm-12\"><div class=\"vc_column-inner\"><div class=\"wpb_wrapper\">\n\t<div class=\"wpb_text_column wpb_content_element\" >\n\t\t<div class=\"wpb_wrapper\">\n\t\t\t<p>Muitas s\u00e3o as teorias e vers\u00f5es sobre a origem do <em>Ninjutsu<\/em>, assim como o s\u00e3o os mitos, fantasias e exageros a seu respeito.<\/p>\n<p>N\u00e3o \u00e9 poss\u00edvel constatar com exatid\u00e3o a origem de uma arte que se desenvolveu no anonimato, e sobre a qual n\u00e3o existem quaisquer evid\u00eancias documentadas, que eventualmente pudessem dar suporte a qualquer teoria espec\u00edfica. Sabe-se, por\u00e9m, que inicialmente esta arte foi criada como uma forma, ainda que um tanto obscura, de rea\u00e7\u00e3o contra os valores pol\u00edticos, sociais e religiosos do Jap\u00e3o feudal, totalmente dominados pela elite <em>Samurai<\/em>. Da\u00ed a necessidade de ter se conservado durante s\u00e9culos coberta pelo mist\u00e9rio e pela falta de clareza sobre sua hist\u00f3ria. Os guerreiros que posteriormente seriam chamados de <em>Ninja<\/em> n\u00e3o adotavam para si mesmos tal r\u00f3tulo, conservando-se ocultos o m\u00e1ximo poss\u00edvel.<\/p>\n<p>H\u00e1, todavia, uma certeza sobre a arte do <em>Ninja<\/em>: seu desenvolvimento n\u00e3o se deu da mesma maneira que as outras Artes Marciais. Deu-se de forma gradual, com absor\u00e7\u00e3o e mistura de v\u00e1rios tra\u00e7os culturais, principalmente religiosos e marciais, chineses e japoneses. Pode ser chamada de <em>Kobujutsu<\/em> (arte guerreira antiga), sendo considerada pouco convencional, tanto em sua pr\u00e1tica quanto na sua filosofia. Conclui-se que o <em>Ninjutsu<\/em> foi provavelmente desenvolvido entre o s\u00e9culo X e XIV, com a chegada de um expressivo n\u00famero de imigrantes e de <em>Samurai<\/em> foragidos, cujos ex\u00e9rcitos foram derrotados em batalhas, que procuraram ref\u00fagio nas selvas das remotas montanhas das regi\u00f5es japonesas de <em>Iga<\/em> e <em>Koga<\/em>. Esse isolamento auto-imposto permitiu que esses grupos desenvolvessem t\u00e9cnicas de combate e outras artes, originando assim a arte <em>Ninja<\/em>.<\/p>\n\n\t\t<\/div>\n\t<\/div>\n<\/div><\/div><\/div><\/div><div class=\"vc_row wpb_row vc_row-fluid vc_custom_1459644510044\"><div class=\"wpb_column vc_column_container vc_col-sm-12\"><div class=\"vc_column-inner\"><div class=\"wpb_wrapper\">\n\t\t\t<div class=\"box-style-1 heading-shortcode\" id=\"heading-id795754694\">\n\t\t\t\t<div class=\"module-title\"><h2 class=\"title\" style=\"color:; line-height:40px\">Treinamento do Ninja (Ninja No Keiko)<\/h2><div class=\"dotted\"><!----><\/div><\/div>\n\t\t\t<\/div>\n\t\t<\/div><\/div><\/div><\/div><div class=\"vc_row wpb_row vc_row-fluid\"><div class=\"wpb_column vc_column_container vc_col-sm-8\"><div class=\"vc_column-inner\"><div class=\"wpb_wrapper\">\n\t<div class=\"wpb_text_column wpb_content_element\" >\n\t\t<div class=\"wpb_wrapper\">\n\t\t\t<p>A destreza refinada adquirida pelo <em>Ninja<\/em> antigo foi obtida atrav\u00e9s de rigoroso treinamento nas selvagens montanhas da regi\u00e3o de <em>Iga<\/em> e <em>Koga<\/em>, ministrado em comunh\u00e3o com a natureza e fora das vistas da sociedade.<\/p>\n<p>Entre os s\u00e9culos XII e XVII, in\u00fameros cl\u00e3s cresceram, passando a agir em v\u00e1rias regi\u00f5es, com t\u00e9cnicas de combate sofisticadas para a \u00e9poca. Cada fam\u00edlia tinha suas especializa\u00e7\u00f5es, sendo que alguns grupos destacavam-se pela capacidade f\u00edsica, outros pela presteza mental, etc.. Esse treinamento deu-lhes consider\u00e1veis habilidades de observa\u00e7\u00e3o, bem como de adapta\u00e7\u00e3o a condi\u00e7\u00f5es adversas. O est\u00e1gio de adestramento m\u00ednimo requerido para um <em>Ninja<\/em> \u00e9 conhecido como <em>Ninja No<\/em> <em>Hachimon<\/em> (Oito Portas do <em>Ninja<\/em>) ou <em>Ninja No Hakkei<\/em> (Oito Habilidades do <em>Ninja<\/em>).<\/p>\n\n\t\t<\/div>\n\t<\/div>\n<\/div><\/div><\/div><div class=\"wpb_column vc_column_container vc_col-sm-4\"><div class=\"vc_column-inner\"><div class=\"wpb_wrapper\">\n\t<div  class=\"wpb_single_image wpb_content_element vc_align_center  wpb_animate_when_almost_visible wpb_right-to-left right-to-left\">\n\t\t\n\t\t<figure class=\"wpb_wrapper vc_figure\">\n\t\t\t<div class=\"vc_single_image-wrapper vc_box_rounded  vc_box_border_grey\"><img decoding=\"async\" width=\"331\" height=\"457\" src=\"https:\/\/shinmuryodojo.com\/wp-content\/uploads\/2014\/11\/pic4.jpg\" class=\"vc_single_image-img attachment-full\" alt=\"\" title=\"\" srcset=\"https:\/\/shinmuryodojo.com\/wp-content\/uploads\/2014\/11\/pic4.jpg 331w, https:\/\/shinmuryodojo.com\/wp-content\/uploads\/2014\/11\/pic4-217x300.jpg 217w\" sizes=\"(max-width: 331px) 100vw, 331px\" \/><\/div>\n\t\t<\/figure>\n\t<\/div>\n<\/div><\/div><\/div><\/div>","protected":false},"excerpt":{"rendered":"NINJUTSU Origem Muitas s\u00e3o as teorias e vers\u00f5es sobre a origem do Ninjutsu, assim como o s\u00e3o os mitos, fantasias e exageros a seu respeito. N\u00e3o \u00e9 poss\u00edvel constatar com","protected":false},"author":1,"featured_media":12,"parent":0,"menu_order":0,"comment_status":"closed","ping_status":"closed","template":"","meta":{"footnotes":""},"class_list":["post-21","page","type-page","status-publish","has-post-thumbnail","hentry"],"yoast_head":"<!-- This site is optimized with the Yoast SEO plugin v27.5 - https:\/\/yoast.com\/product\/yoast-seo-wordpress\/ -->\n<title>Ninjutsu - SHINB\u014c RY\u016a NINJUTSU | SHINMURY\u014c D\u014cJ\u014c<\/title>\n<meta name=\"robots\" content=\"index, follow, max-snippet:-1, max-image-preview:large, max-video-preview:-1\" \/>\n<link rel=\"canonical\" href=\"https:\/\/shinmuryodojo.com\/en\/ninjutsu\/\" \/>\n<meta property=\"og:locale\" content=\"en_US\" \/>\n<meta property=\"og:type\" content=\"article\" \/>\n<meta property=\"og:title\" content=\"Ninjutsu - SHINB\u014c RY\u016a NINJUTSU | SHINMURY\u014c D\u014cJ\u014c\" \/>\n<meta property=\"og:url\" content=\"https:\/\/shinmuryodojo.com\/en\/ninjutsu\/\" \/>\n<meta property=\"og:site_name\" content=\"SHINB\u014c RY\u016a NINJUTSU | SHINMURY\u014c D\u014cJ\u014c\" \/>\n<meta property=\"article:publisher\" content=\"https:\/\/www.facebook.com\/BujinkanShinmuryoDojo\" \/>\n<meta property=\"article:modified_time\" content=\"2021-04-21T01:17:56+00:00\" \/>\n<meta name=\"twitter:label1\" content=\"Est. reading time\" \/>\n\t<meta name=\"twitter:data1\" content=\"2 minutes\" \/>\n<script type=\"application\/ld+json\" class=\"yoast-schema-graph\">{\"@context\":\"https:\\\/\\\/schema.org\",\"@graph\":[{\"@type\":\"WebPage\",\"@id\":\"https:\\\/\\\/shinmuryodojo.com\\\/ninjutsu\\\/\",\"url\":\"https:\\\/\\\/shinmuryodojo.com\\\/ninjutsu\\\/\",\"name\":\"Ninjutsu - SHINB\u014c RY\u016a NINJUTSU | SHINMURY\u014c D\u014cJ\u014c\",\"isPartOf\":{\"@id\":\"https:\\\/\\\/shinmuryodojo.com\\\/#website\"},\"primaryImageOfPage\":{\"@id\":\"https:\\\/\\\/shinmuryodojo.com\\\/ninjutsu\\\/#primaryimage\"},\"image\":{\"@id\":\"https:\\\/\\\/shinmuryodojo.com\\\/ninjutsu\\\/#primaryimage\"},\"thumbnailUrl\":\"\",\"datePublished\":\"2014-11-12T12:16:17+00:00\",\"dateModified\":\"2021-04-21T01:17:56+00:00\",\"breadcrumb\":{\"@id\":\"https:\\\/\\\/shinmuryodojo.com\\\/ninjutsu\\\/#breadcrumb\"},\"inLanguage\":\"en-US\",\"potentialAction\":[{\"@type\":\"ReadAction\",\"target\":[\"https:\\\/\\\/shinmuryodojo.com\\\/ninjutsu\\\/\"]}]},{\"@type\":\"ImageObject\",\"inLanguage\":\"en-US\",\"@id\":\"https:\\\/\\\/shinmuryodojo.com\\\/ninjutsu\\\/#primaryimage\",\"url\":\"\",\"contentUrl\":\"\"},{\"@type\":\"BreadcrumbList\",\"@id\":\"https:\\\/\\\/shinmuryodojo.com\\\/ninjutsu\\\/#breadcrumb\",\"itemListElement\":[{\"@type\":\"ListItem\",\"position\":1,\"name\":\"In\u00edcio\",\"item\":\"https:\\\/\\\/shinmuryodojo.com\\\/\"},{\"@type\":\"ListItem\",\"position\":2,\"name\":\"Ninjutsu\"}]},{\"@type\":\"WebSite\",\"@id\":\"https:\\\/\\\/shinmuryodojo.com\\\/#website\",\"url\":\"https:\\\/\\\/shinmuryodojo.com\\\/\",\"name\":\"SHINB\u014c RY\u016a NINJUTSU | SHINMURY\u014c D\u014cJ\u014c\",\"description\":\"SHIHAN GALLENI JUNIOR\",\"potentialAction\":[{\"@type\":\"SearchAction\",\"target\":{\"@type\":\"EntryPoint\",\"urlTemplate\":\"https:\\\/\\\/shinmuryodojo.com\\\/?s={search_term_string}\"},\"query-input\":{\"@type\":\"PropertyValueSpecification\",\"valueRequired\":true,\"valueName\":\"search_term_string\"}}],\"inLanguage\":\"en-US\"}]}<\/script>\n<!-- \/ Yoast SEO plugin. -->","yoast_head_json":{"title":"Ninjutsu - SHINB\u014c RY\u016a NINJUTSU | SHINMURY\u014c D\u014cJ\u014c","robots":{"index":"index","follow":"follow","max-snippet":"max-snippet:-1","max-image-preview":"max-image-preview:large","max-video-preview":"max-video-preview:-1"},"canonical":"https:\/\/shinmuryodojo.com\/en\/ninjutsu\/","og_locale":"en_US","og_type":"article","og_title":"Ninjutsu - SHINB\u014c RY\u016a NINJUTSU | SHINMURY\u014c D\u014cJ\u014c","og_url":"https:\/\/shinmuryodojo.com\/en\/ninjutsu\/","og_site_name":"SHINB\u014c RY\u016a NINJUTSU | SHINMURY\u014c D\u014cJ\u014c","article_publisher":"https:\/\/www.facebook.com\/BujinkanShinmuryoDojo","article_modified_time":"2021-04-21T01:17:56+00:00","twitter_misc":{"Est. reading time":"2 minutes"},"schema":{"@context":"https:\/\/schema.org","@graph":[{"@type":"WebPage","@id":"https:\/\/shinmuryodojo.com\/ninjutsu\/","url":"https:\/\/shinmuryodojo.com\/ninjutsu\/","name":"Ninjutsu - SHINB\u014c RY\u016a NINJUTSU | SHINMURY\u014c D\u014cJ\u014c","isPartOf":{"@id":"https:\/\/shinmuryodojo.com\/#website"},"primaryImageOfPage":{"@id":"https:\/\/shinmuryodojo.com\/ninjutsu\/#primaryimage"},"image":{"@id":"https:\/\/shinmuryodojo.com\/ninjutsu\/#primaryimage"},"thumbnailUrl":"","datePublished":"2014-11-12T12:16:17+00:00","dateModified":"2021-04-21T01:17:56+00:00","breadcrumb":{"@id":"https:\/\/shinmuryodojo.com\/ninjutsu\/#breadcrumb"},"inLanguage":"en-US","potentialAction":[{"@type":"ReadAction","target":["https:\/\/shinmuryodojo.com\/ninjutsu\/"]}]},{"@type":"ImageObject","inLanguage":"en-US","@id":"https:\/\/shinmuryodojo.com\/ninjutsu\/#primaryimage","url":"","contentUrl":""},{"@type":"BreadcrumbList","@id":"https:\/\/shinmuryodojo.com\/ninjutsu\/#breadcrumb","itemListElement":[{"@type":"ListItem","position":1,"name":"In\u00edcio","item":"https:\/\/shinmuryodojo.com\/"},{"@type":"ListItem","position":2,"name":"Ninjutsu"}]},{"@type":"WebSite","@id":"https:\/\/shinmuryodojo.com\/#website","url":"https:\/\/shinmuryodojo.com\/","name":"SHINB\u014c RY\u016a NINJUTSU | SHINMURY\u014c D\u014cJ\u014c","description":"SHIHAN GALLENI JUNIOR","potentialAction":[{"@type":"SearchAction","target":{"@type":"EntryPoint","urlTemplate":"https:\/\/shinmuryodojo.com\/?s={search_term_string}"},"query-input":{"@type":"PropertyValueSpecification","valueRequired":true,"valueName":"search_term_string"}}],"inLanguage":"en-US"}]}},"_links":{"self":[{"href":"https:\/\/shinmuryodojo.com\/en\/wp-json\/wp\/v2\/pages\/21","targetHints":{"allow":["GET"]}}],"collection":[{"href":"https:\/\/shinmuryodojo.com\/en\/wp-json\/wp\/v2\/pages"}],"about":[{"href":"https:\/\/shinmuryodojo.com\/en\/wp-json\/wp\/v2\/types\/page"}],"author":[{"embeddable":true,"href":"https:\/\/shinmuryodojo.com\/en\/wp-json\/wp\/v2\/users\/1"}],"replies":[{"embeddable":true,"href":"https:\/\/shinmuryodojo.com\/en\/wp-json\/wp\/v2\/comments?post=21"}],"version-history":[{"count":3,"href":"https:\/\/shinmuryodojo.com\/en\/wp-json\/wp\/v2\/pages\/21\/revisions"}],"predecessor-version":[{"id":4503,"href":"https:\/\/shinmuryodojo.com\/en\/wp-json\/wp\/v2\/pages\/21\/revisions\/4503"}],"wp:featuredmedia":[{"embeddable":true,"href":"https:\/\/shinmuryodojo.com\/en\/wp-json\/"}],"wp:attachment":[{"href":"https:\/\/shinmuryodojo.com\/en\/wp-json\/wp\/v2\/media?parent=21"}],"curies":[{"name":"wp","href":"https:\/\/api.w.org\/{rel}","templated":true}]}}