{"id":1980,"date":"2016-08-21T09:38:50","date_gmt":"2016-08-21T12:38:50","guid":{"rendered":"http:\/\/shinmuryodojo.com\/?page_id=1980"},"modified":"2019-11-27T16:18:03","modified_gmt":"2019-11-27T19:18:03","slug":"regras-do-dojo","status":"publish","type":"page","link":"https:\/\/shinmuryodojo.com\/en\/regras-do-dojo\/","title":{"rendered":"Regras do D\u014dj\u014d"},"content":{"rendered":"<div class=\"vc_row wpb_row vc_row-fluid\"><div class=\"wpb_column vc_column_container vc_col-sm-12\"><div class=\"vc_column-inner\"><div class=\"wpb_wrapper\">\n\t\t\t<div class=\"box-style-1 heading-shortcode\" id=\"heading-id1596374754\">\n\t\t\t\t<div class=\"module-title\"><h2 class=\"title\" style=\"color:; line-height:40px\">REGRAS DO D\u014cJ\u014c<\/h2><div class=\"dotted\"><!----><\/div><\/div>\n\t\t\t<\/div>\n\t\t<\/div><\/div><\/div><\/div><div class=\"vc_row wpb_row vc_row-fluid\"><div class=\"wpb_column vc_column_container vc_col-sm-12\"><div class=\"vc_column-inner\"><div class=\"wpb_wrapper\">\n\t<div class=\"wpb_text_column wpb_content_element  wpb_animate_when_almost_visible wpb_appear appear\" >\n\t\t<div class=\"wpb_wrapper\">\n\t\t\t<ol>\n<li>Respeitar seu instrutor e os demais professores, bem como, seus colegas e os participantes de outras artes;<\/li>\n<li>Respeitar o <em><strong>D\u014dj\u014d<\/strong><\/em>, tratando-o como um lugar sagrado;<\/li>\n<li>Pedir ao respons\u00e1vel, autoriza\u00e7\u00e3o no momento de entrar e sair do <em><strong>Tatami<\/strong><\/em>;<\/li>\n<li>Se precisar pedir instru\u00e7\u00f5es ao <em><strong>Sensei<\/strong><\/em>, n\u00e3o o chame, dirija-se ao <em><strong>Sensei<\/strong><\/em> para lhe pedir a instru\u00e7\u00e3o. Lembre-se que o disc\u00edpulo \u00e9 quem deve servir ao seu mestre.<\/li>\n<li>Treinar sempre com uma camisa por baixo do <em><strong>Keikogi<\/strong><\/em>, (quem n\u00e3o tiver uma camisa por baixo, n\u00e3o poder\u00e1 tirar o <em><strong>Gi<\/strong><\/em>, nem mesmo quem estiver de regata, isto serve tamb\u00e9m para quem estiver com camisetas que n\u00e3o sejam da <em><strong>Bujinkan<\/strong><\/em>\u00a0ou pretas);<\/li>\n<li>Utilizar <em><strong>Tabi<\/strong><\/em> ou meias para a pr\u00e1tica dentro do <em><strong>Tatami<\/strong><\/em>.<\/li>\n<li>N\u00e3o falar alto ou em demasia no <em><strong>D\u014dj\u014d<\/strong><\/em>;<\/li>\n<li>Ao se sentar no <em><strong>Tatami<\/strong><\/em> durante o treino, sempre em <em><strong>Seiza<\/strong><\/em>\u00a0ou com as pernas cruzadas naturalmente, sem encostar-se \u00e0 parede ou se apoiar.<\/li>\n<li>N\u00e3o cruzar os bra\u00e7os dentro do <em><strong>D\u014dj\u014d<\/strong><\/em>, no Jap\u00e3o, cruzar os bra\u00e7os \u00e9 um sinal de desaven\u00e7a.<\/li>\n<li>Evitar bocejar durante alguma explica\u00e7\u00e3o do instrutor e, quando o fizer, colocar a m\u00e3o na boca.<\/li>\n<li>Todo aluno ter\u00e1 uma toler\u00e2ncia de 15 minutos de atraso ap\u00f3s o inicio da aula, caso n\u00e3o o fa\u00e7a, poder\u00e1 ficar fora do treino, exceto situa\u00e7\u00f5es previamente avisadas e por motivos de trabalho\/estudo\/sa\u00fade e afins.<\/li>\n<li>Quando chegar atrasado, \u00e9 necess\u00e1rio fazer a rever\u00eancia individualmente;<\/li>\n<li>Evitar conversas e brincadeiras durante as aulas;<\/li>\n<li>Pagar sempre suas mensalidades em dia, sendo o pagamento antecipado, ou seja, primeiro pagar o m\u00eas para depois participar das aulas ou nas datas previamente marcadas. A fim de que o <em><strong>D\u014dj\u014d<\/strong><\/em> possa honrar seus compromissos os quais t\u00eam data certa para serem quitados.<\/li>\n<li>Estar em dia com a documenta\u00e7\u00e3o da <em>Bujinkan<\/em>, possuindo o certificado de sua gradua\u00e7\u00e3o atual e possuir a <strong>Membership<\/strong> do ano letivo, quem n\u00e3o possuir <strong>Membership<\/strong> n\u00e3o poder\u00e1 participar de exames de gradua\u00e7\u00e3o.<\/li>\n<li>Caso mude ou saia do <em><strong>D\u014dj\u014d<\/strong><\/em>, al\u00e9m de notificar o professor, deve estar em dia com os pagamentos das mensalidades ou materiais de estudos.<\/li>\n<\/ol>\n\n\t\t<\/div>\n\t<\/div>\n<\/div><\/div><\/div><\/div>","protected":false},"excerpt":{"rendered":"REGRAS DO D\u014cJ\u014c Respeitar seu instrutor e os demais professores, bem como, seus colegas e os participantes de outras artes; Respeitar o D\u014dj\u014d, tratando-o como um lugar sagrado; Pedir ao","protected":false},"author":1,"featured_media":0,"parent":0,"menu_order":0,"comment_status":"closed","ping_status":"closed","template":"","meta":{"footnotes":""},"class_list":["post-1980","page","type-page","status-publish","hentry"],"yoast_head":"<!-- This site is optimized with the Yoast SEO plugin v27.5 - https:\/\/yoast.com\/product\/yoast-seo-wordpress\/ -->\n<title>Regras do D\u014dj\u014d - SHINB\u014c RY\u016a NINJUTSU | SHINMURY\u014c D\u014cJ\u014c<\/title>\n<meta name=\"robots\" content=\"index, follow, max-snippet:-1, max-image-preview:large, max-video-preview:-1\" \/>\n<link rel=\"canonical\" href=\"https:\/\/shinmuryodojo.com\/en\/regras-do-dojo\/\" \/>\n<meta property=\"og:locale\" content=\"en_US\" \/>\n<meta property=\"og:type\" content=\"article\" \/>\n<meta property=\"og:title\" content=\"Regras do D\u014dj\u014d - SHINB\u014c RY\u016a NINJUTSU | SHINMURY\u014c D\u014cJ\u014c\" \/>\n<meta property=\"og:url\" content=\"https:\/\/shinmuryodojo.com\/en\/regras-do-dojo\/\" \/>\n<meta property=\"og:site_name\" content=\"SHINB\u014c RY\u016a NINJUTSU | SHINMURY\u014c D\u014cJ\u014c\" \/>\n<meta property=\"article:publisher\" content=\"https:\/\/www.facebook.com\/BujinkanShinmuryoDojo\" \/>\n<meta property=\"article:modified_time\" content=\"2019-11-27T19:18:03+00:00\" \/>\n<meta name=\"twitter:label1\" content=\"Est. reading time\" \/>\n\t<meta name=\"twitter:data1\" content=\"2 minutes\" \/>\n<script type=\"application\/ld+json\" class=\"yoast-schema-graph\">{\"@context\":\"https:\\\/\\\/schema.org\",\"@graph\":[{\"@type\":\"WebPage\",\"@id\":\"https:\\\/\\\/shinmuryodojo.com\\\/regras-do-dojo\\\/\",\"url\":\"https:\\\/\\\/shinmuryodojo.com\\\/regras-do-dojo\\\/\",\"name\":\"Regras do D\u014dj\u014d - SHINB\u014c RY\u016a NINJUTSU | SHINMURY\u014c D\u014cJ\u014c\",\"isPartOf\":{\"@id\":\"https:\\\/\\\/shinmuryodojo.com\\\/#website\"},\"datePublished\":\"2016-08-21T12:38:50+00:00\",\"dateModified\":\"2019-11-27T19:18:03+00:00\",\"breadcrumb\":{\"@id\":\"https:\\\/\\\/shinmuryodojo.com\\\/regras-do-dojo\\\/#breadcrumb\"},\"inLanguage\":\"en-US\",\"potentialAction\":[{\"@type\":\"ReadAction\",\"target\":[\"https:\\\/\\\/shinmuryodojo.com\\\/regras-do-dojo\\\/\"]}]},{\"@type\":\"BreadcrumbList\",\"@id\":\"https:\\\/\\\/shinmuryodojo.com\\\/regras-do-dojo\\\/#breadcrumb\",\"itemListElement\":[{\"@type\":\"ListItem\",\"position\":1,\"name\":\"In\u00edcio\",\"item\":\"https:\\\/\\\/shinmuryodojo.com\\\/\"},{\"@type\":\"ListItem\",\"position\":2,\"name\":\"Regras do D\u014dj\u014d\"}]},{\"@type\":\"WebSite\",\"@id\":\"https:\\\/\\\/shinmuryodojo.com\\\/#website\",\"url\":\"https:\\\/\\\/shinmuryodojo.com\\\/\",\"name\":\"SHINB\u014c RY\u016a NINJUTSU | SHINMURY\u014c D\u014cJ\u014c\",\"description\":\"SHIHAN GALLENI JUNIOR\",\"potentialAction\":[{\"@type\":\"SearchAction\",\"target\":{\"@type\":\"EntryPoint\",\"urlTemplate\":\"https:\\\/\\\/shinmuryodojo.com\\\/?s={search_term_string}\"},\"query-input\":{\"@type\":\"PropertyValueSpecification\",\"valueRequired\":true,\"valueName\":\"search_term_string\"}}],\"inLanguage\":\"en-US\"}]}<\/script>\n<!-- \/ Yoast SEO plugin. -->","yoast_head_json":{"title":"Regras do D\u014dj\u014d - SHINB\u014c RY\u016a NINJUTSU | SHINMURY\u014c D\u014cJ\u014c","robots":{"index":"index","follow":"follow","max-snippet":"max-snippet:-1","max-image-preview":"max-image-preview:large","max-video-preview":"max-video-preview:-1"},"canonical":"https:\/\/shinmuryodojo.com\/en\/regras-do-dojo\/","og_locale":"en_US","og_type":"article","og_title":"Regras do D\u014dj\u014d - SHINB\u014c RY\u016a NINJUTSU | SHINMURY\u014c D\u014cJ\u014c","og_url":"https:\/\/shinmuryodojo.com\/en\/regras-do-dojo\/","og_site_name":"SHINB\u014c RY\u016a NINJUTSU | SHINMURY\u014c D\u014cJ\u014c","article_publisher":"https:\/\/www.facebook.com\/BujinkanShinmuryoDojo","article_modified_time":"2019-11-27T19:18:03+00:00","twitter_misc":{"Est. reading time":"2 minutes"},"schema":{"@context":"https:\/\/schema.org","@graph":[{"@type":"WebPage","@id":"https:\/\/shinmuryodojo.com\/regras-do-dojo\/","url":"https:\/\/shinmuryodojo.com\/regras-do-dojo\/","name":"Regras do D\u014dj\u014d - SHINB\u014c RY\u016a NINJUTSU | SHINMURY\u014c D\u014cJ\u014c","isPartOf":{"@id":"https:\/\/shinmuryodojo.com\/#website"},"datePublished":"2016-08-21T12:38:50+00:00","dateModified":"2019-11-27T19:18:03+00:00","breadcrumb":{"@id":"https:\/\/shinmuryodojo.com\/regras-do-dojo\/#breadcrumb"},"inLanguage":"en-US","potentialAction":[{"@type":"ReadAction","target":["https:\/\/shinmuryodojo.com\/regras-do-dojo\/"]}]},{"@type":"BreadcrumbList","@id":"https:\/\/shinmuryodojo.com\/regras-do-dojo\/#breadcrumb","itemListElement":[{"@type":"ListItem","position":1,"name":"In\u00edcio","item":"https:\/\/shinmuryodojo.com\/"},{"@type":"ListItem","position":2,"name":"Regras do D\u014dj\u014d"}]},{"@type":"WebSite","@id":"https:\/\/shinmuryodojo.com\/#website","url":"https:\/\/shinmuryodojo.com\/","name":"SHINB\u014c RY\u016a NINJUTSU | SHINMURY\u014c D\u014cJ\u014c","description":"SHIHAN GALLENI JUNIOR","potentialAction":[{"@type":"SearchAction","target":{"@type":"EntryPoint","urlTemplate":"https:\/\/shinmuryodojo.com\/?s={search_term_string}"},"query-input":{"@type":"PropertyValueSpecification","valueRequired":true,"valueName":"search_term_string"}}],"inLanguage":"en-US"}]}},"_links":{"self":[{"href":"https:\/\/shinmuryodojo.com\/en\/wp-json\/wp\/v2\/pages\/1980","targetHints":{"allow":["GET"]}}],"collection":[{"href":"https:\/\/shinmuryodojo.com\/en\/wp-json\/wp\/v2\/pages"}],"about":[{"href":"https:\/\/shinmuryodojo.com\/en\/wp-json\/wp\/v2\/types\/page"}],"author":[{"embeddable":true,"href":"https:\/\/shinmuryodojo.com\/en\/wp-json\/wp\/v2\/users\/1"}],"replies":[{"embeddable":true,"href":"https:\/\/shinmuryodojo.com\/en\/wp-json\/wp\/v2\/comments?post=1980"}],"version-history":[{"count":0,"href":"https:\/\/shinmuryodojo.com\/en\/wp-json\/wp\/v2\/pages\/1980\/revisions"}],"wp:attachment":[{"href":"https:\/\/shinmuryodojo.com\/en\/wp-json\/wp\/v2\/media?parent=1980"}],"curies":[{"name":"wp","href":"https:\/\/api.w.org\/{rel}","templated":true}]}}