{"id":1969,"date":"2016-08-16T07:45:07","date_gmt":"2016-08-16T10:45:07","guid":{"rendered":"http:\/\/shinmuryodojo.com\/sell-media-login\/"},"modified":"2016-08-16T07:45:07","modified_gmt":"2016-08-16T10:45:07","slug":"sell-media-login","status":"publish","type":"page","link":"https:\/\/shinmuryodojo.com\/en\/sell-media-login\/","title":{"rendered":"Sell Media Login"},"content":{"rendered":"<p>[sell_media_login]<\/p>\n","protected":false},"excerpt":{"rendered":"<p>[sell_media_login]<\/p>\n","protected":false},"author":1,"featured_media":0,"parent":0,"menu_order":0,"comment_status":"closed","ping_status":"closed","template":"","meta":{"footnotes":""},"class_list":["post-1969","page","type-page","status-publish","hentry"],"yoast_head":"<!-- This site is optimized with the Yoast SEO plugin v27.4 - https:\/\/yoast.com\/product\/yoast-seo-wordpress\/ -->\n<title>Sell Media Login - SHINB\u014c RY\u016a NINJUTSU | SHINMURY\u014c D\u014cJ\u014c<\/title>\n<meta name=\"robots\" content=\"index, follow, max-snippet:-1, max-image-preview:large, max-video-preview:-1\" \/>\n<link rel=\"canonical\" href=\"https:\/\/shinmuryodojo.com\/en\/sell-media-login\/\" \/>\n<meta property=\"og:locale\" content=\"en_US\" \/>\n<meta property=\"og:type\" content=\"article\" \/>\n<meta property=\"og:title\" content=\"Sell Media Login - SHINB\u014c RY\u016a NINJUTSU | SHINMURY\u014c D\u014cJ\u014c\" \/>\n<meta property=\"og:description\" content=\"[sell_media_login]\" \/>\n<meta property=\"og:url\" content=\"https:\/\/shinmuryodojo.com\/en\/sell-media-login\/\" \/>\n<meta property=\"og:site_name\" content=\"SHINB\u014c RY\u016a NINJUTSU | SHINMURY\u014c D\u014cJ\u014c\" \/>\n<meta property=\"article:publisher\" content=\"https:\/\/www.facebook.com\/BujinkanShinmuryoDojo\" \/>\n<script type=\"application\/ld+json\" class=\"yoast-schema-graph\">{\"@context\":\"https:\\\/\\\/schema.org\",\"@graph\":[{\"@type\":\"WebPage\",\"@id\":\"https:\\\/\\\/shinmuryodojo.com\\\/sell-media-login\\\/\",\"url\":\"https:\\\/\\\/shinmuryodojo.com\\\/sell-media-login\\\/\",\"name\":\"Sell Media Login - SHINB\u014c RY\u016a NINJUTSU | SHINMURY\u014c D\u014cJ\u014c\",\"isPartOf\":{\"@id\":\"https:\\\/\\\/shinmuryodojo.com\\\/#website\"},\"datePublished\":\"2016-08-16T10:45:07+00:00\",\"breadcrumb\":{\"@id\":\"https:\\\/\\\/shinmuryodojo.com\\\/sell-media-login\\\/#breadcrumb\"},\"inLanguage\":\"en-US\",\"potentialAction\":[{\"@type\":\"ReadAction\",\"target\":[\"https:\\\/\\\/shinmuryodojo.com\\\/sell-media-login\\\/\"]}]},{\"@type\":\"BreadcrumbList\",\"@id\":\"https:\\\/\\\/shinmuryodojo.com\\\/sell-media-login\\\/#breadcrumb\",\"itemListElement\":[{\"@type\":\"ListItem\",\"position\":1,\"name\":\"In\u00edcio\",\"item\":\"https:\\\/\\\/shinmuryodojo.com\\\/\"},{\"@type\":\"ListItem\",\"position\":2,\"name\":\"Sell Media Login\"}]},{\"@type\":\"WebSite\",\"@id\":\"https:\\\/\\\/shinmuryodojo.com\\\/#website\",\"url\":\"https:\\\/\\\/shinmuryodojo.com\\\/\",\"name\":\"SHINB\u014c RY\u016a NINJUTSU | SHINMURY\u014c D\u014cJ\u014c\",\"description\":\"SHIHAN GALLENI JUNIOR\",\"potentialAction\":[{\"@type\":\"SearchAction\",\"target\":{\"@type\":\"EntryPoint\",\"urlTemplate\":\"https:\\\/\\\/shinmuryodojo.com\\\/?s={search_term_string}\"},\"query-input\":{\"@type\":\"PropertyValueSpecification\",\"valueRequired\":true,\"valueName\":\"search_term_string\"}}],\"inLanguage\":\"en-US\"}]}<\/script>\n<!-- \/ Yoast SEO plugin. -->","yoast_head_json":{"title":"Sell Media Login - SHINB\u014c RY\u016a NINJUTSU | SHINMURY\u014c D\u014cJ\u014c","robots":{"index":"index","follow":"follow","max-snippet":"max-snippet:-1","max-image-preview":"max-image-preview:large","max-video-preview":"max-video-preview:-1"},"canonical":"https:\/\/shinmuryodojo.com\/en\/sell-media-login\/","og_locale":"en_US","og_type":"article","og_title":"Sell Media Login - SHINB\u014c RY\u016a NINJUTSU | SHINMURY\u014c D\u014cJ\u014c","og_description":"[sell_media_login]","og_url":"https:\/\/shinmuryodojo.com\/en\/sell-media-login\/","og_site_name":"SHINB\u014c RY\u016a NINJUTSU | SHINMURY\u014c D\u014cJ\u014c","article_publisher":"https:\/\/www.facebook.com\/BujinkanShinmuryoDojo","schema":{"@context":"https:\/\/schema.org","@graph":[{"@type":"WebPage","@id":"https:\/\/shinmuryodojo.com\/sell-media-login\/","url":"https:\/\/shinmuryodojo.com\/sell-media-login\/","name":"Sell Media Login - SHINB\u014c RY\u016a NINJUTSU | SHINMURY\u014c D\u014cJ\u014c","isPartOf":{"@id":"https:\/\/shinmuryodojo.com\/#website"},"datePublished":"2016-08-16T10:45:07+00:00","breadcrumb":{"@id":"https:\/\/shinmuryodojo.com\/sell-media-login\/#breadcrumb"},"inLanguage":"en-US","potentialAction":[{"@type":"ReadAction","target":["https:\/\/shinmuryodojo.com\/sell-media-login\/"]}]},{"@type":"BreadcrumbList","@id":"https:\/\/shinmuryodojo.com\/sell-media-login\/#breadcrumb","itemListElement":[{"@type":"ListItem","position":1,"name":"In\u00edcio","item":"https:\/\/shinmuryodojo.com\/"},{"@type":"ListItem","position":2,"name":"Sell Media Login"}]},{"@type":"WebSite","@id":"https:\/\/shinmuryodojo.com\/#website","url":"https:\/\/shinmuryodojo.com\/","name":"SHINB\u014c RY\u016a NINJUTSU | SHINMURY\u014c D\u014cJ\u014c","description":"SHIHAN GALLENI JUNIOR","potentialAction":[{"@type":"SearchAction","target":{"@type":"EntryPoint","urlTemplate":"https:\/\/shinmuryodojo.com\/?s={search_term_string}"},"query-input":{"@type":"PropertyValueSpecification","valueRequired":true,"valueName":"search_term_string"}}],"inLanguage":"en-US"}]}},"_links":{"self":[{"href":"https:\/\/shinmuryodojo.com\/en\/wp-json\/wp\/v2\/pages\/1969","targetHints":{"allow":["GET"]}}],"collection":[{"href":"https:\/\/shinmuryodojo.com\/en\/wp-json\/wp\/v2\/pages"}],"about":[{"href":"https:\/\/shinmuryodojo.com\/en\/wp-json\/wp\/v2\/types\/page"}],"author":[{"embeddable":true,"href":"https:\/\/shinmuryodojo.com\/en\/wp-json\/wp\/v2\/users\/1"}],"replies":[{"embeddable":true,"href":"https:\/\/shinmuryodojo.com\/en\/wp-json\/wp\/v2\/comments?post=1969"}],"version-history":[{"count":0,"href":"https:\/\/shinmuryodojo.com\/en\/wp-json\/wp\/v2\/pages\/1969\/revisions"}],"wp:attachment":[{"href":"https:\/\/shinmuryodojo.com\/en\/wp-json\/wp\/v2\/media?parent=1969"}],"curies":[{"name":"wp","href":"https:\/\/api.w.org\/{rel}","templated":true}]}}