{"id":1605,"date":"2016-05-06T00:58:26","date_gmt":"2016-05-06T03:58:26","guid":{"rendered":"http:\/\/shinmuryodojo.com\/?page_id=1605"},"modified":"2020-03-08T00:48:57","modified_gmt":"2020-03-08T03:48:57","slug":"regras-da-bujinkan","status":"publish","type":"page","link":"https:\/\/shinmuryodojo.com\/en\/regras-da-bujinkan\/","title":{"rendered":"Regras de Participa\u00e7\u00e3o da Bujinkan"},"content":{"rendered":"<div class=\"vc_row wpb_row vc_row-fluid\"><div class=\"wpb_column vc_column_container vc_col-sm-12\"><div class=\"vc_column-inner\"><div class=\"wpb_wrapper\">\n\t\t\t<div class=\"box-style-1 heading-shortcode\" id=\"heading-id298859846\">\n\t\t\t\t<div class=\"module-title\"><h2 class=\"title\" style=\"color:; line-height:40px\">REGRAS DE PARTICIPA\u00c7\u00c3O DA BUJINKAN<\/h2><div class=\"dotted\"><!----><\/div><\/div>\n\t\t\t<\/div>\n\t\t<\/div><\/div><\/div><\/div><div class=\"vc_row wpb_row vc_row-fluid\"><div class=\"wpb_column vc_column_container vc_col-sm-12\"><div class=\"vc_column-inner\"><div class=\"wpb_wrapper\">\n\t<div class=\"wpb_text_column wpb_content_element  wpb_animate_when_almost_visible wpb_appear appear\" >\n\t\t<div class=\"wpb_wrapper\">\n\t\t\t<p><strong><span class=\"_5yl5\">As seguintes regras devem ser respeitadas pelas pessoas que desejam praticar o <em>Ninjutsu Bujinkan<\/em>: <\/span><\/strong><\/p>\n<ul>\n<li><span class=\"_5yl5\">A <em><strong>Bujinkan<\/strong> <\/em>est\u00e1 aberta somente \u00e0queles que aceitarem e respeitarem as regras de participa\u00e7\u00e3o.<\/span><\/li>\n<li><span class=\"_5yl5\">Somente aqueles que lerem e respeitarem estas regras poder\u00e3o participar.<\/span><\/li>\n<li><span class=\"_5yl5\">Somente aqueles capazes de exercitar a verdadeira paci\u00eancia, o auto-controle e a dedica\u00e7\u00e3o poder\u00e3o participar.<\/span><\/li>\n<li><span class=\"_5yl5\">Poder\u00e1 ser requerido um atestado m\u00e9dico, especialmente \u00e0\u00a0indiv\u00edduos com enfermidades mentais, usu\u00e1rios de drogas, instabilidade mental, etc.<\/span><\/li>\n<li><span class=\"_5yl5\">A necessidade do referido atestado, seria para evitar problemas para os demais praticantes.<\/span><\/li>\n<li><span class=\"_5yl5\">Os indiv\u00edduos com antecedentes criminais n\u00e3o poder\u00e3o participar.<\/span><\/li>\n<li><span class=\"_5yl5\">Indiv\u00edduos que criarem problemas, que cometerem crimes ser\u00e3o expulsos.<\/span><\/li>\n<li><span class=\"_5yl5\">Aqueles que n\u00e3o respeitarem as leis nacionais ser\u00e3o expulsos.<\/span><\/li>\n<li><span class=\"_5yl5\">Todos aqueles que n\u00e3o honrarem as regras da <em><strong>Bujinkan<\/strong><\/em>, quer como praticantes, quer como membros da sociedade, ao cometerem atos reprov\u00e1veis ou vergonhosos ser\u00e3o expulsos.<\/span><\/li>\n<\/ul>\n\n\t\t<\/div>\n\t<\/div>\n<\/div><\/div><\/div><\/div><div class=\"vc_row wpb_row vc_row-fluid\"><div class=\"wpb_column vc_column_container vc_col-sm-12\"><div class=\"vc_column-inner\"><div class=\"wpb_wrapper\">\n\t<div class=\"wpb_text_column wpb_content_element  wpb_animate_when_almost_visible wpb_fadeIn fadeIn\" >\n\t\t<div class=\"wpb_wrapper\">\n\t\t\t<p>Apenas \u00e0queles que tenham lido e concordado com estas normas deve ser permitido participar.<\/p>\n<p>Apenas \u00e0queles dispostos a exercitar a verdadeira paci\u00eancia, autocontrole e dedica\u00e7\u00e3o deve ser permitida a participa\u00e7\u00e3o.<br \/>\nIndiv\u00edduos com problemas mentais, dependentes de drogas ou mentalmente inst\u00e1veis e com registros criminais devem ser impedidos de participar.<\/p>\n<p>Aqueles que n\u00e3o apoiem as regras da <em>Bujinkan<\/em>, tanto como praticante ou como membro da sociedade, atrav\u00e9s de atos reprov\u00e1veis, devem ser expulsos. At\u00e9 agora a <em>Bujinkan<\/em> esteve aberta para um grande n\u00famero de pessoas. Entre elas, infelizmente, existiam aqueles que cometiam violentos atos enquanto b\u00eabados, que tinham problemas mentais e arruaceiros que pensavam apenas em si mesmos e que falharam em enxergar como suas a\u00e7\u00f5es podiam afetar os outros. Atrav\u00e9s de suas a\u00e7\u00f5es, tais pessoas estavam desfazendo-se do correto e tradicional cora\u00e7\u00e3o da <em>Bujinkan<\/em>. Deste dia em diante, todas essas pessoas devem ser expulsas.<\/p>\n<p>No que concerne \u00e0 acidentes ocorridos durante o treinamento (tanto dentro quanto fora do <em>D<span class=\"_5yl5\">\u014d<\/span>j<span class=\"_5yl5\">\u014d<\/span><\/em>), ningu\u00e9m deve causar problemas \u00e0 <em>Bujinkan<\/em>. Este \u00e9 um ponto extremamente importante. Aqueles que n\u00e3o estiverem dispostos a assumir responsabilidade pessoal por acidentes que venham a ocorrer durante o treino da <em>Bujinkan<\/em>, n\u00e3o devem ser admitidos. Para deixar claro, a <em>Bujinkan<\/em> n\u00e3o deve ser responsabilizada por quaisquer acidentes acontecidos no decorrer do treinamento, n\u00e3o importando o lugar.<\/p>\n<p>Todos aqueles que se unirem \u00e0 <em>Bujinkan<\/em> devem ter um cart\u00e3o anual de membro. Este cart\u00e3o n\u00e3o apenas preserva a honra dos membros da <em>Bujinkan<\/em>, como tamb\u00e9m indica que voc\u00ea \u00e9 parte de um grande todo, cujos membros caminham juntos com cora\u00e7\u00f5es guerreiros para melhorarem a si mesmos atrav\u00e9s do treinamento e da amizade. Isso demonstra a gl\u00f3ria da virtude do guerreiro e engloba tanto lealdade quanto amor fraternal.<\/p>\n<p>Todos os membros devem ter um cart\u00e3o de membro para o ano corrente, disponibilizado pela <em>Honb<span class=\"_5yl5\">\u016b<\/span><\/em>. Existem dois tipos de cart\u00e3o de membro:<\/p>\n<ol>\n<li><strong>Membership:<\/strong><br \/>\nAplica-se aos membros da <em>Bujinkan D<span class=\"_5yl5\">\u014d<\/span>j<span class=\"_5yl5\">\u014d<\/span><\/em>, n\u00e3o graduados, faixas verde e faixas preta at\u00e9 4\u00ba <em>Dan<\/em>. Quem n\u00e3o possuir, n\u00e3o pode receber gradua\u00e7\u00f5es.<\/li>\n<li><strong>Shid<span class=\"_5yl5\">\u014d<\/span>shi-Kai:<br \/>\n<\/strong>Aplica-se aos membros graduados do 5\u00ba <em>Dan<\/em> adiante (chamados <em>Shid<span class=\"_5yl5\">\u014d<\/span>shi<\/em>). Membros que estejam ensinando devem ter um desses dois cart\u00f5es. Membros n\u00e3o pertencentes ao <em>Shid<span class=\"_5yl5\">\u014d<\/span>shi-Kai<\/em> n\u00e3o s\u00e3o reconhecidos como professores e n\u00e3o podem graduar estudantes.<\/li>\n<\/ol>\n<p>Todos os cart\u00f5es devem ser renovados anualmente.<\/p>\n<p>A filia\u00e7\u00e3o ao <em>Shid<span class=\"_5yl5\">\u014d<\/span>shi-Kai<\/em> \u00e9 de 5\u00ba <em>Dan<\/em> em diante e deve ser requerida com um <em>Dai-Shihan<\/em> ao <em>Honb<span class=\"_5yl5\">\u016b<\/span><\/em>. Membros acima do 5\u00ba <em>Dan<\/em> s\u00e3o graduados pessoalmente pelo <em>S<span class=\"_5yl5\">\u014d<\/span>ke<\/em> ou atrav\u00e9s da intermedia\u00e7\u00e3o de um <em>Shihan<\/em> ou <em>Dai-Shihan<\/em> autorizado, que ir\u00e1 julg\u00e1-los em sua t\u00e9cnica, caracter\u00edsticas e integridade.<\/p>\n<p>Apenas cart\u00f5es emitidos por um <strong><em>Dai-Shihan<\/em><\/strong> ser\u00e3o reconhecidos como v\u00e1lidos, apenas certifica\u00e7\u00e3o e licen\u00e7as emitidas pela <strong><em>Bujinkan Honb<span class=\"_5yl5\">\u016b<\/span> D<span class=\"_5yl5\">\u014d<\/span>j<span class=\"_5yl5\">\u014d<\/span><\/em><\/strong>\u00a0ser\u00e3o reconhecidas como v\u00e1lidas. Pessoas emitindo falsos cart\u00f5es e\/ou certificados ser\u00e3o expulsos da <em>Bujinkan D<span class=\"_5yl5\">\u014d<\/span>j\u014d<\/em>.<\/p>\n<p>O s\u00edmbolo &#8220;<em>Bujin<\/em>&#8221; \u00e9 marca registrada. Para poder us\u00e1-lo, voc\u00ea deve ser membro da <em>Bujinkan<\/em>.<\/p>\n\n\t\t<\/div>\n\t<\/div>\n<\/div><\/div><\/div><\/div>","protected":false},"excerpt":{"rendered":"REGRAS DE PARTICIPA\u00c7\u00c3O DA BUJINKAN As seguintes regras devem ser respeitadas pelas pessoas que desejam praticar o Ninjutsu Bujinkan: A Bujinkan est\u00e1 aberta somente \u00e0queles que aceitarem e respeitarem as","protected":false},"author":1,"featured_media":0,"parent":0,"menu_order":0,"comment_status":"closed","ping_status":"closed","template":"","meta":{"footnotes":""},"class_list":["post-1605","page","type-page","status-publish","hentry"],"yoast_head":"<!-- This site is optimized with the Yoast SEO plugin v27.5 - https:\/\/yoast.com\/product\/yoast-seo-wordpress\/ -->\n<title>Regras de Participa\u00e7\u00e3o da Bujinkan - SHINB\u014c RY\u016a NINJUTSU | SHINMURY\u014c D\u014cJ\u014c<\/title>\n<meta name=\"robots\" content=\"index, follow, max-snippet:-1, max-image-preview:large, max-video-preview:-1\" \/>\n<link rel=\"canonical\" href=\"https:\/\/shinmuryodojo.com\/en\/regras-da-bujinkan\/\" \/>\n<meta property=\"og:locale\" content=\"en_US\" \/>\n<meta property=\"og:type\" content=\"article\" \/>\n<meta property=\"og:title\" content=\"Regras de Participa\u00e7\u00e3o da Bujinkan - SHINB\u014c RY\u016a NINJUTSU | SHINMURY\u014c D\u014cJ\u014c\" \/>\n<meta property=\"og:url\" content=\"https:\/\/shinmuryodojo.com\/en\/regras-da-bujinkan\/\" \/>\n<meta property=\"og:site_name\" content=\"SHINB\u014c RY\u016a NINJUTSU | SHINMURY\u014c D\u014cJ\u014c\" \/>\n<meta property=\"article:publisher\" content=\"https:\/\/www.facebook.com\/BujinkanShinmuryoDojo\" \/>\n<meta property=\"article:modified_time\" content=\"2020-03-08T03:48:57+00:00\" \/>\n<meta name=\"twitter:label1\" content=\"Est. reading time\" \/>\n\t<meta name=\"twitter:data1\" content=\"4 minutes\" \/>\n<script type=\"application\/ld+json\" class=\"yoast-schema-graph\">{\"@context\":\"https:\\\/\\\/schema.org\",\"@graph\":[{\"@type\":\"WebPage\",\"@id\":\"https:\\\/\\\/shinmuryodojo.com\\\/regras-da-bujinkan\\\/\",\"url\":\"https:\\\/\\\/shinmuryodojo.com\\\/regras-da-bujinkan\\\/\",\"name\":\"Regras de Participa\u00e7\u00e3o da Bujinkan - SHINB\u014c RY\u016a NINJUTSU | SHINMURY\u014c D\u014cJ\u014c\",\"isPartOf\":{\"@id\":\"https:\\\/\\\/shinmuryodojo.com\\\/#website\"},\"datePublished\":\"2016-05-06T03:58:26+00:00\",\"dateModified\":\"2020-03-08T03:48:57+00:00\",\"breadcrumb\":{\"@id\":\"https:\\\/\\\/shinmuryodojo.com\\\/regras-da-bujinkan\\\/#breadcrumb\"},\"inLanguage\":\"en-US\",\"potentialAction\":[{\"@type\":\"ReadAction\",\"target\":[\"https:\\\/\\\/shinmuryodojo.com\\\/regras-da-bujinkan\\\/\"]}]},{\"@type\":\"BreadcrumbList\",\"@id\":\"https:\\\/\\\/shinmuryodojo.com\\\/regras-da-bujinkan\\\/#breadcrumb\",\"itemListElement\":[{\"@type\":\"ListItem\",\"position\":1,\"name\":\"In\u00edcio\",\"item\":\"https:\\\/\\\/shinmuryodojo.com\\\/\"},{\"@type\":\"ListItem\",\"position\":2,\"name\":\"Regras de Participa\u00e7\u00e3o da Bujinkan\"}]},{\"@type\":\"WebSite\",\"@id\":\"https:\\\/\\\/shinmuryodojo.com\\\/#website\",\"url\":\"https:\\\/\\\/shinmuryodojo.com\\\/\",\"name\":\"SHINB\u014c RY\u016a NINJUTSU | SHINMURY\u014c D\u014cJ\u014c\",\"description\":\"SHIHAN GALLENI JUNIOR\",\"potentialAction\":[{\"@type\":\"SearchAction\",\"target\":{\"@type\":\"EntryPoint\",\"urlTemplate\":\"https:\\\/\\\/shinmuryodojo.com\\\/?s={search_term_string}\"},\"query-input\":{\"@type\":\"PropertyValueSpecification\",\"valueRequired\":true,\"valueName\":\"search_term_string\"}}],\"inLanguage\":\"en-US\"}]}<\/script>\n<!-- \/ Yoast SEO plugin. -->","yoast_head_json":{"title":"Regras de Participa\u00e7\u00e3o da Bujinkan - SHINB\u014c RY\u016a NINJUTSU | SHINMURY\u014c D\u014cJ\u014c","robots":{"index":"index","follow":"follow","max-snippet":"max-snippet:-1","max-image-preview":"max-image-preview:large","max-video-preview":"max-video-preview:-1"},"canonical":"https:\/\/shinmuryodojo.com\/en\/regras-da-bujinkan\/","og_locale":"en_US","og_type":"article","og_title":"Regras de Participa\u00e7\u00e3o da Bujinkan - SHINB\u014c RY\u016a NINJUTSU | SHINMURY\u014c D\u014cJ\u014c","og_url":"https:\/\/shinmuryodojo.com\/en\/regras-da-bujinkan\/","og_site_name":"SHINB\u014c RY\u016a NINJUTSU | SHINMURY\u014c D\u014cJ\u014c","article_publisher":"https:\/\/www.facebook.com\/BujinkanShinmuryoDojo","article_modified_time":"2020-03-08T03:48:57+00:00","twitter_misc":{"Est. reading time":"4 minutes"},"schema":{"@context":"https:\/\/schema.org","@graph":[{"@type":"WebPage","@id":"https:\/\/shinmuryodojo.com\/regras-da-bujinkan\/","url":"https:\/\/shinmuryodojo.com\/regras-da-bujinkan\/","name":"Regras de Participa\u00e7\u00e3o da Bujinkan - SHINB\u014c RY\u016a NINJUTSU | SHINMURY\u014c D\u014cJ\u014c","isPartOf":{"@id":"https:\/\/shinmuryodojo.com\/#website"},"datePublished":"2016-05-06T03:58:26+00:00","dateModified":"2020-03-08T03:48:57+00:00","breadcrumb":{"@id":"https:\/\/shinmuryodojo.com\/regras-da-bujinkan\/#breadcrumb"},"inLanguage":"en-US","potentialAction":[{"@type":"ReadAction","target":["https:\/\/shinmuryodojo.com\/regras-da-bujinkan\/"]}]},{"@type":"BreadcrumbList","@id":"https:\/\/shinmuryodojo.com\/regras-da-bujinkan\/#breadcrumb","itemListElement":[{"@type":"ListItem","position":1,"name":"In\u00edcio","item":"https:\/\/shinmuryodojo.com\/"},{"@type":"ListItem","position":2,"name":"Regras de Participa\u00e7\u00e3o da Bujinkan"}]},{"@type":"WebSite","@id":"https:\/\/shinmuryodojo.com\/#website","url":"https:\/\/shinmuryodojo.com\/","name":"SHINB\u014c RY\u016a NINJUTSU | SHINMURY\u014c D\u014cJ\u014c","description":"SHIHAN GALLENI JUNIOR","potentialAction":[{"@type":"SearchAction","target":{"@type":"EntryPoint","urlTemplate":"https:\/\/shinmuryodojo.com\/?s={search_term_string}"},"query-input":{"@type":"PropertyValueSpecification","valueRequired":true,"valueName":"search_term_string"}}],"inLanguage":"en-US"}]}},"_links":{"self":[{"href":"https:\/\/shinmuryodojo.com\/en\/wp-json\/wp\/v2\/pages\/1605","targetHints":{"allow":["GET"]}}],"collection":[{"href":"https:\/\/shinmuryodojo.com\/en\/wp-json\/wp\/v2\/pages"}],"about":[{"href":"https:\/\/shinmuryodojo.com\/en\/wp-json\/wp\/v2\/types\/page"}],"author":[{"embeddable":true,"href":"https:\/\/shinmuryodojo.com\/en\/wp-json\/wp\/v2\/users\/1"}],"replies":[{"embeddable":true,"href":"https:\/\/shinmuryodojo.com\/en\/wp-json\/wp\/v2\/comments?post=1605"}],"version-history":[{"count":2,"href":"https:\/\/shinmuryodojo.com\/en\/wp-json\/wp\/v2\/pages\/1605\/revisions"}],"predecessor-version":[{"id":3847,"href":"https:\/\/shinmuryodojo.com\/en\/wp-json\/wp\/v2\/pages\/1605\/revisions\/3847"}],"wp:attachment":[{"href":"https:\/\/shinmuryodojo.com\/en\/wp-json\/wp\/v2\/media?parent=1605"}],"curies":[{"name":"wp","href":"https:\/\/api.w.org\/{rel}","templated":true}]}}